{"id":22457,"date":"2024-04-18T21:22:27","date_gmt":"2024-04-18T18:22:27","guid":{"rendered":"https:\/\/zooprekes24.lt\/produktas\/fitmin-for-life-freeze-dried-ostrich\/"},"modified":"2024-06-22T11:49:49","modified_gmt":"2024-06-22T08:49:49","slug":"fitmin-for-life-liofilizets-strauss","status":"publish","type":"product","link":"https:\/\/zooprekes24.lt\/lv\/produktas\/fitmin-for-life-freeze-dried-ostrich\/","title":{"rendered":"Fitmin for Life L\u012b\u017eiz\u017e\u0101v\u0113ti strausu liofiliz\u0113ti na\u0161\u0137i su\u0146iem un ka\u0137iem 30 g"},"content":{"rendered":"<h3>Fitmin for Life Freeze dried Ostrich ir liofiliz\u0113ts sald\u0113tav\u0101 \u017e\u0101v\u0113ts k\u0101rums, kur\u0101 izmantota saudz\u012bga apstr\u0101des metode, lai saglab\u0101tu ga\u013cas dabisko gar\u0161u. Lieliska izv\u0113le, lai pie\u0161\u0137irtu gar\u0161u j\u016bsu m\u0101jdz\u012bvnieka parastajai bar\u012bbai. Gar\u0161\u012bgs olbaltumvielu avots.<\/h3>\n<ul>\n<li>Arom\u0101tisk\u0101 strausa gard\u0113\u017eu gar\u0161a.<\/li>\n<li>Gar\u0161augi visu vecumu un \u0161\u0137ir\u0146u su\u0146iem un ka\u0137iem.<\/li>\n<li><a href=\"https:\/\/zooprekes24.lt\/lv\/kategorija\/prekes-sunims\/sunu-degustatori\/minksti-kramtalai-sunims\/\" target=\"_blank\" rel=\"noopener\">Lieliski piem\u0113rots apm\u0101c\u012bbai<\/a>par balvu vai gar\u0161\u012bgu na\u0161\u0137i.<\/li>\n<li>\u012apa\u0161i gard\u0101 smar\u017ea un gar\u0161a iepriecin\u0101s pat vispras\u012bg\u0101kos m\u0101jdz\u012bvniekus.<\/li>\n<li>Iepakots \u0113rt\u0101 r\u0101v\u0113jsl\u0113dz\u0113ja tipa iepakojum\u0101, lai gardumi ilg\u0101k saglab\u0101tos svaigi.<\/li>\n<li><a href=\"https:\/\/www.youtube.com\/watch?v=qOBwKKAEfkk\" target=\"_blank\" rel=\"noopener\">Dab\u012bgs produkts, bez graudaugiem un kr\u0101sviel\u0101m.<\/a><\/li>\n<\/ul>","protected":false},"excerpt":{"rendered":"<p>Fitmin for Life Freeze dried Ostrich &#8211; tai \u0161altyje i\u0161d\u017eiovinti skan\u0117stai, kuriems naudojamas \u0161velnus apdorojimo b\u016bdas i\u0161saugantis nat\u016bral\u0173 m\u0117sos skon\u012f. Puikus pasirinkimas norint paskaninti \u012fprasta augintinio \u0117dalo porcij\u0105.\u00a0Gardus vieno baltymo \u0161altinis. Gurmani\u0161kas aromatingos strutienos skonis. Skan\u0117stai pritaikyti vis\u0173 am\u017eiaus grupi\u0173 ir veisli\u0173 \u0161unims ir kat\u0117ms. Tobulai tinka treniravimui, atlygiui arba skaniai u\u017ek\u0105sti. Ypatingai gardus kvapas&#8230;<\/p>","protected":false},"featured_media":21052,"comment_status":"closed","ping_status":"closed","template":"","meta":{"_acf_changed":false,"slim_seo":{"title":"Fitmin for Life Freeze dried Ostrich \u0161altyje\u00a0i\u0161d\u017eiovinti skan\u0117stai \u0161unims ir kat\u0117ms 30 g - Zooprekes24","description":"Fitmin for Life Freeze dried Ostrich ir liofiliz\u0113ts sald\u0113tav\u0101 \u017e\u0101v\u0113ts k\u0101rums, kur\u0101 izmantota saudz\u012bga apstr\u0101des metode, lai saglab\u0101tu ga\u013cas dabisko gar\u0161u. Ide\u0101ls p"},"iawp_total_views":155},"product_brand":[],"product_cat":[9042,9043,9055,72,83,25,9010,9018,8999,29,31,30],"product_tag":[1623,3279,385,386],"class_list":{"0":"post-22457","1":"product","2":"type-product","3":"status-publish","4":"has-post-thumbnail","6":"product_cat-fitmin-for-life-katems","7":"product_cat-fitmin-for-life-sunims","8":"product_cat-isdziovintas-saltyje-maistas","9":"product_cat-kaciu-maistas","10":"product_cat-kaciu-prekiu-gamintojai","11":"product_cat-katems","12":"product_cat-naturalus-skanestai","13":"product_cat-skanestai","14":"product_cat-sunims","15":"product_cat-sunu-maistas","16":"product_cat-sunu-prekiu-gamintojai","17":"product_cat-sunu-skanestai","18":"product_tag-fitmin-skanestai-sunims","19":"product_tag-saltyje-dziovinti-skanestai-sunims","20":"product_tag-skanestas-suns-dresiravimui","21":"product_tag-skanukai-sunims","22":"pa_pasaro-sudetis-paukstiena","23":"pa_pasaro-sudetis-strutiena","24":"pa_prekiu-zenklai-fitmin-for-life","25":"pa_suns-amzius-jauniems","26":"pa_suns-amzius-senjorams","27":"pa_suns-amzius-suaugusiems","28":"pa_suns-amzius-visiems-amziams","29":"pa_veisles-dydis-didelems-veislems","30":"pa_veisles-dydis-mazoms-veislems","31":"pa_veisles-dydis-vidutinems-veislems","32":"pa_veisles-dydis-visu-dydziu-veislems","34":"first","35":"instock","36":"featured","37":"taxable","38":"shipping-taxable","39":"purchasable","40":"product-type-simple"},"acf":[],"_links":{"self":[{"href":"https:\/\/zooprekes24.lt\/lv\/wp-json\/wp\/v2\/product\/22457","targetHints":{"allow":["GET"]}}],"collection":[{"href":"https:\/\/zooprekes24.lt\/lv\/wp-json\/wp\/v2\/product"}],"about":[{"href":"https:\/\/zooprekes24.lt\/lv\/wp-json\/wp\/v2\/types\/product"}],"replies":[{"embeddable":true,"href":"https:\/\/zooprekes24.lt\/lv\/wp-json\/wp\/v2\/comments?post=22457"}],"wp:featuredmedia":[{"embeddable":true,"href":"https:\/\/zooprekes24.lt\/lv\/wp-json\/wp\/v2\/media\/21052"}],"wp:attachment":[{"href":"https:\/\/zooprekes24.lt\/lv\/wp-json\/wp\/v2\/media?parent=22457"}],"wp:term":[{"taxonomy":"product_brand","embeddable":true,"href":"https:\/\/zooprekes24.lt\/lv\/wp-json\/wp\/v2\/product_brand?post=22457"},{"taxonomy":"product_cat","embeddable":true,"href":"https:\/\/zooprekes24.lt\/lv\/wp-json\/wp\/v2\/product_cat?post=22457"},{"taxonomy":"product_tag","embeddable":true,"href":"https:\/\/zooprekes24.lt\/lv\/wp-json\/wp\/v2\/product_tag?post=22457"}],"curies":[{"name":"wp","href":"https:\/\/api.w.org\/{rel}","templated":true}]}}