{"id":22454,"date":"2024-04-18T21:22:27","date_gmt":"2024-04-18T18:22:27","guid":{"rendered":"https:\/\/zooprekes24.lt\/produktas\/brit-vitamins-mobility-papildas-sunims\/"},"modified":"2026-03-31T17:05:38","modified_gmt":"2026-03-31T15:05:38","slug":"brit-vitamini-mobilitates-papildinajums-suniem","status":"publish","type":"product","link":"https:\/\/zooprekes24.lt\/lv\/produktas\/brit-vitamins-mobility-papildas-sunims\/","title":{"rendered":"Brit Vitamins Mobilit\u0101tes uztura bag\u0101tin\u0101t\u0101js su\u0146iem 150 g"},"content":{"rendered":"<h3>Brit Vitamins Mobility ir funkcion\u0101ls, \u0101rstnieciskas formas uztura bag\u0101tin\u0101t\u0101js su\u0146iem, kas veicina vesel\u012bgu kaulu un loc\u012btavu vesel\u012bbu. Ieteicams akt\u012bviem, akt\u012bvi dz\u012bvojo\u0161iem un vingrojo\u0161iem pieaugu\u0161iem su\u0146iem. Piem\u0113rots ar\u012b vec\u0101kiem su\u0146iem, lai atbalst\u012btu kust\u012bgumu.<\/h3>\n<ul>\n<li>Olu \u010daumalas ir dab\u012bgs kalcija avots.<\/li>\n<li>C vitam\u012bns un kolag\u0113ns - pal\u012bdz loc\u012btav\u0101m un c\u012bpsl\u0101m.<\/li>\n<li><a href=\"https:\/\/brit-petfood.com\/en\/\" target=\"_blank\" rel=\"noopener\">Brit<\/a> Vitam\u012bni Mobilit\u0101te <a href=\"https:\/\/zooprekes24.lt\/lv\/kategorija\/prekes-sunims\/\" target=\"_blank\" rel=\"noopener\">Su\u0146iem<\/a> - Bez graudaugiem \/ Bez sojas \/ Bez kr\u0101sviel\u0101m \/ Bez \u0122MO.<\/li>\n<li>MSM, hondroit\u012bns, glikozam\u012bns, \u0161\u0137iedrain\u0101 bosvelija, cirtain\u0101 lapu unkarija - loc\u012btavu atbalsts.<\/li>\n<li>Lasis un j\u016bras a\u013c\u0123es - omega 3 tauksk\u0101bju avots - pretiekaisuma iedarb\u012bba, veicina loc\u012btavu apr\u016bpi.<\/li>\n<\/ul>","protected":false},"excerpt":{"rendered":"<p>Brit Vitamins Mobility &#8211; funkcionalus skan\u0117sto formos maisto papildas \u0161unims skirtas sveikiems kaulams ir s\u0105nariams palaikyti. Rekomenduojama aktyviems, veikliems ir sportuojantiems suaugusiems \u0161unims. Taip pat tinkamas vyresnio am\u017eiaus \u0161un\u0173 judrumui palaikyti. Kiau\u0161ini\u0173 luk\u0161tai \u2013 nat\u016bralus kalcio \u0161altinis. Vitaminas C ir kolagenas \u2013 s\u0105nari\u0173 ir sausgysli\u0173 palaikymas. Brit Vitamins Mobility \u0161unims &#8211; be gr\u016bd\u0173 \/ be&#8230;<\/p>","protected":false},"featured_media":19715,"comment_status":"closed","ping_status":"closed","template":"","meta":{"_acf_changed":false,"slim_seo":{"title":"Brit Vitamins Mobility maisto papildas \u0161unims 150 g - Zooprekes24","description":"Brit Vitamins Mobility ir funkcion\u0101ls, \u0101rstnieciskas formas uztura bag\u0101tin\u0101t\u0101js su\u0146iem, kas veicina vesel\u012bgu kaulu un loc\u012btavu vesel\u012bbu. Ieteicams akt\u012bviem, kust\u012bgiem"},"iawp_total_views":87},"product_brand":[],"product_cat":[9029,32,8999,31,9022],"product_tag":[8219],"class_list":{"0":"post-22454","1":"product","2":"type-product","3":"status-publish","4":"has-post-thumbnail","6":"product_cat-brit-care","7":"product_cat-kitos-sunu-prekes","8":"product_cat-sunims","9":"product_cat-sunu-prekiu-gamintojai","10":"product_cat-vitaminai-ir-papildai-sunims","11":"product_tag-brit-vitaminai-sunu-sanariams","12":"pa_prekiu-zenklai-brit-care","13":"pa_suns-amzius-senjorams","14":"pa_suns-amzius-suaugusiems","15":"pa_veisles-dydis-didelems-veislems","16":"pa_veisles-dydis-mazoms-veislems","17":"pa_veisles-dydis-vidutinems-veislems","18":"pa_veisles-dydis-visu-dydziu-veislems","20":"first","21":"instock","22":"featured","23":"taxable","24":"shipping-taxable","25":"purchasable","26":"product-type-simple"},"acf":[],"_links":{"self":[{"href":"https:\/\/zooprekes24.lt\/lv\/wp-json\/wp\/v2\/product\/22454","targetHints":{"allow":["GET"]}}],"collection":[{"href":"https:\/\/zooprekes24.lt\/lv\/wp-json\/wp\/v2\/product"}],"about":[{"href":"https:\/\/zooprekes24.lt\/lv\/wp-json\/wp\/v2\/types\/product"}],"replies":[{"embeddable":true,"href":"https:\/\/zooprekes24.lt\/lv\/wp-json\/wp\/v2\/comments?post=22454"}],"wp:featuredmedia":[{"embeddable":true,"href":"https:\/\/zooprekes24.lt\/lv\/wp-json\/wp\/v2\/media\/19715"}],"wp:attachment":[{"href":"https:\/\/zooprekes24.lt\/lv\/wp-json\/wp\/v2\/media?parent=22454"}],"wp:term":[{"taxonomy":"product_brand","embeddable":true,"href":"https:\/\/zooprekes24.lt\/lv\/wp-json\/wp\/v2\/product_brand?post=22454"},{"taxonomy":"product_cat","embeddable":true,"href":"https:\/\/zooprekes24.lt\/lv\/wp-json\/wp\/v2\/product_cat?post=22454"},{"taxonomy":"product_tag","embeddable":true,"href":"https:\/\/zooprekes24.lt\/lv\/wp-json\/wp\/v2\/product_tag?post=22454"}],"curies":[{"name":"wp","href":"https:\/\/api.w.org\/{rel}","templated":true}]}}