{"id":22450,"date":"2024-04-18T21:22:27","date_gmt":"2024-04-18T18:22:27","guid":{"rendered":"https:\/\/zooprekes24.lt\/produktas\/fitmin-for-life-duck-fish-skanestai\/"},"modified":"2024-05-22T14:38:04","modified_gmt":"2024-05-22T11:38:04","slug":"fitmin-for-life-pile-zivs-skanestai","status":"publish","type":"product","link":"https:\/\/zooprekes24.lt\/lv\/produktas\/fitmin-for-life-duck-fish-skanestai\/","title":{"rendered":"Fitmin for Life Duck &amp; Fish na\u0161\u0137i su\u0146iem un ka\u0137iem 70 g"},"content":{"rendered":"<h3>Fitmin for Life Duck &amp; Fish - m\u012bksti p\u012bles un zivs gar\u0161as koci\u0146i visu vecumu su\u0146iem. <a href=\"https:\/\/zooprekes24.lt\/lv\/kategorija\/prekes-katems\/\" target=\"_blank\" rel=\"noopener\">ka\u0137iem<\/a> daudz kvalitat\u012bvu olbaltumvielu un maz tauku. Gardumi ir sagriezti mazos gabali\u0146os, kas saglab\u0101 \u012bpa\u0161i gardu gar\u0161u un vilino\u0161u svaigas p\u012bles un zivs smar\u017eu.<\/h3>\n<ul>\n<li>M\u012bkstas, viegli ko\u0161\u013c\u0101jamas.<\/li>\n<li><a href=\"https:\/\/www.fitmin.cz\/p\/ffl-dog-cat-treat-duck-jerky-70g?backlink=172do%3Dsortproductsdo%3Dsortproducts#tabs-4\" target=\"_blank\" rel=\"noopener\">na\u0161\u0137i nesatur kr\u0101svielas, aromatiz\u0113t\u0101jus un graudus.<\/a>.<\/li>\n<li>Iepakots lietot\u0101jam \u0113rt\u0101 r\u0101v\u0113jsl\u0113dz\u0113ja tipa iepakojum\u0101, kas nodro\u0161ina ilgsto\u0161u svaigumu.<\/li>\n<li>Pateicoties to sast\u0101vam un gar\u0161\u012bgajai gar\u0161ai, p\u012b\u013cu un zivju na\u0161\u0137i ir iecien\u012bti pat vispras\u012bg\u0101ko m\u0101jdz\u012bvnieku vid\u016b.<\/li>\n<li>Fitmin for Life Duck &amp; Fish na\u0161\u0137i su\u0146iem un ka\u0137iem ir lieliski piem\u0113roti k\u0101 balva, treni\u0146\u0161 vai gar\u0161\u012bga uzkoda.<\/li>\n<\/ul>","protected":false},"excerpt":{"rendered":"<p>Fitmin for Life Duck &amp; Fish - m\u012bksti p\u012bles un zivs gar\u0161as kodumi visu vecumu su\u0146iem un ka\u0137iem, bag\u0101ti ar kvalitat\u012bv\u0101m olbaltumviel\u0101m un ar zemu tauku saturu. Gardumi ir sagriezti mazos gabali\u0146os, kas saglab\u0101 \u012bpa\u0161i gardu gar\u0161u un vilino\u0161u svaigu p\u012bles un zivs smar\u017eu. M\u012bkstas un viegli ko\u0161\u013c\u0101jamas. Gardumi nesatur kr\u0101svielas, aromatiz\u0113t\u0101jus un graudus. Iepakotas \u0113rt\u0101...<\/p>","protected":false},"featured_media":19710,"comment_status":"closed","ping_status":"closed","template":"","meta":{"_acf_changed":false,"slim_seo":{"title":"Fitmin for Life Duck & Fish skan\u0117stai \u0161unims ir kat\u0117ms 70 g - Zooprekes24","description":"Fitmin for Life Duck &amp; Fish - m\u012bksti p\u012bles un zivs gar\u0161as kodumi visu vecumu su\u0146iem un ka\u0137iem, bag\u0101ti ar kvalitat\u012bv\u0101m olbaltumviel\u0101m un ar zemu tauku saturu. S"},"iawp_total_views":115},"product_brand":[],"product_cat":[9042,9043,72,83,25,9010,9018,8999,31,30],"product_tag":[4512,1618,3559,2008,2013,2023],"class_list":{"0":"post-22450","1":"product","2":"type-product","3":"status-publish","4":"has-post-thumbnail","6":"product_cat-fitmin-for-life-katems","7":"product_cat-fitmin-for-life-sunims","8":"product_cat-kaciu-maistas","9":"product_cat-kaciu-prekiu-gamintojai","10":"product_cat-katems","11":"product_cat-naturalus-skanestai","12":"product_cat-skanestai","13":"product_cat-sunims","14":"product_cat-sunu-prekiu-gamintojai","15":"product_cat-sunu-skanestai","16":"product_tag-antienos-skanestai-katei","17":"product_tag-fitmin-for-life-naturalus-skanestai","18":"product_tag-fitmin-for-life-skanukai-katei","19":"product_tag-kaciu-skanestai","20":"product_tag-naturalus-skanestai-katems","21":"product_tag-traskus-skanestai-katems","22":"pa_pasaro-sudetis-antiena","23":"pa_pasaro-sudetis-zuvis","24":"pa_prekiu-zenklai-fitmin-for-life","25":"pa_suns-amzius-jauniems","26":"pa_suns-amzius-senjorams","27":"pa_suns-amzius-suaugusiems","28":"pa_suns-amzius-visiems-amziams","29":"pa_veisles-dydis-didelems-veislems","30":"pa_veisles-dydis-mazoms-veislems","31":"pa_veisles-dydis-vidutinems-veislems","32":"pa_veisles-dydis-visu-dydziu-veislems","34":"first","35":"instock","36":"featured","37":"taxable","38":"shipping-taxable","39":"purchasable","40":"product-type-simple"},"acf":[],"_links":{"self":[{"href":"https:\/\/zooprekes24.lt\/lv\/wp-json\/wp\/v2\/product\/22450","targetHints":{"allow":["GET"]}}],"collection":[{"href":"https:\/\/zooprekes24.lt\/lv\/wp-json\/wp\/v2\/product"}],"about":[{"href":"https:\/\/zooprekes24.lt\/lv\/wp-json\/wp\/v2\/types\/product"}],"replies":[{"embeddable":true,"href":"https:\/\/zooprekes24.lt\/lv\/wp-json\/wp\/v2\/comments?post=22450"}],"wp:featuredmedia":[{"embeddable":true,"href":"https:\/\/zooprekes24.lt\/lv\/wp-json\/wp\/v2\/media\/19710"}],"wp:attachment":[{"href":"https:\/\/zooprekes24.lt\/lv\/wp-json\/wp\/v2\/media?parent=22450"}],"wp:term":[{"taxonomy":"product_brand","embeddable":true,"href":"https:\/\/zooprekes24.lt\/lv\/wp-json\/wp\/v2\/product_brand?post=22450"},{"taxonomy":"product_cat","embeddable":true,"href":"https:\/\/zooprekes24.lt\/lv\/wp-json\/wp\/v2\/product_cat?post=22450"},{"taxonomy":"product_tag","embeddable":true,"href":"https:\/\/zooprekes24.lt\/lv\/wp-json\/wp\/v2\/product_tag?post=22450"}],"curies":[{"name":"wp","href":"https:\/\/api.w.org\/{rel}","templated":true}]}}