{"id":22448,"date":"2024-04-18T21:22:18","date_gmt":"2024-04-18T18:22:18","guid":{"rendered":"https:\/\/zooprekes24.lt\/produktas\/sanal-seaweed-pasaro-papildas-sunims\/"},"modified":"2025-11-12T15:44:06","modified_gmt":"2025-11-12T13:44:06","slug":"sanal-juras-algu-baribas-piedeva-suniem","status":"publish","type":"product","link":"https:\/\/zooprekes24.lt\/lv\/produktas\/sanal-seaweed-pasaro-papildas-sunims\/","title":{"rendered":"Sanal J\u016bras a\u013c\u0123u bar\u012bbas piedeva su\u0146iem 100 g"},"content":{"rendered":"<h3>Sanal j\u016bras a\u013c\u0123es ir vesel\u012bgs un gar\u0161\u012bgs uztura bag\u0101tin\u0101t\u0101js ar j\u016bras a\u013c\u0123\u0113m, kas stimul\u0113 vielmai\u0146u. Visu \u0161\u0137ir\u0146u un vecumu su\u0146iem. Sast\u0101vda\u013cas bez cukura.<\/h3>\n<ul>\n<li>Papildin\u0101jums ir viegli ko\u0161\u013c\u0101jams.<\/li>\n<li>Ar kalciju stipriem kauliem un zobiem.<\/li>\n<li>Piem\u0113rots vis\u0101m \u0161\u0137irn\u0113m un vecuma grup\u0101m <a href=\"https:\/\/zooprekes24.lt\/lv\/kategorija\/prekes-sunims\/\" target=\"_blank\" rel=\"noopener\">Su\u0146iem<\/a>.<\/li>\n<li>Papildin\u0101jums pal\u012bdz uztur\u0113t vesel\u012bgu un sp\u012bd\u012bgu ka\u017eoku.<\/li>\n<li>Bag\u0101tin\u0101ts ar raugu un B1, B2, B6 un B12 vitam\u012bniem.<\/li>\n<li><a href=\"https:\/\/www.sanal.nl\/en\/\" target=\"_blank\" rel=\"noopener\">Sanal<\/a> J\u016bras a\u013c\u0123es nesatur konservantus, t\u0101p\u0113c produkts ir 100 % dab\u012bgs.<\/li>\n<li>J\u016bras a\u013c\u0123es jau izsenis tiek uzskat\u012btas par vienu no der\u012bg\u0101kajiem p\u0101rtikas augiem uz zemes, jo t\u0101s ir bag\u0101tas ar svar\u012bg\u0101kajiem vitam\u012bniem un miner\u0101lviel\u0101m. Tie stiprina organismu, uzlabo vielmai\u0146u un gremo\u0161anu.<\/li>\n<\/ul>","protected":false},"excerpt":{"rendered":"<p>Sanal Seaweed &#8211; sveikas ir gardus maisto papildas su j\u016br\u0173 dumbliais, skatinan\u010diais med\u017eiag\u0173 apykait\u0105. Skirtas vis\u0173 veisli\u0173 ir am\u017eiaus grupi\u0173 \u0161unims.\u00a0Becukr\u0117 sud\u0117tis. Papildas yra lengvai kramtomas. Su kalciu stipriems kaulams ir dantims. Pritaikytas vis\u0173 veisli\u0173 ir am\u017eiaus grupi\u0173 \u0161unims. Papildas padeda palaikyti sveik\u0105 ir blizg\u0173 kailiuk\u0105. Praturtinta miel\u0117mis ir vitaminais B1, B2, B6 ir B12&#8230;.<\/p>","protected":false},"featured_media":19708,"comment_status":"closed","ping_status":"closed","template":"","meta":{"_acf_changed":false,"slim_seo":{"title":"Sanal Seaweed pa\u0161aro papildas \u0161unims 100 g - Zooprekes24","description":"Sanal j\u016bras a\u013c\u0123es ir vesel\u012bgs un gar\u0161\u012bgs uztura bag\u0101tin\u0101t\u0101js ar j\u016bras a\u013c\u0123\u0113m, kas stimul\u0113 vielmai\u0146u. Visu \u0161\u0137ir\u0146u un vecumu su\u0146iem. Becukre satur"},"iawp_total_views":30},"product_brand":[],"product_cat":[32,8999,9022],"product_tag":[],"class_list":{"0":"post-22448","1":"product","2":"type-product","3":"status-publish","4":"has-post-thumbnail","6":"product_cat-kitos-sunu-prekes","7":"product_cat-sunims","8":"product_cat-vitaminai-ir-papildai-sunims","9":"pa_prekiu-zenklai-sanal","10":"pa_suns-amzius-jauniems","11":"pa_suns-amzius-senjorams","12":"pa_suns-amzius-suaugusiems","13":"pa_suns-amzius-visiems-amziams","14":"pa_veisles-dydis-didelems-veislems","15":"pa_veisles-dydis-mazoms-veislems","16":"pa_veisles-dydis-vidutinems-veislems","17":"pa_veisles-dydis-visu-dydziu-veislems","19":"first","20":"instock","21":"featured","22":"taxable","23":"shipping-taxable","24":"purchasable","25":"product-type-simple"},"acf":[],"_links":{"self":[{"href":"https:\/\/zooprekes24.lt\/lv\/wp-json\/wp\/v2\/product\/22448","targetHints":{"allow":["GET"]}}],"collection":[{"href":"https:\/\/zooprekes24.lt\/lv\/wp-json\/wp\/v2\/product"}],"about":[{"href":"https:\/\/zooprekes24.lt\/lv\/wp-json\/wp\/v2\/types\/product"}],"replies":[{"embeddable":true,"href":"https:\/\/zooprekes24.lt\/lv\/wp-json\/wp\/v2\/comments?post=22448"}],"wp:featuredmedia":[{"embeddable":true,"href":"https:\/\/zooprekes24.lt\/lv\/wp-json\/wp\/v2\/media\/19708"}],"wp:attachment":[{"href":"https:\/\/zooprekes24.lt\/lv\/wp-json\/wp\/v2\/media?parent=22448"}],"wp:term":[{"taxonomy":"product_brand","embeddable":true,"href":"https:\/\/zooprekes24.lt\/lv\/wp-json\/wp\/v2\/product_brand?post=22448"},{"taxonomy":"product_cat","embeddable":true,"href":"https:\/\/zooprekes24.lt\/lv\/wp-json\/wp\/v2\/product_cat?post=22448"},{"taxonomy":"product_tag","embeddable":true,"href":"https:\/\/zooprekes24.lt\/lv\/wp-json\/wp\/v2\/product_tag?post=22448"}],"curies":[{"name":"wp","href":"https:\/\/api.w.org\/{rel}","templated":true}]}}