{"id":22446,"date":"2024-04-18T21:22:18","date_gmt":"2024-04-18T18:22:18","guid":{"rendered":"https:\/\/zooprekes24.lt\/produktas\/sanal-salmon-pasaro-papildas-katems\/"},"modified":"2026-04-13T12:38:10","modified_gmt":"2026-04-13T10:38:10","slug":"sanal-lasa-baribas-piedeva-kakiem","status":"publish","type":"product","link":"https:\/\/zooprekes24.lt\/lv\/produktas\/sanal-salmon-pasaro-papildas-katems\/","title":{"rendered":"Sanal La\u0161a bar\u012bbas piedeva ka\u0137iem 50 g"},"content":{"rendered":"<h3>Sanal Salmon ir vesel\u012bgs un \u013coti gar\u0161\u012bgs uztura bag\u0101tin\u0101t\u0101js, kas bag\u0101ts ar vitam\u012bniem un miner\u0101lviel\u0101m. Tas pal\u012bdz\u0113s j\u016bsu m\u0101jdz\u012bvniekam augt vesel\u012bgam un sp\u0113c\u012bgam un priec\u0113s j\u016bs ar savu ener\u0123iju un rota\u013c\u012bgumu. Sast\u0101vs.<\/h3>\n<ul>\n<li>La\u0161a gar\u0161a.<\/li>\n<li>Ar kalciju stipriem kauliem un zobiem.<\/li>\n<li>Piel\u0101gots no <a href=\"https:\/\/zooprekes24.lt\/lv\/kategorija\/prekes-katems\/\" target=\"_blank\" rel=\"noopener\">ka\u0137iem<\/a> no 6 ned\u0113\u013cu vecuma.<\/li>\n<li>Papildin\u0101jums ir viegli ko\u0161\u013c\u0101jams un sirds formas.<\/li>\n<li>Bag\u0101tin\u0101ts ar raugu un B1, B2, B6 un B12 vitam\u012bniem.<\/li>\n<li><a href=\"https:\/\/www.sanal.nl\/en\/\" target=\"_blank\" rel=\"noopener\">Sanal<\/a> La\u0161i ir dab\u012bgs produkts ar la\u0161a gar\u0161u, t\u0101p\u0113c pat izv\u0113l\u012bgiem ka\u0137iem tas patiks.<\/li>\n<\/ul>","protected":false},"excerpt":{"rendered":"<p>Sanal Salmon ir vesel\u012bgs un \u013coti gar\u0161\u012bgs uztura bag\u0101tin\u0101t\u0101js, kas bag\u0101ts ar vitam\u012bniem un miner\u0101lviel\u0101m. Tas pal\u012bdz\u0113s j\u016bsu m\u0101jdz\u012bvniekam augt vesel\u012bgam un sp\u0113c\u012bgam un priec\u0113s j\u016bs ar savu ener\u0123iju un rota\u013c\u012bgumu. Sast\u0101vs. La\u0161a gar\u0161a. Ar kalciju stipriem kauliem un zobiem. Piem\u0113rots ka\u0137iem no 6 ned\u0113\u013cu vecuma. Papildin\u0101jums ir viegli ko\u0161\u013c\u0101jams un sirds form\u0101. Bag\u0101tin\u0101ts ar raugu un B1, B2, B2 un B2 vitam\u012bniem.....<\/p>","protected":false},"featured_media":19706,"comment_status":"closed","ping_status":"closed","template":"","meta":{"_acf_changed":false,"slim_seo":{"title":"Sanal Salmon pa\u0161aro papildas kat\u0117ms 50 g - Zooprekes24","description":"Sanal Salmon ir vesel\u012bgs un \u013coti gar\u0161\u012bgs uztura bag\u0101tin\u0101t\u0101js, kas bag\u0101ts ar vitam\u012bniem un miner\u0101lviel\u0101m. Tas pal\u012bdz\u0113s j\u016bsu m\u0101jdz\u012bvniekam augt vesel\u012bgam, stipram un laim\u012bgam ar savu ener\u0123iju."},"iawp_total_views":39},"product_brand":[],"product_cat":[72,25,104,9018,9017],"product_tag":[1675],"class_list":{"0":"post-22446","1":"product","2":"type-product","3":"status-publish","4":"has-post-thumbnail","6":"product_cat-kaciu-maistas","7":"product_cat-katems","8":"product_cat-kitos-kaciu-prekes","9":"product_cat-skanestai","10":"product_cat-vitaminai-ir-papildai-katems","11":"product_tag-kaciu-edalas","12":"pa_pasaro-sudetis-lasisa","13":"pa_pasaro-sudetis-zuvis","14":"pa_prekiu-zenklai-sanal","16":"first","17":"outofstock","18":"featured","19":"taxable","20":"shipping-taxable","21":"purchasable","22":"product-type-simple"},"acf":[],"_links":{"self":[{"href":"https:\/\/zooprekes24.lt\/lv\/wp-json\/wp\/v2\/product\/22446","targetHints":{"allow":["GET"]}}],"collection":[{"href":"https:\/\/zooprekes24.lt\/lv\/wp-json\/wp\/v2\/product"}],"about":[{"href":"https:\/\/zooprekes24.lt\/lv\/wp-json\/wp\/v2\/types\/product"}],"replies":[{"embeddable":true,"href":"https:\/\/zooprekes24.lt\/lv\/wp-json\/wp\/v2\/comments?post=22446"}],"wp:featuredmedia":[{"embeddable":true,"href":"https:\/\/zooprekes24.lt\/lv\/wp-json\/wp\/v2\/media\/19706"}],"wp:attachment":[{"href":"https:\/\/zooprekes24.lt\/lv\/wp-json\/wp\/v2\/media?parent=22446"}],"wp:term":[{"taxonomy":"product_brand","embeddable":true,"href":"https:\/\/zooprekes24.lt\/lv\/wp-json\/wp\/v2\/product_brand?post=22446"},{"taxonomy":"product_cat","embeddable":true,"href":"https:\/\/zooprekes24.lt\/lv\/wp-json\/wp\/v2\/product_cat?post=22446"},{"taxonomy":"product_tag","embeddable":true,"href":"https:\/\/zooprekes24.lt\/lv\/wp-json\/wp\/v2\/product_tag?post=22446"}],"curies":[{"name":"wp","href":"https:\/\/api.w.org\/{rel}","templated":true}]}}