{"id":22444,"date":"2024-04-18T21:22:18","date_gmt":"2024-04-18T18:22:18","guid":{"rendered":"https:\/\/zooprekes24.lt\/produktas\/vetocanis-kramtukai-dantims-sunims-m\/"},"modified":"2025-10-24T11:49:35","modified_gmt":"2025-10-24T09:49:35","slug":"vetocanis-zobu-kocini-suniem-m","status":"publish","type":"product","link":"https:\/\/zooprekes24.lt\/lv\/produktas\/vetocanis-kramtukai-dantims-sunims-m\/","title":{"rendered":"Vetocanis kramtukai dantims vidutinio dyd\u017eio veisli\u0173 \u0161unims, 108 g"},"content":{"rendered":"<h3>Vetocanis zobu birstes ko\u0161\u013c\u0101jam\u0101s rota\u013clietas vid\u0113ja lieluma su\u0146iem - zobu birstes formas na\u0161\u0137i, kas pal\u012bdz no\u0146emt zobu aplikumu, bar\u012bbas atliekas un uztur\u0113t svaigu elpu. Dabisk\u0101s akt\u012bv\u0101s sast\u0101vda\u013cas m\u012bkstina un \u0161\u0137\u012bdina zobakmeni, bet fermenti pa\u0101trina bar\u012bbas atlieku no\u0146em\u0161anu. Gar\u0161\u012bga vistas ga\u013cas gar\u0161a.<\/h3>\n<ul>\n<li>4 gab.<\/li>\n<li>Ra\u017eots Francij\u0101 \ud83c\uddeb\ud83c\uddf7<\/li>\n<li>Bez pievienot\u0101 cukura vai graudaugu piedev\u0101m.<\/li>\n<li>Piem\u0113rots vis\u0101m vecuma grup\u0101m.<\/li>\n<li>M\u012bkstina un \u0161\u0137\u012bdina zobu aplikumu.<\/li>\n<li>Lieliska vistas ga\u013cas gar\u0161a, dro\u0161a un viegli sagremojama.<\/li>\n<li>\u012apa\u0161a birstes forma, kas atvieglo satver\u0161anu un ko\u0161\u013c\u0101\u0161anu.<\/li>\n<li>Ko\u0161\u013c\u0101jam\u0101s rota\u013clietas ir paredz\u0113tas vid\u0113ja lieluma \u0161\u0137irn\u0113m (10-20 kg). <a href=\"https:\/\/zooprekes24.lt\/lv\/kategorija\/prekes-sunims\/\" target=\"_blank\" rel=\"noopener\">Su\u0146iem<\/a>.<\/li>\n<li>Samazina sliktu elpu: satur p\u0113ters\u012b\u013cus, piparm\u0113tras un citus dabiskus augu ekstraktus.<\/li>\n<li><a href=\"https:\/\/www.vetocanis.com\" target=\"_blank\" rel=\"noopener\">Vetocanis<\/a> Ko\u0161\u013c\u0101jam\u0101s ko\u0161\u013c\u0101jam\u0101s rota\u013clietas ir iepakotas \u0113rti lietojam\u0101 r\u0101v\u0113jsl\u0113dz\u0113ja tipa iepakojum\u0101, lai produkts ilg\u0101k saglab\u0101tos svaigs.<\/li>\n<li>Optim\u0101lai efektivit\u0101tei ieteicams \u0101rstniecisko l\u012bdzekli lietot divas vai tr\u012bs reizes ned\u0113\u013c\u0101 (p\u0113c \u0113\u0161anas), lai no\u0146emtu aplikumu un uztur\u0113tu labu j\u016bsu m\u012blu\u013ca mutes dobuma higi\u0113nu.<\/li>\n<\/ul>","protected":false},"excerpt":{"rendered":"<p>Vetocanis kramtukai dantims vidutinio dyd\u017eio veisli\u0173 \u0161unims &#8211; dant\u0173 \u0161epet\u0117li\u0173 formos skan\u0117stai padedantys pa\u0161alinti dant\u0173 apna\u0161as, maisto liku\u010dius ir palaikyti gaiv\u0173 burnos kvap\u0105. Nat\u016bralios veikliosios med\u017eiagos mink\u0161tins ir tirpdys dant\u0173 akmenis, o fermentai pagreitins maisto liku\u010di\u0173 pasi\u0161alinim\u0105. Gardaus vi\u0161tienos skonio. Pakuot\u0117je 4 vnt. Pagaminta Pranc\u016bzijoje \ud83c\uddeb\ud83c\uddf7 Be prid\u0117tinio cukraus ar gr\u016bd\u0173. Tinkami visoms am\u017eiaus grup\u0117ms&#8230;.<\/p>","protected":false},"featured_media":19703,"comment_status":"closed","ping_status":"closed","template":"","meta":{"_acf_changed":false,"slim_seo":{"title":"Vetocanis kramtukai dantims vidutinio dyd\u017eio veisli\u0173 \u0161unims, 108 g - Zooprekes24","description":"Vetocanis zobu ko\u0161\u013c\u0101jam\u0101s rota\u013clietas vid\u0113ja lieluma su\u0146iem - zobu birstes formas k\u0101rumi, kas pal\u012bdz no\u0146emt zobu aplikumu, \u0113diena atliekas un uztur\u0113t t\u012br\u012bbu."},"iawp_total_views":118},"product_brand":[],"product_cat":[9039,8999,31,30,9068],"product_tag":[1289,1292],"class_list":{"0":"post-22444","1":"product","2":"type-product","3":"status-publish","4":"has-post-thumbnail","6":"product_cat-kaulai-ir-susukta-oda","7":"product_cat-sunims","8":"product_cat-sunu-prekiu-gamintojai","9":"product_cat-sunu-skanestai","10":"product_cat-vetocanis-sunims","11":"product_tag-gaiviam-suns-burnos-kvapui","12":"product_tag-kauliukai-suns-dantims","13":"pa_pasaro-sudetis-vistiena","14":"pa_prekiu-zenklai-vetocanis","15":"pa_suns-amzius-jauniems","16":"pa_suns-amzius-senjorams","17":"pa_suns-amzius-suaugusiems","18":"pa_suns-amzius-visiems-amziams","19":"pa_veisles-dydis-vidutinems-veislems","21":"first","22":"instock","23":"featured","24":"taxable","25":"shipping-taxable","26":"purchasable","27":"product-type-simple"},"acf":[],"_links":{"self":[{"href":"https:\/\/zooprekes24.lt\/lv\/wp-json\/wp\/v2\/product\/22444","targetHints":{"allow":["GET"]}}],"collection":[{"href":"https:\/\/zooprekes24.lt\/lv\/wp-json\/wp\/v2\/product"}],"about":[{"href":"https:\/\/zooprekes24.lt\/lv\/wp-json\/wp\/v2\/types\/product"}],"replies":[{"embeddable":true,"href":"https:\/\/zooprekes24.lt\/lv\/wp-json\/wp\/v2\/comments?post=22444"}],"wp:featuredmedia":[{"embeddable":true,"href":"https:\/\/zooprekes24.lt\/lv\/wp-json\/wp\/v2\/media\/19703"}],"wp:attachment":[{"href":"https:\/\/zooprekes24.lt\/lv\/wp-json\/wp\/v2\/media?parent=22444"}],"wp:term":[{"taxonomy":"product_brand","embeddable":true,"href":"https:\/\/zooprekes24.lt\/lv\/wp-json\/wp\/v2\/product_brand?post=22444"},{"taxonomy":"product_cat","embeddable":true,"href":"https:\/\/zooprekes24.lt\/lv\/wp-json\/wp\/v2\/product_cat?post=22444"},{"taxonomy":"product_tag","embeddable":true,"href":"https:\/\/zooprekes24.lt\/lv\/wp-json\/wp\/v2\/product_tag?post=22444"}],"curies":[{"name":"wp","href":"https:\/\/api.w.org\/{rel}","templated":true}]}}