{"id":22441,"date":"2024-04-18T21:22:18","date_gmt":"2024-04-18T18:22:18","guid":{"rendered":"https:\/\/zooprekes24.lt\/produktas\/vetocanis-lasiukai-nuo-erkiu-sunims-m\/"},"modified":"2025-10-24T11:34:12","modified_gmt":"2025-10-24T09:34:12","slug":"vetocanis-pret-ercu-spalvam-suniem-m","status":"publish","type":"product","link":"https:\/\/zooprekes24.lt\/lv\/produktas\/vetocanis-lasiukai-nuo-erkiu-sunims-m\/","title":{"rendered":"Vetocanis la\u0161iukai nuo erki\u0173 vidutinio dyd\u017eio veisli\u0173 \u0161unims, N2"},"content":{"rendered":"<h3>Vetocanis la\u0161iukai nuo erki\u0173 vidutinio dyd\u017eio veisli\u0173 \u0161unims &#8211; patikimas ir prakti\u0161kas sprendimas norint apsaugoti augintin\u012f nuo nepageidaujam\u0173 parazit\u0173 toki\u0173 kaip erk\u0117s, blusos ir uodai. Pakuot\u0117 suteikia dviej\u0173 m\u0117nesi\u0173 apsaug\u0105. Pritaikyta naudoti \u0161unims nuo 3 m\u0117nesi\u0173 am\u017eiaus. Kontratakuokite parazitus greitu, saugiu ir nat\u016braliu b\u016bdu.<\/h3>\n<ul>\n<li>Pagaminta Pranc\u016bzijoje \ud83c\uddeb\ud83c\uddf7<\/li>\n<li>Efektyvi apsauga nuo erki\u0173, blus\u0173 ir uod\u0173.<\/li>\n<li>Rinkinyje 2 pipet\u0117s po 3 ml (6 ml tirpalas apsaugo 2 m\u0117nesius).<\/li>\n<li>Skirta visiems vidutinio dyd\u017eio veisli\u0173 (10-20kg) <a href=\"https:\/\/zooprekes24.lt\/kategorija\/prekes-sunims\/?filters=veisles-dydis[238]\" target=\"_blank\" rel=\"noopener\">\u0161unims<\/a> nuo 3 m\u0117nesi\u0173 am\u017eiaus.<\/li>\n<li>Su <a href=\"https:\/\/en.wikipedia.org\/wiki\/Azadirachta_indica\" target=\"_blank\" rel=\"noopener\">Indinio nimbamed\u017eio<\/a> ekstraktu, kuris suteikia nat\u016brali\u0105 augintinio apsaug\u0105 nuo parazit\u0173.<\/li>\n<li>Augalin\u0117s kilm\u0117s, be chemini\u0173 insekticid\u0173, tod\u0117l saugu naudoti jautriems ir alergi\u0161kiems \u0161unims.<\/li>\n<li>Veikli\u0173j\u0173 med\u017eiag\u0173 i\u0161siskyrimas yra laipsni\u0161kas ir pastovus. Optimalus veikimas u\u017etikrinamas 24\/48 valand\u0173 laikotarpyje.<\/li>\n<li>Vetocanis tirpalas i\u0161skiria savo veikli\u0105sias med\u017eiagas per \u0161uns odos riebalin\u012f sluoksn\u012f. Siekiant i\u0161saugoti jo veiksmingum\u0105, nerekomenduojama maudyti augintinio kol priemon\u0117 yra aktyvi.<\/li>\n<\/ul>\n","protected":false},"excerpt":{"rendered":"<p>Vetocanis la\u0161iukai nuo erki\u0173 vidutinio dyd\u017eio veisli\u0173 \u0161unims &#8211; patikimas ir prakti\u0161kas sprendimas norint apsaugoti augintin\u012f nuo nepageidaujam\u0173 parazit\u0173 toki\u0173 kaip erk\u0117s, blusos ir uodai. Pakuot\u0117 suteikia dviej\u0173 m\u0117nesi\u0173 apsaug\u0105. Pritaikyta naudoti \u0161unims nuo 3 m\u0117nesi\u0173 am\u017eiaus. Kontratakuokite parazitus greitu, saugiu ir nat\u016braliu b\u016bdu. Pagaminta Pranc\u016bzijoje \ud83c\uddeb\ud83c\uddf7 Efektyvi apsauga nuo erki\u0173, blus\u0173 ir uod\u0173. Rinkinyje&#8230;<\/p>","protected":false},"featured_media":41941,"comment_status":"closed","ping_status":"closed","template":"","meta":{"_acf_changed":false,"slim_seo":{"title":"Vetocanis la\u0161iukai nuo erki\u0173 vidutinio dyd\u017eio veisli\u0173 \u0161unims, N2 - Zooprekes24","description":"Vetocanis pilieni pret \u0113rc\u0113m vid\u0113ja lieluma su\u0146iem ir uzticams un praktisks risin\u0101jums, lai aizsarg\u0101tu j\u016bsu m\u012bluli no nev\u0113lamiem paraz\u012btiem, piem\u0113ram."},"iawp_total_views":40},"product_brand":[],"product_cat":[32,9026,8999,31,9068],"product_tag":[8142,8167,8168,8169,8170],"class_list":{"0":"post-22441","1":"product","2":"type-product","3":"status-publish","4":"has-post-thumbnail","6":"product_cat-kitos-sunu-prekes","7":"product_cat-prieziuros-priemones-sunims","8":"product_cat-sunims","9":"product_cat-sunu-prekiu-gamintojai","10":"product_cat-vetocanis-sunims","11":"product_tag-antiparazitines-priemones-sunims","12":"product_tag-atbaidantys-lasai-nuo-erkiu-sunims","13":"product_tag-atbaidantys-lasiukai-nuo-erkiu-ir-kitu-parazitu-sunims","14":"product_tag-lasai-nuo-blusu-suniui","15":"product_tag-lasai-nuo-erkiu-sunims","16":"pa_prekiu-zenklai-vetocanis","17":"pa_suns-amzius-jauniems","18":"pa_suns-amzius-senjorams","19":"pa_suns-amzius-suaugusiems","20":"pa_suns-amzius-visiems-amziams","21":"pa_veisles-dydis-vidutinems-veislems","23":"first","24":"instock","25":"featured","26":"taxable","27":"shipping-taxable","28":"purchasable","29":"product-type-simple"},"acf":[],"_links":{"self":[{"href":"https:\/\/zooprekes24.lt\/lv\/wp-json\/wp\/v2\/product\/22441","targetHints":{"allow":["GET"]}}],"collection":[{"href":"https:\/\/zooprekes24.lt\/lv\/wp-json\/wp\/v2\/product"}],"about":[{"href":"https:\/\/zooprekes24.lt\/lv\/wp-json\/wp\/v2\/types\/product"}],"replies":[{"embeddable":true,"href":"https:\/\/zooprekes24.lt\/lv\/wp-json\/wp\/v2\/comments?post=22441"}],"wp:featuredmedia":[{"embeddable":true,"href":"https:\/\/zooprekes24.lt\/lv\/wp-json\/wp\/v2\/media\/41941"}],"wp:attachment":[{"href":"https:\/\/zooprekes24.lt\/lv\/wp-json\/wp\/v2\/media?parent=22441"}],"wp:term":[{"taxonomy":"product_brand","embeddable":true,"href":"https:\/\/zooprekes24.lt\/lv\/wp-json\/wp\/v2\/product_brand?post=22441"},{"taxonomy":"product_cat","embeddable":true,"href":"https:\/\/zooprekes24.lt\/lv\/wp-json\/wp\/v2\/product_cat?post=22441"},{"taxonomy":"product_tag","embeddable":true,"href":"https:\/\/zooprekes24.lt\/lv\/wp-json\/wp\/v2\/product_tag?post=22441"}],"curies":[{"name":"wp","href":"https:\/\/api.w.org\/{rel}","templated":true}]}}