{"id":22436,"date":"2024-04-18T21:22:18","date_gmt":"2024-04-18T18:22:18","guid":{"rendered":"https:\/\/zooprekes24.lt\/produktas\/vetocanis-antkaklis-nuo-erkiu-sunims-s\/"},"modified":"2026-03-23T10:42:40","modified_gmt":"2026-03-23T08:42:40","slug":"vetocanis-pretercu-apkakle-suniem","status":"publish","type":"product","link":"https:\/\/zooprekes24.lt\/lv\/produktas\/vetocanis-antkaklis-nuo-erkiu-sunims-s\/","title":{"rendered":"Vetocanis apkakle pret \u0113rc\u0113m mazo \u0161\u0137ir\u0146u su\u0146iem"},"content":{"rendered":"<h3>Vetocanis antkaklis nuo erki\u0173 ma\u017e\u0173 veisli\u0173 \u0161unims &#8211; patikimas ir prakti\u0161kas sprendimas norint apsaugoti augintin\u012f nuo nepageidaujam\u0173 parazit\u0173 toki\u0173 kaip erk\u0117s, blusos ir uodai. Reguliuojamo dyd\u017eio, atsparus UV spinduliams ir vandeniui, apsaugo iki 3 m\u0117nesi\u0173 laikotarpio. Kontratakuokite parazitus greitu, saugiu ir nat\u016braliu b\u016bdu.<\/h3>\n<ul>\n<li>Pagaminta Pranc\u016bzijoje \ud83c\uddeb\ud83c\uddf7<\/li>\n<li>Atsparus saul\u0117s spinduliams ir vandeniui.<\/li>\n<li>Silikoninis antkaklis segamas ant augintinio kaklo.<\/li>\n<li>Apsaugo nuo erki\u0173, blus\u0173 ir uod\u0173 iki 3 m\u0117nesi\u0173 laikotarpio.<\/li>\n<li>Skirtas visiems ma\u017e\u0173 veisli\u0173 (2-10kg) <a href=\"https:\/\/zooprekes24.lt\/kategorija\/prekes-sunims\/?filters=veisles-dydis[238]\" target=\"_blank\" rel=\"noopener\">\u0161unims<\/a> nuo 2 m\u0117nesi\u0173 am\u017eiaus.<\/li>\n<li>Vetocanis antkaklio ilgis 60 cm (gali b\u016bti reguliuojamas pagal poreik\u012f).<\/li>\n<li>Augalin\u0117s kilm\u0117s, be chemini\u0173 insekticid\u0173, tod\u0117l saugu naudoti jautriems ir alergi\u0161kiems \u0161unims.<\/li>\n<li>Su <a href=\"https:\/\/en.wikipedia.org\/wiki\/Azadirachta_indica\" target=\"_blank\" rel=\"noopener\">Indinio nimbamed\u017eio<\/a> ir levand\u0173 eteriniais aliejais, kurie suteikia nat\u016brali\u0105 augintinio apsaug\u0105 nuo parazit\u0173.<\/li>\n<li>Veikli\u0173j\u0173 med\u017eiag\u0173 i\u0161siskyrimas yra laipsni\u0161kas ir pastovus. Optimalus veikimas u\u017etikrinamas po 48 valand\u0173 nepertraukiamo ne\u0161iojimo.<\/li>\n<\/ul>\n","protected":false},"excerpt":{"rendered":"<p>Vetocanis antkaklis nuo erki\u0173 ma\u017e\u0173 veisli\u0173 \u0161unims &#8211; patikimas ir prakti\u0161kas sprendimas norint apsaugoti augintin\u012f nuo nepageidaujam\u0173 parazit\u0173 toki\u0173 kaip erk\u0117s, blusos ir uodai. Reguliuojamo dyd\u017eio, atsparus UV spinduliams ir vandeniui, apsaugo iki 3 m\u0117nesi\u0173 laikotarpio. Kontratakuokite parazitus greitu, saugiu ir nat\u016braliu b\u016bdu. Pagaminta Pranc\u016bzijoje \ud83c\uddeb\ud83c\uddf7 Atsparus saul\u0117s spinduliams ir vandeniui. Silikoninis antkaklis segamas ant&#8230;<\/p>","protected":false},"featured_media":41939,"comment_status":"closed","ping_status":"closed","template":"","meta":{"_acf_changed":false,"slim_seo":{"title":"Vetocanis antkaklis nuo erki\u0173 ma\u017e\u0173 veisli\u0173 \u0161unims - Zooprekes24","description":"Vetocanis apkakle pret \u0113rc\u0113m mazo \u0161\u0137ir\u0146u su\u0146iem ir uzticams un praktisks risin\u0101jums, lai aizsarg\u0101tu j\u016bsu m\u012bluli no nev\u0113lamiem paraz\u012btiem, piem\u0113ram, \u0113rc\u0113m,"},"iawp_total_views":381},"product_brand":[],"product_cat":[32,9026,8999,31,9068],"product_tag":[8142,8143,8144,8149],"class_list":{"0":"post-22436","1":"product","2":"type-product","3":"status-publish","4":"has-post-thumbnail","6":"product_cat-kitos-sunu-prekes","7":"product_cat-prieziuros-priemones-sunims","8":"product_cat-sunims","9":"product_cat-sunu-prekiu-gamintojai","10":"product_cat-vetocanis-sunims","11":"product_tag-antiparazitines-priemones-sunims","12":"product_tag-antkaklis-nuo-blusu-sunims","13":"product_tag-antkaklis-nuo-erkiu-sunims","14":"product_tag-naturalus-antiparazitinis-antkaklis-sunims","15":"pa_prekiu-zenklai-vetocanis","16":"pa_suns-amzius-jauniems","17":"pa_suns-amzius-senjorams","18":"pa_suns-amzius-suaugusiems","19":"pa_suns-amzius-visiems-amziams","20":"pa_veisles-dydis-mazoms-veislems","22":"first","23":"outofstock","24":"featured","25":"taxable","26":"shipping-taxable","27":"purchasable","28":"product-type-simple"},"acf":[],"_links":{"self":[{"href":"https:\/\/zooprekes24.lt\/lv\/wp-json\/wp\/v2\/product\/22436","targetHints":{"allow":["GET"]}}],"collection":[{"href":"https:\/\/zooprekes24.lt\/lv\/wp-json\/wp\/v2\/product"}],"about":[{"href":"https:\/\/zooprekes24.lt\/lv\/wp-json\/wp\/v2\/types\/product"}],"replies":[{"embeddable":true,"href":"https:\/\/zooprekes24.lt\/lv\/wp-json\/wp\/v2\/comments?post=22436"}],"wp:featuredmedia":[{"embeddable":true,"href":"https:\/\/zooprekes24.lt\/lv\/wp-json\/wp\/v2\/media\/41939"}],"wp:attachment":[{"href":"https:\/\/zooprekes24.lt\/lv\/wp-json\/wp\/v2\/media?parent=22436"}],"wp:term":[{"taxonomy":"product_brand","embeddable":true,"href":"https:\/\/zooprekes24.lt\/lv\/wp-json\/wp\/v2\/product_brand?post=22436"},{"taxonomy":"product_cat","embeddable":true,"href":"https:\/\/zooprekes24.lt\/lv\/wp-json\/wp\/v2\/product_cat?post=22436"},{"taxonomy":"product_tag","embeddable":true,"href":"https:\/\/zooprekes24.lt\/lv\/wp-json\/wp\/v2\/product_tag?post=22436"}],"curies":[{"name":"wp","href":"https:\/\/api.w.org\/{rel}","templated":true}]}}