{"id":22434,"date":"2024-04-18T21:22:18","date_gmt":"2024-04-18T18:22:18","guid":{"rendered":"https:\/\/zooprekes24.lt\/produktas\/vetocanis-antkaklis-nuo-erkiu-kaciukams\/"},"modified":"2025-10-23T13:54:45","modified_gmt":"2025-10-23T11:54:45","slug":"vetocanis-apkakle-pret-ercem-kakiem-2","status":"publish","type":"product","link":"https:\/\/zooprekes24.lt\/lv\/produktas\/vetocanis-antkaklis-nuo-erkiu-kaciukams\/","title":{"rendered":"Vetocanis apkakle pret \u0113rc\u0113m ka\u0137\u0113niem"},"content":{"rendered":"<h3>Vetocanis apkakle pret \u0113rc\u0113m ka\u0137\u0113niem ir uzticams un praktisks risin\u0101jums, lai aizsarg\u0101tu j\u016bsu m\u012bluli no nev\u0113lamiem paraz\u012btiem, piem\u0113ram, \u0113rc\u0113m, blus\u0101m un odiem. Regul\u0113jams izm\u0113rs, UV un \u016bdensiztur\u012bga, aizsarg\u0101 l\u012bdz 3 m\u0113ne\u0161iem. \u0100tra, dro\u0161a un dabiska c\u012b\u0146a pret paraz\u012btiem.<\/h3>\n<ul>\n<li>Ra\u017eots Francij\u0101 \ud83c\uddeb\ud83c\uddf7<\/li>\n<li>Saulei un \u016bdenim iztur\u012bgs.<\/li>\n<li>Silikona apkakle ir piestiprin\u0101ta pie m\u0101jdz\u012bvnieka kakla.<\/li>\n<li>Jaunie\u0161iem <a href=\"https:\/\/zooprekes24.lt\/lv\/?s=ka\u010diukams&amp;post_type=product\" target=\"_blank\" rel=\"noopener\">ka\u0137\u0113niem<\/a> no 3 l\u012bdz 9 m\u0113ne\u0161u vecumam.<\/li>\n<li>Aizsarg\u0101 pret \u0113rc\u0113m, blus\u0101m un odiem l\u012bdz pat 3 m\u0113ne\u0161iem.<\/li>\n<li>Vetocanis apkakles garums ir 35 cm (var piel\u0101got p\u0113c vajadz\u012bbas).<\/li>\n<li>Uz augu b\u0101zes, bez \u0137\u012bmiskiem insektic\u012bdiem, dro\u0161a lieto\u0161anai jut\u012bgiem un aler\u0123iskiem ka\u0137iem.<\/li>\n<li>Ar <a href=\"https:\/\/en.wikipedia.org\/wiki\/Azadirachta_indica\" target=\"_blank\" rel=\"noopener\">Indes nimfas koks<\/a> un lavandas \u0113terisk\u0101s e\u013c\u013cas, kas nodro\u0161ina j\u016bsu m\u0101jdz\u012bvniekam dabisku aizsardz\u012bbu pret paraz\u012btiem.<\/li>\n<li>Akt\u012bv\u0101s vielas izdal\u0101s pak\u0101peniski un past\u0101v\u012bgi. Optim\u0101la veiktsp\u0113ja tiek sasniegta p\u0113c 48 stund\u0101m nep\u0101rtrauktas valk\u0101\u0161anas.<\/li>\n<\/ul>","protected":false},"excerpt":{"rendered":"<p>Vetocanis antkaklis nuo erki\u0173 ka\u010diukams &#8211; patikimas ir prakti\u0161kas sprendimas norint apsaugoti augintin\u012f nuo nepageidaujam\u0173 parazit\u0173 toki\u0173 kaip erk\u0117s, blusos ir uodai. Reguliuojamo dyd\u017eio, atsparus UV spinduliams ir vandeniui, apsaugo iki 3 m\u0117nesi\u0173 laikotarpio. Kontratakuokite parazitus greitu, saugiu ir nat\u016braliu b\u016bdu. Pagaminta Pranc\u016bzijoje \ud83c\uddeb\ud83c\uddf7 Atsparus saul\u0117s spinduliams ir vandeniui. Silikoninis antkaklis segamas ant augintinio kaklo&#8230;.<\/p>","protected":false},"featured_media":41926,"comment_status":"closed","ping_status":"closed","template":"","meta":{"_acf_changed":false,"slim_seo":{"title":"Vetocanis antkaklis nuo erki\u0173 ka\u010diukams - Zooprekes24","description":"Vetocanis apkakle pret \u0113rc\u0113m ka\u0137\u0113niem ir uzticams un praktisks risin\u0101jums, lai pasarg\u0101tu j\u016bsu m\u012bluli no nev\u0113lamiem paraz\u012btiem, piem\u0113ram, \u0113rc\u0113m, blus\u0101m."},"iawp_total_views":102},"product_brand":[],"product_cat":[83,25,104,9070,9025,9069],"product_tag":[8111,8127,8128,8129,8135],"class_list":{"0":"post-22434","1":"product","2":"type-product","3":"status-publish","4":"has-post-thumbnail","6":"product_cat-kaciu-prekiu-gamintojai","7":"product_cat-katems","8":"product_cat-kitos-kaciu-prekes","9":"product_cat-pavadeliai-antkakliai-petnesos-katems","10":"product_cat-prieziuros-priemones-katems","11":"product_cat-vetocanis-katems","12":"product_tag-antiparazitines-priemones-kaciukams","13":"product_tag-antkaklis-nuo-blusu-katems","14":"product_tag-antkaklis-nuo-erkiu-kaciukams","15":"product_tag-antkaklis-nuo-erkiu-katei","16":"product_tag-naturalus-antiparazitinis-antkaklis-katems","17":"pa_prekiu-zenklai-vetocanis","18":"pa_veisles-dydis-didelems-veislems","19":"pa_veisles-dydis-mazoms-veislems","20":"pa_veisles-dydis-vidutinems-veislems","21":"pa_veisles-dydis-visu-dydziu-veislems","23":"first","24":"instock","25":"featured","26":"taxable","27":"shipping-taxable","28":"purchasable","29":"product-type-simple"},"acf":[],"_links":{"self":[{"href":"https:\/\/zooprekes24.lt\/lv\/wp-json\/wp\/v2\/product\/22434","targetHints":{"allow":["GET"]}}],"collection":[{"href":"https:\/\/zooprekes24.lt\/lv\/wp-json\/wp\/v2\/product"}],"about":[{"href":"https:\/\/zooprekes24.lt\/lv\/wp-json\/wp\/v2\/types\/product"}],"replies":[{"embeddable":true,"href":"https:\/\/zooprekes24.lt\/lv\/wp-json\/wp\/v2\/comments?post=22434"}],"wp:featuredmedia":[{"embeddable":true,"href":"https:\/\/zooprekes24.lt\/lv\/wp-json\/wp\/v2\/media\/41926"}],"wp:attachment":[{"href":"https:\/\/zooprekes24.lt\/lv\/wp-json\/wp\/v2\/media?parent=22434"}],"wp:term":[{"taxonomy":"product_brand","embeddable":true,"href":"https:\/\/zooprekes24.lt\/lv\/wp-json\/wp\/v2\/product_brand?post=22434"},{"taxonomy":"product_cat","embeddable":true,"href":"https:\/\/zooprekes24.lt\/lv\/wp-json\/wp\/v2\/product_cat?post=22434"},{"taxonomy":"product_tag","embeddable":true,"href":"https:\/\/zooprekes24.lt\/lv\/wp-json\/wp\/v2\/product_tag?post=22434"}],"curies":[{"name":"wp","href":"https:\/\/api.w.org\/{rel}","templated":true}]}}