{"id":22433,"date":"2024-04-18T21:22:18","date_gmt":"2024-04-18T18:22:18","guid":{"rendered":"https:\/\/zooprekes24.lt\/produktas\/vetocanis-tabletes-nuo-kirminu\/"},"modified":"2026-04-13T12:34:18","modified_gmt":"2026-04-13T10:34:18","slug":"vetocanis-tabletes-pret-tarpu","status":"publish","type":"product","link":"https:\/\/zooprekes24.lt\/lv\/produktas\/vetocanis-tabletes-nuo-kirminu\/","title":{"rendered":"Vetocanis tablet\u0117s nuo kirmin\u0173 \u0161unims ir kat\u0117ms, N30"},"content":{"rendered":"<h3>Vetocanis tabletes pret zarnu t\u0101rpiem visu vecumu un \u0161\u0137ir\u0146u su\u0146iem un ka\u0137iem. Z\u0101\u013cu tablet\u0113s tiek izmantoti efekt\u012bvi augu ekstrakti (r\u016bgtenais, akme\u0146graudu, gran\u0101t\u0101bolu miza), kuru dabisk\u0101s nomierino\u0161\u0101s \u012bpa\u0161\u012bbas tiek izmantotas jau t\u016bksto\u0161iem gadu. \u0100tra, dro\u0161a un dabiska c\u012b\u0146a pret paraz\u012btiem.<\/h3>\n<ul>\n<li>30 tabletes iepakojum\u0101.<\/li>\n<li>Ra\u017eots Francij\u0101 \ud83c\uddeb\ud83c\uddf7<\/li>\n<li>Uzlabo zarnu darb\u012bbu, c\u012bn\u0101s ar zarnu t\u0101rpiem un veicina to izvad\u012b\u0161anu.<\/li>\n<li>Z\u0101\u013cu tabletes ar efekt\u012bviem un dab\u012bgiem augu ekstraktiem ar anest\u0113zijas \u012bpa\u0161\u012bb\u0101m.<\/li>\n<li>Piem\u0113rots visiem vecumiem\/\u0161\u0137irn\u0113m <a href=\"https:\/\/zooprekes24.lt\/lv\/kategorija\/prekes-sunims\/\" target=\"_blank\" rel=\"noopener\">Su\u0146iem<\/a> un <a href=\"https:\/\/zooprekes24.lt\/lv\/kategorija\/prekes-katems\/\" target=\"_blank\" rel=\"noopener\">ka\u0137iem<\/a> (jauniem m\u0101jdz\u012bvniekiem var lietot no pirm\u0101 dz\u012bves m\u0113ne\u0161a).<\/li>\n<li><a href=\"https:\/\/www.vetocanis.com\" target=\"_blank\" rel=\"noopener\">Vetocanis<\/a> Tabletes ir ar ga\u013cas arom\u0101tu, kas nodro\u0161ina vienk\u0101r\u0161u un efekt\u012bvu lieto\u0161anu: ievietojiet tableti dzi\u013ci dz\u012bvnieka mut\u0113 vai sajauciet ar parasto bar\u012bbu. Neaizmirstiet mudin\u0101t m\u0101jdz\u012bvnieku nor\u012bt tableti ar \u016bdeni.<\/li>\n<\/ul>","protected":false},"excerpt":{"rendered":"<p>Vetocanis tabletes pret zarnu t\u0101rpiem visu vecumu un \u0161\u0137ir\u0146u su\u0146iem un ka\u0137iem. Augu izcelsmes tablet\u0113s tiek izmantoti efekt\u012bvi augu ekstrakti (r\u016bgtene, akme\u0146grauzis, gran\u0101t\u0101bolu miza), kuru dabisk\u0101s nomierino\u0161\u0101s \u012bpa\u0161\u012bbas tiek izmantotas jau t\u016bksto\u0161iem gadu. \u0100tra, dro\u0161a un dabiska c\u012b\u0146a pret paraz\u012btiem. Iepakojum\u0101 ir 30 tabletes. Ra\u017eots Francij\u0101 \ud83c\uddeb\ud83c\uddf7 Uzlabo zarnu darb\u012bbu, c\u012bn\u0101s ar zarnu t\u0101rpiem un veicina...<\/p>","protected":false},"featured_media":41957,"comment_status":"closed","ping_status":"closed","template":"","meta":{"_acf_changed":false,"slim_seo":{"title":"Vetocanis tablet\u0117s nuo kirmin\u0173 \u0161unims ir kat\u0117ms, N30 - Zooprekes24","description":"Vetocanis tabletes pret zarnu t\u0101rpiem visu vecumu un \u0161\u0137ir\u0146u su\u0146iem un ka\u0137iem. Augu izcelsmes tablet\u0113s slim\u012bbas \u0101rst\u0113\u0161anai tiek izmantoti efekt\u012bvi augu (paprikas) ekstrakti."},"iawp_total_views":677},"product_brand":[],"product_cat":[83,25,104,32,8999,31,9068,9069,9017,9022],"product_tag":[8111,8112,8113,8114,8115],"class_list":{"0":"post-22433","1":"product","2":"type-product","3":"status-publish","4":"has-post-thumbnail","6":"product_cat-kaciu-prekiu-gamintojai","7":"product_cat-katems","8":"product_cat-kitos-kaciu-prekes","9":"product_cat-kitos-sunu-prekes","10":"product_cat-sunims","11":"product_cat-sunu-prekiu-gamintojai","12":"product_cat-vetocanis-sunims","13":"product_cat-vetocanis-katems","14":"product_cat-vitaminai-ir-papildai-katems","15":"product_cat-vitaminai-ir-papildai-sunims","16":"product_tag-antiparazitines-priemones-kaciukams","17":"product_tag-antiparazitines-priemones-suniukams","18":"product_tag-apsauga-nuo-kirminu-katems","19":"product_tag-apsauga-nuo-kirminu-sunims","20":"product_tag-augalines-tabletes-nuo-kirminu-gyvunams","21":"pa_prekiu-zenklai-vetocanis","22":"pa_suns-amzius-jauniems","23":"pa_suns-amzius-senjorams","24":"pa_suns-amzius-suaugusiems","25":"pa_suns-amzius-visiems-amziams","26":"pa_veisles-dydis-didelems-veislems","27":"pa_veisles-dydis-mazoms-veislems","28":"pa_veisles-dydis-vidutinems-veislems","29":"pa_veisles-dydis-visu-dydziu-veislems","31":"first","32":"outofstock","33":"featured","34":"taxable","35":"shipping-taxable","36":"purchasable","37":"product-type-simple"},"acf":[],"_links":{"self":[{"href":"https:\/\/zooprekes24.lt\/lv\/wp-json\/wp\/v2\/product\/22433","targetHints":{"allow":["GET"]}}],"collection":[{"href":"https:\/\/zooprekes24.lt\/lv\/wp-json\/wp\/v2\/product"}],"about":[{"href":"https:\/\/zooprekes24.lt\/lv\/wp-json\/wp\/v2\/types\/product"}],"replies":[{"embeddable":true,"href":"https:\/\/zooprekes24.lt\/lv\/wp-json\/wp\/v2\/comments?post=22433"}],"wp:featuredmedia":[{"embeddable":true,"href":"https:\/\/zooprekes24.lt\/lv\/wp-json\/wp\/v2\/media\/41957"}],"wp:attachment":[{"href":"https:\/\/zooprekes24.lt\/lv\/wp-json\/wp\/v2\/media?parent=22433"}],"wp:term":[{"taxonomy":"product_brand","embeddable":true,"href":"https:\/\/zooprekes24.lt\/lv\/wp-json\/wp\/v2\/product_brand?post=22433"},{"taxonomy":"product_cat","embeddable":true,"href":"https:\/\/zooprekes24.lt\/lv\/wp-json\/wp\/v2\/product_cat?post=22433"},{"taxonomy":"product_tag","embeddable":true,"href":"https:\/\/zooprekes24.lt\/lv\/wp-json\/wp\/v2\/product_tag?post=22433"}],"curies":[{"name":"wp","href":"https:\/\/api.w.org\/{rel}","templated":true}]}}