{"id":22431,"date":"2024-04-18T21:22:18","date_gmt":"2024-04-18T18:22:18","guid":{"rendered":"https:\/\/zooprekes24.lt\/produktas\/vetocanis-ausu-losjonas-sunims-ir-katems\/"},"modified":"2025-10-23T14:15:35","modified_gmt":"2025-10-23T12:15:35","slug":"vetocanis-ausu-losjons-suniem-un-kakiem","status":"publish","type":"product","link":"https:\/\/zooprekes24.lt\/lv\/produktas\/vetocanis-ausu-losjonas-sunims-ir-katems\/","title":{"rendered":"Vetocanis ausu losjons su\u0146iem un ka\u0137iem 60 ml"},"content":{"rendered":"<h3>Vetocanis ausu losjons ir \u012bpa\u0161i izstr\u0101d\u0101ts su\u0146u un ka\u0137u ausu higi\u0113nas uztur\u0113\u0161anai. T\u0101 sast\u0101v\u0101 ir augu ekstrakti ar m\u012bkstino\u0161\u0101m un nomierino\u0161\u0101m \u012bpa\u0161\u012bb\u0101m, lai viegli un dro\u0161i att\u012br\u012btu auss kan\u0101lu bez kairin\u0101juma riska. Efekt\u012bvi no\u0146em ausu vasku atliekas.<\/h3>\n<ul>\n<li>Ra\u017eots Francij\u0101 \ud83c\uddeb\ud83c\uddf7<\/li>\n<li>Att\u012bra un kontrol\u0113 vaska nos\u0113dumus.<\/li>\n<li>Piem\u0113rots visiem vecumiem\/\u0161\u0137irn\u0113m <a href=\"https:\/\/zooprekes24.lt\/lv\/kategorija\/prekes-sunims\/\" target=\"_blank\" rel=\"noopener\">Su\u0146iem<\/a> un <a href=\"https:\/\/zooprekes24.lt\/lv\/kategorija\/prekes-katems\/\" target=\"_blank\" rel=\"noopener\">ka\u0137iem<\/a>.<\/li>\n<li>Nesatur silikonus un parab\u0113nus.<\/li>\n<li>Saudz\u012bgs un efekt\u012bvs l\u012bdzeklis, kas paredz\u0113ts ikdienas ausu kop\u0161anai.<\/li>\n<li>Maig\u0101 formula dro\u0161i un efekt\u012bvi no\u0146em ausu vasku atliekas.<\/li>\n<li><a href=\"https:\/\/www.vetocanis.com\" target=\"_blank\" rel=\"noopener\">Vetocanis<\/a> Ausu losjons ir bag\u0101tin\u0101ts ar augu ekstraktiem (kli\u0146\u0123er\u012btes, \u0100zijas kli\u0146\u0123er\u012btes), kas paz\u012bstami ar m\u012bkstino\u0161\u0101m un nomierino\u0161\u0101m \u012bpa\u0161\u012bb\u0101m.<\/li>\n<\/ul>","protected":false},"excerpt":{"rendered":"<p>Vetocanis aus\u0173 losjonas specialiai sukurtas \u0161un\u0173 ir ka\u010di\u0173 aus\u0173 higienai palaikyti. Produkto sud\u0117tis papildyta augal\u0173 ekstraktais, pasi\u017eymin\u010diais mink\u0161tinan\u010diomis ir raminan\u010diomis savyb\u0117mis, kuri\u0173 d\u0117ka ausies kanal\u0105 i\u0161valysite lengvai ir saugiai, i\u0161vengiant sudirgimo rizikos. Veiksmingai pa\u0161alina aus\u0173 sieros liku\u010dius. Pagaminta Pranc\u016bzijoje \ud83c\uddeb\ud83c\uddf7 Valo ir kontroliuoja va\u0161ko kaupim\u0105si. Tinka vis\u0173 am\u017ei\u0173\/veisli\u0173 \u0161unims ir kat\u0117ms. Sud\u0117tyje n\u0117ra naudojami silikonai&#8230;<\/p>","protected":false},"featured_media":41932,"comment_status":"closed","ping_status":"closed","template":"","meta":{"_acf_changed":false,"slim_seo":{"title":"Vetocanis aus\u0173 losjonas \u0161unims ir kat\u0117ms 60 ml - Zooprekes24","description":"Vetocanis ausu losjons ir \u012bpa\u0161i izstr\u0101d\u0101ts su\u0146u un ka\u0137u ausu higi\u0113nas uztur\u0113\u0161anai. L\u012bdzek\u013ca sast\u0101vs ir bag\u0101tin\u0101ts ar augu ekstraktiem ar m\u012bkstino\u0161\u0101m \u012bpa\u0161\u012bb\u0101m."},"iawp_total_views":88},"product_brand":[],"product_cat":[83,25,104,32,9025,9026,8999,31,9068,9069],"product_tag":[],"class_list":{"0":"post-22431","1":"product","2":"type-product","3":"status-publish","4":"has-post-thumbnail","6":"product_cat-kaciu-prekiu-gamintojai","7":"product_cat-katems","8":"product_cat-kitos-kaciu-prekes","9":"product_cat-kitos-sunu-prekes","10":"product_cat-prieziuros-priemones-katems","11":"product_cat-prieziuros-priemones-sunims","12":"product_cat-sunims","13":"product_cat-sunu-prekiu-gamintojai","14":"product_cat-vetocanis-sunims","15":"product_cat-vetocanis-katems","16":"pa_prekiu-zenklai-vetocanis","17":"pa_suns-amzius-jauniems","18":"pa_suns-amzius-senjorams","19":"pa_suns-amzius-suaugusiems","20":"pa_suns-amzius-visiems-amziams","21":"pa_veisles-dydis-didelems-veislems","22":"pa_veisles-dydis-mazoms-veislems","23":"pa_veisles-dydis-vidutinems-veislems","24":"pa_veisles-dydis-visu-dydziu-veislems","26":"first","27":"instock","28":"featured","29":"taxable","30":"shipping-taxable","31":"purchasable","32":"product-type-simple"},"acf":[],"_links":{"self":[{"href":"https:\/\/zooprekes24.lt\/lv\/wp-json\/wp\/v2\/product\/22431","targetHints":{"allow":["GET"]}}],"collection":[{"href":"https:\/\/zooprekes24.lt\/lv\/wp-json\/wp\/v2\/product"}],"about":[{"href":"https:\/\/zooprekes24.lt\/lv\/wp-json\/wp\/v2\/types\/product"}],"replies":[{"embeddable":true,"href":"https:\/\/zooprekes24.lt\/lv\/wp-json\/wp\/v2\/comments?post=22431"}],"wp:featuredmedia":[{"embeddable":true,"href":"https:\/\/zooprekes24.lt\/lv\/wp-json\/wp\/v2\/media\/41932"}],"wp:attachment":[{"href":"https:\/\/zooprekes24.lt\/lv\/wp-json\/wp\/v2\/media?parent=22431"}],"wp:term":[{"taxonomy":"product_brand","embeddable":true,"href":"https:\/\/zooprekes24.lt\/lv\/wp-json\/wp\/v2\/product_brand?post=22431"},{"taxonomy":"product_cat","embeddable":true,"href":"https:\/\/zooprekes24.lt\/lv\/wp-json\/wp\/v2\/product_cat?post=22431"},{"taxonomy":"product_tag","embeddable":true,"href":"https:\/\/zooprekes24.lt\/lv\/wp-json\/wp\/v2\/product_tag?post=22431"}],"curies":[{"name":"wp","href":"https:\/\/api.w.org\/{rel}","templated":true}]}}