{"id":22430,"date":"2024-04-18T21:22:18","date_gmt":"2024-04-18T18:22:18","guid":{"rendered":"https:\/\/zooprekes24.lt\/produktas\/vetocanis-dantu-prieziuros-rinkinys\/"},"modified":"2025-10-23T14:08:23","modified_gmt":"2025-10-23T12:08:23","slug":"vetocanis-zobu-kopsanas-komplekts","status":"publish","type":"product","link":"https:\/\/zooprekes24.lt\/lv\/produktas\/vetocanis-dantu-prieziuros-rinkinys\/","title":{"rendered":"Vetocanis zobu kop\u0161anas komplekts su\u0146iem"},"content":{"rendered":"<h3>Vetocanis zobu kop\u0161anas komplekts su\u0146iem - zobu pasta, dubult\u0101 birste un uzpirkstenis - ir r\u012bki, kas pal\u012bdz\u0113s jums uztur\u0113t j\u016bsu m\u012blu\u013ca zobus veselus un svaigu elpu.<\/h3>\n<ul>\n<li>Ra\u017eots Francij\u0101 \ud83c\uddeb\ud83c\uddf7<\/li>\n<li>Tas ir dro\u0161s produkts, t\u0101p\u0113c nav j\u0101uztraucas, ka j\u016bsu m\u012blulis var\u0113tu nor\u012bt pastu.<\/li>\n<li><a href=\"https:\/\/www.vetocanis.com\" target=\"_blank\" rel=\"noopener\">Vetocanis<\/a> zobu kop\u0161anas komplekts ir piem\u0113rots vis\u0101m \u0161\u0137irn\u0113m <a href=\"https:\/\/zooprekes24.lt\/lv\/kategorija\/prekes-sunims\/\" target=\"_blank\" rel=\"noopener\">Su\u0146iem<\/a> no 2 m\u0113ne\u0161u vecuma.<\/li>\n<li>Zobu pasta ar pievilc\u012bgu cepumu gar\u0161u atvieglos ritu\u0101lu un nodro\u0161in\u0101s j\u016bsu m\u012blulim pozit\u012bvu pieredzi \ud83d\ude42<\/li>\n<li>Regul\u0101ra su\u0146u zobu pastas lieto\u0161ana var pal\u012bdz\u0113t nov\u0113rst zobu aplikuma un zobakmens veido\u0161anos, nov\u0113rst sliktu elpu un no\u0146emt \u0113diena paliekas.<\/li>\n<\/ul>\n<h3>Zobu kop\u0161anas komplekt\u0101 ietilpst:<\/h3>\n<ul>\n<li>Zobu pasta - ar efekt\u012bvu formulu un pievilc\u012bgu cepumu gar\u0161u, kas pal\u012bdz c\u012bn\u012bties ar zobu aplikumu. 85 g t\u016bbi\u0146\u0101.<\/li>\n<li>Divgalvaina zobu birste - piel\u0101gojas visiem su\u0146u \u017eok\u013cu izm\u0113riem un nodro\u0161ina r\u016bp\u012bgu zobu t\u012br\u012b\u0161anu, nodro\u0161inot \u0101tru un efekt\u012bvu darb\u012bbu.<\/li>\n<li>Uzpirkstenis - jut\u012bgiem su\u0146iem ieteicams izmantot m\u012bkstu pirkstu spilventi\u0146u, kas \u013cauj viegli kontrol\u0113t, cik liels spiediens tiek izdar\u012bts uz j\u016bsu m\u012blu\u013ca zobiem un smagan\u0101m.<\/li>\n<\/ul>","protected":false},"excerpt":{"rendered":"<p>Vetocanis dant\u0173 prie\u017ei\u016bros rinkinys \u0161unims &#8211; dant\u0173 pasta, dvigubas \u0161epet\u0117lis ir antpir\u0161tis &#8211; priemon\u0117s, kurios pad\u0117s palaikyti ne tik sveikus augintinio dantis bet ir gaiv\u0173 burnos kvap\u0105. Pagaminta Pranc\u016bzijoje \ud83c\uddeb\ud83c\uddf7 Saugus produktas, tad n\u0117ra poreikio baimintis jog augintinis nurys past\u0105. Vetocanis dant\u0173 prie\u017ei\u016bros rinkinys pritaikytas vis\u0173 veisli\u0173 \u0161unims nuo 2 m\u0117nesi\u0173 am\u017eiaus. Dant\u0173 pasta su&#8230;<\/p>","protected":false},"featured_media":41929,"comment_status":"closed","ping_status":"closed","template":"","meta":{"_acf_changed":false,"slim_seo":{"title":"Vetocanis dant\u0173 prie\u017ei\u016bros rinkinys \u0161unims - Zooprekes24","description":"Vetocanis Zobu kop\u0161anas komplekts su\u0146iem - zobu pasta, dubult\u0101 birste un uzpirkstenis - l\u012bdzek\u013ci, kas pal\u012bdz uztur\u0113t j\u016bsu m\u012blu\u013ca zobus veselus."},"iawp_total_views":136},"product_brand":[],"product_cat":[32,9026,8999,31,9068],"product_tag":[1289],"class_list":{"0":"post-22430","1":"product","2":"type-product","3":"status-publish","4":"has-post-thumbnail","6":"product_cat-kitos-sunu-prekes","7":"product_cat-prieziuros-priemones-sunims","8":"product_cat-sunims","9":"product_cat-sunu-prekiu-gamintojai","10":"product_cat-vetocanis-sunims","11":"product_tag-gaiviam-suns-burnos-kvapui","12":"pa_prekiu-zenklai-vetocanis","13":"pa_suns-amzius-jauniems","14":"pa_suns-amzius-senjorams","15":"pa_suns-amzius-suaugusiems","16":"pa_suns-amzius-visiems-amziams","17":"pa_veisles-dydis-didelems-veislems","18":"pa_veisles-dydis-mazoms-veislems","19":"pa_veisles-dydis-vidutinems-veislems","20":"pa_veisles-dydis-visu-dydziu-veislems","22":"first","23":"instock","24":"featured","25":"taxable","26":"shipping-taxable","27":"purchasable","28":"product-type-simple"},"acf":[],"_links":{"self":[{"href":"https:\/\/zooprekes24.lt\/lv\/wp-json\/wp\/v2\/product\/22430","targetHints":{"allow":["GET"]}}],"collection":[{"href":"https:\/\/zooprekes24.lt\/lv\/wp-json\/wp\/v2\/product"}],"about":[{"href":"https:\/\/zooprekes24.lt\/lv\/wp-json\/wp\/v2\/types\/product"}],"replies":[{"embeddable":true,"href":"https:\/\/zooprekes24.lt\/lv\/wp-json\/wp\/v2\/comments?post=22430"}],"wp:featuredmedia":[{"embeddable":true,"href":"https:\/\/zooprekes24.lt\/lv\/wp-json\/wp\/v2\/media\/41929"}],"wp:attachment":[{"href":"https:\/\/zooprekes24.lt\/lv\/wp-json\/wp\/v2\/media?parent=22430"}],"wp:term":[{"taxonomy":"product_brand","embeddable":true,"href":"https:\/\/zooprekes24.lt\/lv\/wp-json\/wp\/v2\/product_brand?post=22430"},{"taxonomy":"product_cat","embeddable":true,"href":"https:\/\/zooprekes24.lt\/lv\/wp-json\/wp\/v2\/product_cat?post=22430"},{"taxonomy":"product_tag","embeddable":true,"href":"https:\/\/zooprekes24.lt\/lv\/wp-json\/wp\/v2\/product_tag?post=22430"}],"curies":[{"name":"wp","href":"https:\/\/api.w.org\/{rel}","templated":true}]}}