{"id":22422,"date":"2024-04-18T21:22:10","date_gmt":"2024-04-18T18:22:10","guid":{"rendered":"https:\/\/zooprekes24.lt\/produktas\/sanal-trainers-mini-bones-sunu-skanestai\/"},"modified":"2024-09-09T13:22:46","modified_gmt":"2024-09-09T10:22:46","slug":"sanal-trainers-mini-kauli-sunu-bariba","status":"publish","type":"product","link":"https:\/\/zooprekes24.lt\/lv\/produktas\/sanal-trainers-mini-bones-sunu-skanestai\/","title":{"rendered":"Sanal Trainers Mini Bones su\u0146u na\u0161\u0137i dres\u016brai 300 g"},"content":{"rendered":"<h3>Sanal Trainers Mini Bones - m\u012bksti, kauli\u0146u formas k\u0101rumi ar vistas ga\u013cu visu vecumu un mazo \u0161\u0137ir\u0146u su\u0146iem. Izstr\u0101d\u0101tas k\u0101 ide\u0101la balva treni\u0146u un izst\u0101\u017eu laik\u0101 vai vienk\u0101r\u0161i k\u0101 ikdienas na\u0161\u0137is.<\/h3>\n<ul>\n<li>Gar\u0161\u012bgs vistas ga\u013cas arom\u0101ts.<\/li>\n<li>Ekonomisks 300 g iepakojums.<\/li>\n<li>Ide\u0101la izv\u0113le <a href=\"https:\/\/zooprekes24.lt\/lv\/kategorija\/prekes-sunims\/sunu-degustatori\/minksti-kramtalai-sunims\/\" target=\"_blank\" rel=\"noopener\">treni\u0146iem un dres\u016brai.<\/a><\/li>\n<li>Piem\u0113rots visu vecumu su\u0146iem, maz\u0101m \u0161\u0137irn\u0113m.<\/li>\n<li><a href=\"https:\/\/www.sanal.nl\/en\/\" target=\"_blank\" rel=\"noopener\">Sanal<\/a> Treneru Mini Bones na\u0161\u0137i ir iepakoti cie\u0161i nosl\u0113gt\u0101 spain\u012bt\u012b, t\u0101p\u0113c produkta svaigums ir lieliski saglab\u0101ts.<\/li>\n<\/ul>","protected":false},"excerpt":{"rendered":"<p>Sanal Trainers Mini Bones &#8211; mink\u0161ti, kauliuko formos skan\u0117stai su vi\u0161tiena vis\u0173 am\u017eiaus grupi\u0173, ma\u017e\u0173 veisli\u0173 \u0161unims. Sukurti kaip tobulas atlygis dresavimo ir parod\u0173 metu arba tiesiog kaip kasdienis u\u017ekandis. Gardaus vi\u0161tienos skonio. Ekonomi\u0161ka 300 g pakuot\u0117. Idealus pasirinkimas treniruot\u0117ms ir dres\u016brai. Pritaikyti vis\u0173 am\u017eiaus grupi\u0173, ma\u017e\u0173 veisli\u0173 \u0161unims. Sanal Trainers Mini Bones skan\u0117stai supakuoti&#8230;<\/p>","protected":false},"featured_media":19651,"comment_status":"closed","ping_status":"closed","template":"","meta":{"_acf_changed":false,"slim_seo":{"title":"Sanal Trainers Mini Bones \u0161un\u0173 skan\u0117stai dres\u016brai 300 g - Zooprekes24","description":"Sanal Trainers Mini Bones - m\u012bksti, kauli\u0146u formas k\u0101rumi ar vistas ga\u013cu visu vecumu un mazo \u0161\u0137ir\u0146u su\u0146iem. Izstr\u0101d\u0101ti k\u0101 ide\u0101la balva treni\u0146iem un p"},"iawp_total_views":64},"product_brand":[],"product_cat":[9030,8999,30],"product_tag":[385,386],"class_list":{"0":"post-22422","1":"product","2":"type-product","3":"status-publish","4":"has-post-thumbnail","6":"product_cat-minksti-kramtalai","7":"product_cat-sunims","8":"product_cat-sunu-skanestai","9":"product_tag-skanestas-suns-dresiravimui","10":"product_tag-skanukai-sunims","11":"pa_pasaro-sudetis-vistiena","12":"pa_prekiu-zenklai-sanal","13":"pa_suns-amzius-jauniems","14":"pa_suns-amzius-senjorams","15":"pa_suns-amzius-suaugusiems","16":"pa_suns-amzius-visiems-amziams","17":"pa_veisles-dydis-mazoms-veislems","19":"first","20":"instock","21":"featured","22":"taxable","23":"shipping-taxable","24":"purchasable","25":"product-type-simple"},"acf":[],"_links":{"self":[{"href":"https:\/\/zooprekes24.lt\/lv\/wp-json\/wp\/v2\/product\/22422","targetHints":{"allow":["GET"]}}],"collection":[{"href":"https:\/\/zooprekes24.lt\/lv\/wp-json\/wp\/v2\/product"}],"about":[{"href":"https:\/\/zooprekes24.lt\/lv\/wp-json\/wp\/v2\/types\/product"}],"replies":[{"embeddable":true,"href":"https:\/\/zooprekes24.lt\/lv\/wp-json\/wp\/v2\/comments?post=22422"}],"wp:featuredmedia":[{"embeddable":true,"href":"https:\/\/zooprekes24.lt\/lv\/wp-json\/wp\/v2\/media\/19651"}],"wp:attachment":[{"href":"https:\/\/zooprekes24.lt\/lv\/wp-json\/wp\/v2\/media?parent=22422"}],"wp:term":[{"taxonomy":"product_brand","embeddable":true,"href":"https:\/\/zooprekes24.lt\/lv\/wp-json\/wp\/v2\/product_brand?post=22422"},{"taxonomy":"product_cat","embeddable":true,"href":"https:\/\/zooprekes24.lt\/lv\/wp-json\/wp\/v2\/product_cat?post=22422"},{"taxonomy":"product_tag","embeddable":true,"href":"https:\/\/zooprekes24.lt\/lv\/wp-json\/wp\/v2\/product_tag?post=22422"}],"curies":[{"name":"wp","href":"https:\/\/api.w.org\/{rel}","templated":true}]}}