{"id":22419,"date":"2024-04-18T21:22:10","date_gmt":"2024-04-18T18:22:10","guid":{"rendered":"https:\/\/zooprekes24.lt\/produktas\/sanal-soft-stick-chicken-skanestas-sunims\/"},"modified":"2024-09-09T13:16:16","modified_gmt":"2024-09-09T10:16:16","slug":"sanal-miksta-nuja-vistas-skanestas-sunims","status":"publish","type":"product","link":"https:\/\/zooprekes24.lt\/lv\/produktas\/sanal-soft-stick-chicken-skanestas-sunims\/","title":{"rendered":"Sanal Soft Stick Chicken su\u0146u k\u0101rums 1 gab."},"content":{"rendered":"<h3>Sanal Soft Stick Chicken ir m\u012bkstas un mazkaloriju vistas ga\u013cas n\u016bji\u0146as visu vecumu un \u0161\u0137ir\u0146u su\u0146iem. \u0160o n\u016bji\u0146u ir viegli sagriezt maz\u0101kos kumosi\u0146os, un t\u0101 ir lieliski piem\u0113rota apbalvo\u0161anai, apm\u0101c\u012bbai vai k\u0101 gar\u0161\u012bgs k\u0101rums.<\/h3>\n<ul>\n<li>Iepakojum\u0101 ir 1 vistas n\u016bji\u0146a.<\/li>\n<li>Papildin\u0101ts ar A, D3, E vitam\u012bniem un L-karnit\u012bnu.<\/li>\n<li>Gar\u0161\u012bgs un maigs k\u0101rums ar 90% ga\u013cu.<\/li>\n<li><a href=\"https:\/\/zooprekes24.lt\/lv\/kategorija\/prekes-sunims\/sunu-degustatori\/minksti-kramtalai-sunims\/\" target=\"_blank\" rel=\"noopener\">Lieliski piem\u0113rots apm\u0101c\u012bbai<\/a>k\u0101 balvu vai papildu uzkodu.<\/li>\n<li><a href=\"https:\/\/www.sanal.nl\/en\/\" target=\"_blank\" rel=\"noopener\">Sanal<\/a> Soft Stick Chicken ir piem\u0113rots visu vecumu un \u0161\u0137ir\u0146u su\u0146iem.<\/li>\n<\/ul>","protected":false},"excerpt":{"rendered":"<p>Sanal Soft Stick Chicken &#8211; mink\u0161ta ir ma\u017eai kalorij\u0173 turinti vi\u0161tienos lazdel\u0117 vis\u0173 am\u017eiaus grupi\u0173 ir veisli\u0173 \u0161unims. \u0160i\u0105 lazdel\u0119 paprasta supjaustyti \u012f ma\u017eesnius k\u0105snelius, tad ji puikiai tiks atlygiui, treniravimui ar skaniam pasigard\u017eiavimui. Pakuot\u0119 sudaro 1 vi\u0161tienos lazdel\u0117. Papildyta vitaminu A, D3, E ir L-karnitinu. Skanus ir mink\u0161tas skan\u0117stas su 90% m\u0117sos. Tobulai tinka&#8230;<\/p>","protected":false},"featured_media":19648,"comment_status":"closed","ping_status":"closed","template":"","meta":{"_acf_changed":false,"slim_seo":{"title":"Sanal Soft Stick Chicken skan\u0117stas \u0161unims 1 vnt - Zooprekes24","description":"Sanal Soft Stick Chicken ir m\u012bkstas un mazkaloriju vistas ga\u013cas n\u016bji\u0146as visu vecumu un \u0161\u0137ir\u0146u su\u0146iem. \u0160o n\u016bji\u0146u ir viegli sagriezt maz\u0101k\u0101s da\u013c\u0101s."},"iawp_total_views":32},"product_brand":[],"product_cat":[9030,8999,30],"product_tag":[385,386],"class_list":{"0":"post-22419","1":"product","2":"type-product","3":"status-publish","4":"has-post-thumbnail","6":"product_cat-minksti-kramtalai","7":"product_cat-sunims","8":"product_cat-sunu-skanestai","9":"product_tag-skanestas-suns-dresiravimui","10":"product_tag-skanukai-sunims","11":"pa_pasaro-sudetis-vistiena","12":"pa_prekiu-zenklai-sanal","13":"pa_suns-amzius-jauniems","14":"pa_suns-amzius-senjorams","15":"pa_suns-amzius-suaugusiems","16":"pa_suns-amzius-visiems-amziams","17":"pa_veisles-dydis-didelems-veislems","18":"pa_veisles-dydis-mazoms-veislems","19":"pa_veisles-dydis-vidutinems-veislems","20":"pa_veisles-dydis-visu-dydziu-veislems","22":"first","23":"instock","24":"featured","25":"taxable","26":"shipping-taxable","27":"purchasable","28":"product-type-simple"},"acf":[],"_links":{"self":[{"href":"https:\/\/zooprekes24.lt\/lv\/wp-json\/wp\/v2\/product\/22419","targetHints":{"allow":["GET"]}}],"collection":[{"href":"https:\/\/zooprekes24.lt\/lv\/wp-json\/wp\/v2\/product"}],"about":[{"href":"https:\/\/zooprekes24.lt\/lv\/wp-json\/wp\/v2\/types\/product"}],"replies":[{"embeddable":true,"href":"https:\/\/zooprekes24.lt\/lv\/wp-json\/wp\/v2\/comments?post=22419"}],"wp:featuredmedia":[{"embeddable":true,"href":"https:\/\/zooprekes24.lt\/lv\/wp-json\/wp\/v2\/media\/19648"}],"wp:attachment":[{"href":"https:\/\/zooprekes24.lt\/lv\/wp-json\/wp\/v2\/media?parent=22419"}],"wp:term":[{"taxonomy":"product_brand","embeddable":true,"href":"https:\/\/zooprekes24.lt\/lv\/wp-json\/wp\/v2\/product_brand?post=22419"},{"taxonomy":"product_cat","embeddable":true,"href":"https:\/\/zooprekes24.lt\/lv\/wp-json\/wp\/v2\/product_cat?post=22419"},{"taxonomy":"product_tag","embeddable":true,"href":"https:\/\/zooprekes24.lt\/lv\/wp-json\/wp\/v2\/product_tag?post=22419"}],"curies":[{"name":"wp","href":"https:\/\/api.w.org\/{rel}","templated":true}]}}