{"id":22415,"date":"2024-04-18T21:22:10","date_gmt":"2024-04-18T18:22:10","guid":{"rendered":"https:\/\/zooprekes24.lt\/produktas\/sanal-tasty-stars-salmon-skanestai-katems\/"},"modified":"2024-09-09T13:21:27","modified_gmt":"2024-09-09T10:21:27","slug":"sanal-garsigas-zvaigznes-lasi-garsigas-zvaigznes-kakiem","status":"publish","type":"product","link":"https:\/\/zooprekes24.lt\/lv\/produktas\/sanal-tasty-stars-salmon-skanestai-katems\/","title":{"rendered":"Sanal Tasty Stars La\u0161a gardumi ka\u0137iem 40 g"},"content":{"rendered":"<h3>Sanal Tasty Stars Salmon - m\u012bksti la\u0161a gar\u0161as k\u0101rumi pieaugu\u0161iem ka\u0137iem. Bez pievienot\u0101 cukura un konservantiem.<\/h3>\n<ul>\n<li>Becukriai.<\/li>\n<li>Gar\u0161\u012bgs la\u0161a arom\u0101ts.<\/li>\n<li>Ar A, D3 un E vitam\u012bniem.<\/li>\n<li>M\u012bkstas un viegli ko\u0161\u013c\u0101jamas.<\/li>\n<li>Piel\u0101gots pieaugu\u0161ajiem <a href=\"https:\/\/zooprekes24.lt\/lv\/kategorija\/prekes-katems\/\" target=\"_blank\" rel=\"noopener\">ka\u0137iem<\/a>.<\/li>\n<li><a href=\"https:\/\/www.sanal.nl\/en\/\" target=\"_blank\" rel=\"noopener\">Sanal<\/a> Tasty Stars gardumi ir iesai\u0146oti \u0113rti lietojamos r\u0101v\u0113jsl\u0113dz\u0113ja tipa iepakojumos, lai saglab\u0101tu svaigumu un kvalit\u0101ti.<\/li>\n<\/ul>","protected":false},"excerpt":{"rendered":"<p>Sanal Tasty Stars Salmon - m\u012bksti la\u0161a gar\u0161as k\u0101rumi pieaugu\u0161iem ka\u0137iem. Bez pievienot\u0101 cukura un konservantiem. Bez cukura. Gar\u0161\u012bga la\u0161a gar\u0161a. Ar A, D3 un E vitam\u012bniem. M\u012bkstas un viegli ko\u0161\u013c\u0101jamas. Piem\u0113rots pieaugu\u0161iem ka\u0137iem. Sanal Tasty Stars na\u0161\u0137i ir iepakoti \u0113rtos r\u0101v\u0113jsl\u0113dz\u0113ja tipa iepakojumos, lai saglab\u0101tu svaigumu un kvalit\u0101ti.<\/p>","protected":false},"featured_media":19644,"comment_status":"closed","ping_status":"closed","template":"","meta":{"_acf_changed":false,"slim_seo":{"title":"Sanal Tasty Stars Salmon skan\u0117stai kat\u0117ms 40 g - Zooprekes24","description":"Sanal Tasty Stars Salmon - m\u012bksti la\u0161a gar\u0161as k\u0101rumi pieaugu\u0161iem ka\u0137iem. Bez pievienot\u0101 cukura un konservantiem. Bez cukura. Gar\u0161\u012bga la\u0161a gar\u0161a. Ar vita"},"iawp_total_views":37},"product_brand":[],"product_cat":[72,25,9018],"product_tag":[1675],"class_list":{"0":"post-22415","1":"product","2":"type-product","3":"status-publish","4":"has-post-thumbnail","6":"product_cat-kaciu-maistas","7":"product_cat-katems","8":"product_cat-skanestai","9":"product_tag-kaciu-edalas","10":"pa_pasaro-sudetis-lasisa","11":"pa_pasaro-sudetis-zuvis","12":"pa_prekiu-zenklai-sanal","14":"first","15":"instock","16":"featured","17":"taxable","18":"shipping-taxable","19":"purchasable","20":"product-type-simple"},"acf":[],"_links":{"self":[{"href":"https:\/\/zooprekes24.lt\/lv\/wp-json\/wp\/v2\/product\/22415","targetHints":{"allow":["GET"]}}],"collection":[{"href":"https:\/\/zooprekes24.lt\/lv\/wp-json\/wp\/v2\/product"}],"about":[{"href":"https:\/\/zooprekes24.lt\/lv\/wp-json\/wp\/v2\/types\/product"}],"replies":[{"embeddable":true,"href":"https:\/\/zooprekes24.lt\/lv\/wp-json\/wp\/v2\/comments?post=22415"}],"wp:featuredmedia":[{"embeddable":true,"href":"https:\/\/zooprekes24.lt\/lv\/wp-json\/wp\/v2\/media\/19644"}],"wp:attachment":[{"href":"https:\/\/zooprekes24.lt\/lv\/wp-json\/wp\/v2\/media?parent=22415"}],"wp:term":[{"taxonomy":"product_brand","embeddable":true,"href":"https:\/\/zooprekes24.lt\/lv\/wp-json\/wp\/v2\/product_brand?post=22415"},{"taxonomy":"product_cat","embeddable":true,"href":"https:\/\/zooprekes24.lt\/lv\/wp-json\/wp\/v2\/product_cat?post=22415"},{"taxonomy":"product_tag","embeddable":true,"href":"https:\/\/zooprekes24.lt\/lv\/wp-json\/wp\/v2\/product_tag?post=22415"}],"curies":[{"name":"wp","href":"https:\/\/api.w.org\/{rel}","templated":true}]}}