{"id":22413,"date":"2024-04-18T21:22:10","date_gmt":"2024-04-18T18:22:10","guid":{"rendered":"https:\/\/zooprekes24.lt\/produktas\/sanal-cream-sticks-chicken-katems\/"},"modified":"2024-09-09T12:52:46","modified_gmt":"2024-09-09T09:52:46","slug":"sanal-krejuma-nujinas-vistas-katem","status":"publish","type":"product","link":"https:\/\/zooprekes24.lt\/lv\/produktas\/sanal-cream-sticks-chicken-katems\/","title":{"rendered":"Sanal Cream Sticks Vistas bieze\u0146a k\u0101rumi ka\u0137iem 75 g"},"content":{"rendered":"<h3>Sanal Cream Sticks Chicken &#8211; vi\u0161tienos skonio kreminiai tyreli\u0173 skan\u0117stai su daug dr\u0117gm\u0117s, kuri yra b\u016btina gerai ka\u010di\u0173 sveikatai. \u0160iuos skan\u0117stus galite naudoti keliais b\u016bdais: duoti lai\u017eyti i\u0161spaudus i\u0161 t\u016bbel\u0117s arba naudoti kaip sauso maisto papild\u0105.<\/h3>\n<ul>\n<li dir=\"ltr\">Vi\u0161tienos skonio.<\/li>\n<li class=\"tw-data-text tw-text-large tw-ta\" dir=\"ltr\">Be prid\u0117tinio cukraus ar konservant\u0173.<\/li>\n<li>Kremin\u0117 tekst\u016bra ir pikanti\u0161kas skonis.<\/li>\n<li class=\"tw-data-text tw-text-large tw-ta\" dir=\"ltr\">Gardus u\u017ekandis <a href=\"https:\/\/zooprekes24.lt\/kategorija\/prekes-katems\/?filters=kates-amzius[381]\" target=\"_blank\" rel=\"noopener\">suaugusioms kat\u0117ms.<\/a><\/li>\n<li dir=\"ltr\"><a href=\"https:\/\/www.sanal.nl\/en\/\" target=\"_blank\" rel=\"noopener\">Sanal<\/a> Cream Sticks Chicken pakuot\u0119 sudaro 5 atskiri pakeliai po 15 g.<\/li>\n<\/ul>\n","protected":false},"excerpt":{"rendered":"<p>Sanal Cream Sticks Chicken &#8211; vi\u0161tienos skonio kreminiai tyreli\u0173 skan\u0117stai su daug dr\u0117gm\u0117s, kuri yra b\u016btina gerai ka\u010di\u0173 sveikatai. \u0160iuos skan\u0117stus galite naudoti keliais b\u016bdais: duoti lai\u017eyti i\u0161spaudus i\u0161 t\u016bbel\u0117s arba naudoti kaip sauso maisto papild\u0105. Vi\u0161tienos skonio. Be prid\u0117tinio cukraus ar konservant\u0173. Kremin\u0117 tekst\u016bra ir pikanti\u0161kas skonis. Gardus u\u017ekandis suaugusioms kat\u0117ms. Sanal Cream Sticks&#8230;<\/p>","protected":false},"featured_media":19641,"comment_status":"closed","ping_status":"closed","template":"","meta":{"_acf_changed":false,"slim_seo":{"title":"Sanal Cream Sticks Chicken tyreli\u0173 skan\u0117stai kat\u0117ms 75 g - Zooprekes24","description":"Sanal Cream Sticks Chicken - vistas arom\u0101ta kr\u0113juma bieze\u0146a k\u0101rumi ar lielu mitruma daudzumu, kas ir b\u016btisks ka\u0137u vesel\u012bbai. J\u016bs varat izmantot \u0161os na\u0161\u0137us"},"iawp_total_views":122},"product_brand":[],"product_cat":[72,25,9018],"product_tag":[1675],"class_list":{"0":"post-22413","1":"product","2":"type-product","3":"status-publish","4":"has-post-thumbnail","6":"product_cat-kaciu-maistas","7":"product_cat-katems","8":"product_cat-skanestai","9":"product_tag-kaciu-edalas","10":"pa_pasaro-sudetis-vistiena","11":"pa_prekiu-zenklai-sanal","13":"first","14":"instock","15":"featured","16":"taxable","17":"shipping-taxable","18":"purchasable","19":"product-type-simple"},"acf":[],"_links":{"self":[{"href":"https:\/\/zooprekes24.lt\/lv\/wp-json\/wp\/v2\/product\/22413","targetHints":{"allow":["GET"]}}],"collection":[{"href":"https:\/\/zooprekes24.lt\/lv\/wp-json\/wp\/v2\/product"}],"about":[{"href":"https:\/\/zooprekes24.lt\/lv\/wp-json\/wp\/v2\/types\/product"}],"replies":[{"embeddable":true,"href":"https:\/\/zooprekes24.lt\/lv\/wp-json\/wp\/v2\/comments?post=22413"}],"wp:featuredmedia":[{"embeddable":true,"href":"https:\/\/zooprekes24.lt\/lv\/wp-json\/wp\/v2\/media\/19641"}],"wp:attachment":[{"href":"https:\/\/zooprekes24.lt\/lv\/wp-json\/wp\/v2\/media?parent=22413"}],"wp:term":[{"taxonomy":"product_brand","embeddable":true,"href":"https:\/\/zooprekes24.lt\/lv\/wp-json\/wp\/v2\/product_brand?post=22413"},{"taxonomy":"product_cat","embeddable":true,"href":"https:\/\/zooprekes24.lt\/lv\/wp-json\/wp\/v2\/product_cat?post=22413"},{"taxonomy":"product_tag","embeddable":true,"href":"https:\/\/zooprekes24.lt\/lv\/wp-json\/wp\/v2\/product_tag?post=22413"}],"curies":[{"name":"wp","href":"https:\/\/api.w.org\/{rel}","templated":true}]}}