{"id":22412,"date":"2024-04-18T21:22:10","date_gmt":"2024-04-18T18:22:10","guid":{"rendered":"https:\/\/zooprekes24.lt\/produktas\/sanal-cream-sticks-salmon-katems\/"},"modified":"2024-09-09T12:53:40","modified_gmt":"2024-09-09T09:53:40","slug":"sanal-krejuma-nujinas-lasa-katemiem","status":"publish","type":"product","link":"https:\/\/zooprekes24.lt\/lv\/produktas\/sanal-cream-sticks-salmon-katems\/","title":{"rendered":"Sanal Cream Sticks La\u0161a bieze\u0146a k\u0101rumi ka\u0137iem 75 g"},"content":{"rendered":"<h3>Sanal Cream Sticks Salmon &#8211; la\u0161i\u0161os skonio kreminiai tyreli\u0173 skan\u0117stai su daug dr\u0117gm\u0117s, kuri yra b\u016btina gerai ka\u010di\u0173 sveikatai. \u0160iuos skan\u0117stus\u00a0galite naudoti keliais b\u016bdais: duoti lai\u017eyti i\u0161spaudus i\u0161 t\u016bbel\u0117s arba naudoti kaip sauso maisto papild\u0105.<\/h3>\n<ul>\n<li dir=\"ltr\">La\u0161i\u0161os skonio.<\/li>\n<li class=\"tw-data-text tw-text-large tw-ta\" dir=\"ltr\">Be prid\u0117tinio cukraus ar konservant\u0173.<\/li>\n<li>Kremin\u0117 tekst\u016bra ir pikanti\u0161kas skonis.<\/li>\n<li class=\"tw-data-text tw-text-large tw-ta\" dir=\"ltr\">Gardus u\u017ekandis <a href=\"https:\/\/zooprekes24.lt\/kategorija\/prekes-katems\/?filters=kates-amzius[381]\" target=\"_blank\" rel=\"noopener\">suaugusioms kat\u0117ms.<\/a><\/li>\n<li dir=\"ltr\"><a href=\"https:\/\/www.sanal.nl\/en\/\" target=\"_blank\" rel=\"noopener\">Sanal<\/a> Cream Sticks Salmon pakuot\u0119 sudaro 5 atskiri pakeliai po 15 g.<\/li>\n<\/ul>\n","protected":false},"excerpt":{"rendered":"<p>Sanal Cream Sticks Salmon &#8211; la\u0161i\u0161os skonio kreminiai tyreli\u0173 skan\u0117stai su daug dr\u0117gm\u0117s, kuri yra b\u016btina gerai ka\u010di\u0173 sveikatai. \u0160iuos skan\u0117stus\u00a0galite naudoti keliais b\u016bdais: duoti lai\u017eyti i\u0161spaudus i\u0161 t\u016bbel\u0117s arba naudoti kaip sauso maisto papild\u0105. La\u0161i\u0161os skonio. Be prid\u0117tinio cukraus ar konservant\u0173. Kremin\u0117 tekst\u016bra ir pikanti\u0161kas skonis. Gardus u\u017ekandis suaugusioms kat\u0117ms. Sanal Cream Sticks Salmon&#8230;<\/p>","protected":false},"featured_media":19639,"comment_status":"closed","ping_status":"closed","template":"","meta":{"_acf_changed":false,"slim_seo":{"title":"Sanal Cream Sticks Salmon tyreli\u0173 skan\u0117stai kat\u0117ms 75 g - Zooprekes24","description":"Sanal Cream Sticks Salmon - la\u0161a gar\u0161as kr\u0113juma bieze\u0146a k\u0101rumi ar daudz mitruma, kas ir \u013coti svar\u012bgs ka\u0137u vesel\u012bbai. \u0160os na\u0161\u0137us var izmantot"},"iawp_total_views":158},"product_brand":[],"product_cat":[72,25,9018],"product_tag":[1675],"class_list":{"0":"post-22412","1":"product","2":"type-product","3":"status-publish","4":"has-post-thumbnail","6":"product_cat-kaciu-maistas","7":"product_cat-katems","8":"product_cat-skanestai","9":"product_tag-kaciu-edalas","10":"pa_pasaro-sudetis-lasisa","11":"pa_pasaro-sudetis-zuvis","12":"pa_prekiu-zenklai-sanal","14":"first","15":"instock","16":"featured","17":"taxable","18":"shipping-taxable","19":"purchasable","20":"product-type-simple"},"acf":[],"_links":{"self":[{"href":"https:\/\/zooprekes24.lt\/lv\/wp-json\/wp\/v2\/product\/22412","targetHints":{"allow":["GET"]}}],"collection":[{"href":"https:\/\/zooprekes24.lt\/lv\/wp-json\/wp\/v2\/product"}],"about":[{"href":"https:\/\/zooprekes24.lt\/lv\/wp-json\/wp\/v2\/types\/product"}],"replies":[{"embeddable":true,"href":"https:\/\/zooprekes24.lt\/lv\/wp-json\/wp\/v2\/comments?post=22412"}],"wp:featuredmedia":[{"embeddable":true,"href":"https:\/\/zooprekes24.lt\/lv\/wp-json\/wp\/v2\/media\/19639"}],"wp:attachment":[{"href":"https:\/\/zooprekes24.lt\/lv\/wp-json\/wp\/v2\/media?parent=22412"}],"wp:term":[{"taxonomy":"product_brand","embeddable":true,"href":"https:\/\/zooprekes24.lt\/lv\/wp-json\/wp\/v2\/product_brand?post=22412"},{"taxonomy":"product_cat","embeddable":true,"href":"https:\/\/zooprekes24.lt\/lv\/wp-json\/wp\/v2\/product_cat?post=22412"},{"taxonomy":"product_tag","embeddable":true,"href":"https:\/\/zooprekes24.lt\/lv\/wp-json\/wp\/v2\/product_tag?post=22412"}],"curies":[{"name":"wp","href":"https:\/\/api.w.org\/{rel}","templated":true}]}}