{"id":22410,"date":"2024-04-18T21:22:10","date_gmt":"2024-04-18T18:22:10","guid":{"rendered":"https:\/\/zooprekes24.lt\/produktas\/cats-best-universal-kraikas-20l\/"},"modified":"2026-03-12T09:51:33","modified_gmt":"2026-03-12T07:51:33","slug":"kaku-labakais-universalais-pakaiss-20l","status":"publish","type":"product","link":"https:\/\/zooprekes24.lt\/lv\/produktas\/cats-best-universal-kraikas-20l\/","title":{"rendered":"Cats Best Univers\u0101ls ka\u0137u, grauz\u0113ju un putnu pakai\u0161s 20L"},"content":{"rendered":"<h3>Cats Best Universal ir augstas kvalit\u0101tes, univers\u0101ls, higi\u0113nisks minigranulu pakai\u0161s, kas izgatavots no 100 % organisk\u0101s \u0161\u0137iedras. Ieteicams \u012bpa\u0161niekiem ar da\u017e\u0101diem maziem m\u0101jdz\u012bvniekiem. Tam ir \u013coti augsta uzs\u016bktsp\u0113ja. Nr. 1 organisk\u0101 pakai\u0161u pakl\u0101ja Eirop\u0101.<\/h3>\n<ul>\n<li>Ne dejo\u0161ana.<\/li>\n<li>Saudz\u012bgi pret dz\u012bvnieka k\u0101j\u0101m.<\/li>\n<li>\u013boti \u0101tra un laba mitruma absorbcija.<\/li>\n<li>Biolo\u0123iski no\u0101rd\u0101s un ir dro\u0161i izskalojami tualet\u0113.<\/li>\n<li>Piln\u012bb\u0101 ilgtsp\u0113j\u012bgs:\u00a0<a href=\"https:\/\/www.catsbest.eu\/\">Ka\u0137i Best<\/a>\u00a0izgatavoti no PEFC sertific\u0113tiem resursiem.<\/li>\n<li>Var kompost\u0113t, jo tas ir 100% biolo\u0123iski no\u0101rd\u0101ms.<\/li>\n<li><a href=\"https:\/\/zooprekes24.lt\/lv\/kategorija\/prekes-katems\/higienas-un-tirisanas-lidzekli-kakiem\/kraikas-katems\/\">Craik<\/a>\u00a0ir pat\u012bkams, dab\u012bgs arom\u0101ts - izgatavots no p\u0101rstr\u0101d\u0101t\u0101m koksnes izejviel\u0101m, bez \u0137\u012bmisk\u0101m piedev\u0101m.<\/li>\n<li>Paredz\u0113ts m\u0101jsaimniec\u012bb\u0101m ar da\u017e\u0101diem m\u0101jdz\u012bvniekiem, piem\u0113ram, ka\u0137iem, tru\u0161iem, tru\u0161iem, k\u0101mjiem, \u0161in\u0161ill\u0101m, seskiem, seskiem, j\u016brasc\u016bci\u0146\u0101m un vairuma putnu sugu.<\/li>\n<li>Cats Best Universal Litter liel\u0101 absorbcijas sp\u0113ja padara to ide\u0101li piem\u0113rotu izmanto\u0161anai b\u016bros un cit\u0101s m\u0101jdz\u012bvnieku dz\u012bvesviet\u0101s. To var izmantot k\u0101 ikdienas pilnv\u0113rt\u012bgu pakai\u0161u mais\u012bjumu vai k\u0101 papildu pakai\u0161u mais\u012bjumu tikai viet\u0101s, kur ir mitrums, piem\u0113ram, pie dzeram\u0101 \u016bdens trauka.<\/li>\n<\/ul>","protected":false},"excerpt":{"rendered":"<p>Cats Best Universal &#8211; auk\u0161tos kokyb\u0117s universalus, higieni\u0161kas kraikas i\u0161 mini granuli\u0173, pagamintas is\u030c 100 % organinio pluos\u030cto. Rekomenduojamas \u0161eimininkams auginantiems i\u0328vairiu\u0328 smulki\u0173 ru\u0304s\u030ciu\u0328 naminius gyvu\u0304nus. Pasi\u017eymi ypatingai dideliu sugeriamumu. Nr. 1 organinis kraikas Europoje. Nesu\u0161okantis. \u0160velnus gyv\u016bno p\u0117dut\u0117ms. Ypatingai greitai ir gerai sugeria dr\u0117gm\u0119. Biologi\u0161kai suyrantis, tod\u0117l galima saugiai nuleisti \u012f tualet\u0105. Visi\u0161kai tvarus:\u00a0Cats&#8230;<\/p>","protected":false},"featured_media":19637,"comment_status":"closed","ping_status":"closed","template":"","meta":{"_acf_changed":false,"slim_seo":{"title":"Cats Best Universal kraikas kat\u0117ms, grau\u017eikams ir pauk\u0161\u010diams 20L - Zooprekes24","description":"Cats Best Universal ir augstas kvalit\u0101tes, univers\u0101ls, higi\u0113nisks minigranulu pakai\u0161s, kas izgatavots no 100 % organisk\u0101s \u0161\u0137iedras. Ieteicams \u012bpa\u0161niekiem ar"},"iawp_total_views":178},"product_brand":[],"product_cat":[9008,9299,78,83,25,9009,9279],"product_tag":[1873],"class_list":{"0":"post-22410","1":"product","2":"type-product","3":"status-publish","4":"has-post-thumbnail","6":"product_cat-cats-best","7":"product_cat-grauzikams","8":"product_cat-higiena-ir-prieziura-katems","9":"product_cat-kaciu-prekiu-gamintojai","10":"product_cat-katems","11":"product_cat-kraikas","12":"product_cat-pauksciams","13":"product_tag-cats-best-okoplus-kraikas","14":"pa_kraiko-rusis-medzio-drozles","15":"pa_prekiu-zenklai-cats-best","17":"first","18":"instock","19":"featured","20":"taxable","21":"shipping-taxable","22":"purchasable","23":"product-type-simple"},"acf":[],"_links":{"self":[{"href":"https:\/\/zooprekes24.lt\/lv\/wp-json\/wp\/v2\/product\/22410","targetHints":{"allow":["GET"]}}],"collection":[{"href":"https:\/\/zooprekes24.lt\/lv\/wp-json\/wp\/v2\/product"}],"about":[{"href":"https:\/\/zooprekes24.lt\/lv\/wp-json\/wp\/v2\/types\/product"}],"replies":[{"embeddable":true,"href":"https:\/\/zooprekes24.lt\/lv\/wp-json\/wp\/v2\/comments?post=22410"}],"wp:featuredmedia":[{"embeddable":true,"href":"https:\/\/zooprekes24.lt\/lv\/wp-json\/wp\/v2\/media\/19637"}],"wp:attachment":[{"href":"https:\/\/zooprekes24.lt\/lv\/wp-json\/wp\/v2\/media?parent=22410"}],"wp:term":[{"taxonomy":"product_brand","embeddable":true,"href":"https:\/\/zooprekes24.lt\/lv\/wp-json\/wp\/v2\/product_brand?post=22410"},{"taxonomy":"product_cat","embeddable":true,"href":"https:\/\/zooprekes24.lt\/lv\/wp-json\/wp\/v2\/product_cat?post=22410"},{"taxonomy":"product_tag","embeddable":true,"href":"https:\/\/zooprekes24.lt\/lv\/wp-json\/wp\/v2\/product_tag?post=22410"}],"curies":[{"name":"wp","href":"https:\/\/api.w.org\/{rel}","templated":true}]}}