{"id":22409,"date":"2024-04-18T21:22:00","date_gmt":"2024-04-18T18:22:00","guid":{"rendered":"https:\/\/zooprekes24.lt\/produktas\/cats-best-smart-pellets-kraikas-10l\/"},"modified":"2024-10-03T13:04:51","modified_gmt":"2024-10-03T10:04:51","slug":"cats-best-smart-granulas-pakaisiem-10l","status":"publish","type":"product","link":"https:\/\/zooprekes24.lt\/lv\/produktas\/cats-best-smart-pellets-kraikas-10l\/","title":{"rendered":"Cats Best Smart Pellets ka\u0137u pakai\u0161iem 10L"},"content":{"rendered":"<h3>Cats Best Smart Pellets - augstas kvalit\u0101tes dab\u012bgs ka\u0137u pakai\u0161s mini granul\u0101s, kas lieto\u0161anas laik\u0101 salipst kop\u0101. Granulu \u012bpa\u0161\u0101 forma ne\u013cauj t\u0101m pielipin\u0101t pie ka\u017eoka un \u0137ep\u0101m, t\u0101p\u0113c t\u0101s nenon\u0101k \u0101rpus pakai\u0161u kastes. Kad j\u016bsu m\u012blulis izmanto tualeti, jums atliek tikai iz\u0146emt mitros pakai\u0161us un cietos izk\u0101rn\u012bjumus, un tualete atkal b\u016bs t\u012bra. Nr. 1 organiskie pakai\u0161i Eirop\u0101.<\/h3>\n<ul style=\"font-weight: 400;\">\n<li>\u0160ok\u0113jo\u0161i.<\/li>\n<li>Saudz\u012bgi pret dz\u012bvnieka k\u0101j\u0101m.<\/li>\n<li>Maigi sa\u0137eri un nepielipina p\u0113das.<\/li>\n<li>Lieliska mitruma absorbcija un smakas blo\u0137\u0113\u0161ana.<\/li>\n<li>Biolo\u0123iski no\u0101rd\u0101s un ir dro\u0161i izskalojami tualet\u0113.<\/li>\n<li>Var kompost\u0113t, jo tas ir 100% biolo\u0123iski no\u0101rd\u0101ms.<\/li>\n<li>To var atst\u0101t pakai\u0161u kast\u012bt\u0113 l\u012bdz 5 ned\u0113\u013c\u0101m, pirms t\u0101 piln\u012bb\u0101 j\u0101nomaina.<\/li>\n<li>Piln\u012bb\u0101 ilgtsp\u0113j\u012bgs:\u00a0<a href=\"https:\/\/www.catsbest.eu\/\">Ka\u0137i Best<\/a> Smart Pellets ir izgatavotas no PEFC sertific\u0113tiem resursiem.<\/li>\n<li><a href=\"https:\/\/zooprekes24.lt\/lv\/kategorija\/prekes-katems\/higienas-un-tirisanas-lidzekli-kakiem\/kraikas-katems\/\">Craik<\/a>\u00a0ir pat\u012bkams, dab\u012bgs arom\u0101ts - izgatavots no p\u0101rstr\u0101d\u0101t\u0101m koksnes izejviel\u0101m, bez \u0137\u012bmisk\u0101m piedev\u0101m.<\/li>\n<li>L\u012bdz 3 reiz\u0113m lab\u0101ka mitruma absorbcija nek\u0101 parastaj\u0101 pakai\u0161\u0101: Cats Best Smart Pellets izmanto tehnolo\u0123iski modernu akt\u012bvo koksnes \u0161\u0137iedru. Izmantojot JRS organisk\u0101s \u0161\u0137iedras procesu, t\u0101s \u0101rk\u0101rt\u012bgi \u0101tri uzs\u016bc \u0161\u0137idrumu un past\u0101v\u012bgi aiztur nepat\u012bkamas smakas - ide\u0101la dabiska aizsardz\u012bba pret iek\u013c\u016b\u0161anu.<\/li>\n<\/ul>","protected":false},"excerpt":{"rendered":"<p>Cats Best Smart Pellets &#8211; auk\u0161tos kokyb\u0117s nat\u016bralus ka\u010di\u0173 kraikas mini granule\u0307mis, kuris panaudotas su\u0161oka \u012f grumstelius. Speciali granuliu\u0328 forma neleidz\u030cia joms prilipti prie kailio ir letenu\u0328, tode\u0307l jos neis\u030cnes\u030camos uz\u030c kraiko de\u0307z\u030cute\u0307s ribu\u0328. Augintiniui pasinaudojus tualetu Jums tereik\u0117s pa\u0161alinti nuo dr\u0117gm\u0117s su\u0161okus\u012f kraik\u0105 bei kietas i\u0161matas ir tualetas v\u0117l bus \u0161varus. Nr. 1 organinis&#8230;<\/p>","protected":false},"featured_media":19635,"comment_status":"closed","ping_status":"closed","template":"","meta":{"_acf_changed":false,"slim_seo":{"title":"Cats Best Smart Pellets kraikas kat\u0117ms 10L - Zooprekes24","description":"Cats Best Smart Pellets - augstas kvalit\u0101tes dab\u012bgs ka\u0137u pakai\u0161s mini granul\u0101s, kas lieto\u0161anas laik\u0101 salipst kop\u0101. \u012apa\u0161\u0101 granulu forma ne\u013cauj ka\u0137im nok\u013c\u016bt"},"iawp_total_views":179},"product_brand":[],"product_cat":[9008,78,83,25,9009],"product_tag":[7997,1873],"class_list":{"0":"post-22409","1":"product","2":"type-product","3":"status-publish","4":"has-post-thumbnail","6":"product_cat-cats-best","7":"product_cat-higiena-ir-prieziura-katems","8":"product_cat-kaciu-prekiu-gamintojai","9":"product_cat-katems","10":"product_cat-kraikas","11":"product_tag-cat-best-smart-kraikas","12":"product_tag-cats-best-okoplus-kraikas","13":"pa_kraiko-rusis-medzio-drozles","14":"pa_prekiu-zenklai-cats-best","16":"first","17":"instock","18":"featured","19":"taxable","20":"shipping-taxable","21":"purchasable","22":"product-type-simple"},"acf":[],"_links":{"self":[{"href":"https:\/\/zooprekes24.lt\/lv\/wp-json\/wp\/v2\/product\/22409","targetHints":{"allow":["GET"]}}],"collection":[{"href":"https:\/\/zooprekes24.lt\/lv\/wp-json\/wp\/v2\/product"}],"about":[{"href":"https:\/\/zooprekes24.lt\/lv\/wp-json\/wp\/v2\/types\/product"}],"replies":[{"embeddable":true,"href":"https:\/\/zooprekes24.lt\/lv\/wp-json\/wp\/v2\/comments?post=22409"}],"wp:featuredmedia":[{"embeddable":true,"href":"https:\/\/zooprekes24.lt\/lv\/wp-json\/wp\/v2\/media\/19635"}],"wp:attachment":[{"href":"https:\/\/zooprekes24.lt\/lv\/wp-json\/wp\/v2\/media?parent=22409"}],"wp:term":[{"taxonomy":"product_brand","embeddable":true,"href":"https:\/\/zooprekes24.lt\/lv\/wp-json\/wp\/v2\/product_brand?post=22409"},{"taxonomy":"product_cat","embeddable":true,"href":"https:\/\/zooprekes24.lt\/lv\/wp-json\/wp\/v2\/product_cat?post=22409"},{"taxonomy":"product_tag","embeddable":true,"href":"https:\/\/zooprekes24.lt\/lv\/wp-json\/wp\/v2\/product_tag?post=22409"}],"curies":[{"name":"wp","href":"https:\/\/api.w.org\/{rel}","templated":true}]}}