{"id":22403,"date":"2024-04-18T21:22:00","date_gmt":"2024-04-18T18:22:00","guid":{"rendered":"https:\/\/zooprekes24.lt\/produktas\/icf-elastopad-minkstinantis-kremas\/"},"modified":"2024-09-10T16:25:26","modified_gmt":"2024-09-10T13:25:26","slug":"icf-elastopad-mikstinoss-krems","status":"publish","type":"product","link":"https:\/\/zooprekes24.lt\/lv\/produktas\/icf-elastopad-minkstinantis-kremas\/","title":{"rendered":"ICF Elastopad M\u012bkstino\u0161s kr\u0113ms boj\u0101t\u0101m p\u0113d\u0101m 75 ml"},"content":{"rendered":"<h3>ICF Elastopad kremas \u0161unims ir kat\u0117ms, mink\u0161tinantis pa\u017eeistas vietas ir padedantis greitai atkurti nat\u016bral\u0173 audini\u0173 elastingum\u0105 ir lankstum\u0105 d\u0117l dr\u0117kinimo, \u0161velnumo ir apsaugos.<\/h3>\n<ul>\n<li>Pagaminta Italijoje \ud83c\uddee\ud83c\uddf9<\/li>\n<li>Tinkamas \u0161unims ir kat\u0117ms.<\/li>\n<li>Sukurtas naudoti \u017eiem\u0105 ir vasar\u0105.<\/li>\n<li>Pasi\u017eymi apsauginiu poveikiu nuo UV-A ir UV-B saul\u0117s spinduli\u0173.<\/li>\n<li>Naudojant krem\u0105 ant odos suformuojamas apsauginis sluoksnis.<\/li>\n<li>Sud\u0117tis papildyta nepakei\u010diamomis riebal\u0173 r\u016bg\u0161timis, lanolinu ir glicerinu.<\/li>\n<li><a href=\"https:\/\/nextmune.com\" target=\"_blank\" rel=\"noopener\">ICF Elastopad<\/a> skirtas p\u0117du\u010di\u0173, nuospaud\u0173, nosy\u010di\u0173 ir kit\u0173 k\u016bno viet\u0173 (aus\u0173) i\u0161saus\u0117jusios ir suskeld\u0117jusios odos atstatymui.<\/li>\n<li>\n<div>Sustiprina p\u0117d\u0173 od\u0105 i\u0161laikant odos ir audini\u0173 atsparum\u0105 taip pat padeda suma\u017einti odos sustor\u0117jimus ir odos komplikacij\u0173 tikimyb\u0119 (ypatingai seniems ir ma\u017eai judantiems \u0161unims).<\/div>\n<\/li>\n<li>\n<div>Greito poveikio ICF Elastopad formul\u0117 pad\u0117s nuraminti pa\u017eeist\u0105 od\u0105 ir suteiks komforto jausm\u0105, o tai pad\u0117s augintiniui nustoti lai\u017eyti ir kasytis d\u0117l sausumo ir \u012ftrukim\u0173 nie\u017etin\u010dias k\u016bno vietas.<\/div>\n<\/li>\n<\/ul>\n<p><strong>Labai svarbu!<\/strong> Prie\u0161 einant \u012f lauk\u0105 netepkite \u0161uns p\u0117du\u010di\u0173 kremais, kurie n\u0117ra tam skirti. Pavyzd\u017eiui, patepus p\u0117dutes paprastu dr\u0117kinamuoju kremu, grei\u010diausiai sulauksite atvirk\u0161\u010dio rezultato &#8211; kremas, kuriame yra vandens greitai u\u017e\u0161als ir tai gali pa\u017eeisti p\u0117d\u0173 od\u0105. Jei visgi nesp\u0117jote tinkamai pasir\u016bpinti p\u0117dut\u0117mis, ir jos jau yra pa\u017eeistos, si\u016blome naudoti tik priemones, kurios yra specialiai sukurtos r\u016bpestingai pa\u017eeist\u0173 <a href=\"https:\/\/zooprekes24.lt\/kategorija\/prekes-sunims\/kitos-sunu-prekes\/prieziuros-priemones-sunims\/?filters=paskirtis[9632]\" target=\"_blank\" rel=\"noopener\">p\u0117du\u010di\u0173 prie\u017ei\u016brai<\/a>.<\/p>\n","protected":false},"excerpt":{"rendered":"<p>ICF Elastopad kr\u0113ms su\u0146iem un ka\u0137iem m\u012bkstina boj\u0101t\u0101s vietas un pal\u012bdz \u0101tri atjaunot audu dabisko elast\u012bbu un elast\u012bbu, nodro\u0161inot mitrin\u0101\u0161anu, m\u012bkstumu un aizsardz\u012bbu. Ra\u017eots It\u0101lij\u0101 \ud83c\uddee\ud83c\uddf9 Piem\u0113rots su\u0146iem un ka\u0137iem. Paredz\u0113ts lieto\u0161anai ziem\u0101 un vasar\u0101. Aizsarg\u0101 pret UV-A un UV-B saules stariem. Kr\u0113ms veido aizsargsl\u0101ni uz \u0101das. Formula ir bag\u0101tin\u0101ta ar neaizvietojam\u0101m tauksk\u0101b\u0113m...<\/p>","protected":false},"featured_media":19623,"comment_status":"closed","ping_status":"closed","template":"","meta":{"_acf_changed":false,"slim_seo":{"title":"ICF Elastopad mink\u0161tinantis kremas pa\u017eeistoms p\u0117dut\u0117ms 75 ml - Zooprekes24","description":"ICF Elastopad kr\u0113ms su\u0146iem un ka\u0137iem m\u012bkstina boj\u0101t\u0101s vietas un pal\u012bdz \u0101tri atjaunot audu dabisko elast\u012bbu un elast\u012bbu, pateicoties mitrino\u0161ajam, p\u012blinga"},"iawp_total_views":65},"product_brand":[],"product_cat":[25,104,32,9025,9026,8999],"product_tag":[3663,3668],"class_list":{"0":"post-22403","1":"product","2":"type-product","3":"status-publish","4":"has-post-thumbnail","6":"product_cat-katems","7":"product_cat-kitos-kaciu-prekes","8":"product_cat-kitos-sunu-prekes","9":"product_cat-prieziuros-priemones-katems","10":"product_cat-prieziuros-priemones-sunims","11":"product_cat-sunims","12":"product_tag-balzamas-suns-pedutems","13":"product_tag-peduciu-kremas","14":"pa_prekiu-zenklai-icf","15":"pa_suns-amzius-jauniems","16":"pa_suns-amzius-senjorams","17":"pa_suns-amzius-suaugusiems","18":"pa_suns-amzius-visiems-amziams","19":"pa_veisles-dydis-didelems-veislems","20":"pa_veisles-dydis-mazoms-veislems","21":"pa_veisles-dydis-vidutinems-veislems","22":"pa_veisles-dydis-visu-dydziu-veislems","24":"first","25":"instock","26":"featured","27":"taxable","28":"shipping-taxable","29":"purchasable","30":"product-type-simple"},"acf":[],"_links":{"self":[{"href":"https:\/\/zooprekes24.lt\/lv\/wp-json\/wp\/v2\/product\/22403","targetHints":{"allow":["GET"]}}],"collection":[{"href":"https:\/\/zooprekes24.lt\/lv\/wp-json\/wp\/v2\/product"}],"about":[{"href":"https:\/\/zooprekes24.lt\/lv\/wp-json\/wp\/v2\/types\/product"}],"replies":[{"embeddable":true,"href":"https:\/\/zooprekes24.lt\/lv\/wp-json\/wp\/v2\/comments?post=22403"}],"wp:featuredmedia":[{"embeddable":true,"href":"https:\/\/zooprekes24.lt\/lv\/wp-json\/wp\/v2\/media\/19623"}],"wp:attachment":[{"href":"https:\/\/zooprekes24.lt\/lv\/wp-json\/wp\/v2\/media?parent=22403"}],"wp:term":[{"taxonomy":"product_brand","embeddable":true,"href":"https:\/\/zooprekes24.lt\/lv\/wp-json\/wp\/v2\/product_brand?post=22403"},{"taxonomy":"product_cat","embeddable":true,"href":"https:\/\/zooprekes24.lt\/lv\/wp-json\/wp\/v2\/product_cat?post=22403"},{"taxonomy":"product_tag","embeddable":true,"href":"https:\/\/zooprekes24.lt\/lv\/wp-json\/wp\/v2\/product_tag?post=22403"}],"curies":[{"name":"wp","href":"https:\/\/api.w.org\/{rel}","templated":true}]}}