{"id":22402,"date":"2024-04-18T21:22:00","date_gmt":"2024-04-18T18:22:00","guid":{"rendered":"https:\/\/zooprekes24.lt\/produktas\/icf-winterpad-apsauginis-kremas-pedutems\/"},"modified":"2026-02-02T12:48:55","modified_gmt":"2026-02-02T10:48:55","slug":"icf-winterpad-aizsargkrems-pedam","status":"publish","type":"product","link":"https:\/\/zooprekes24.lt\/lv\/produktas\/icf-winterpad-apsauginis-kremas-pedutems\/","title":{"rendered":"ICF WinterPad p\u0113du aizsardz\u012bbas kr\u0113ms 50 ml"},"content":{"rendered":"<h3>ICF WinterPad apsauginis kremas pad\u0117s saugoti p\u0117dutes nuo sniego, ledo, stipraus \u0161al\u010dio, purvo ir nelygaus pavir\u0161iaus daromos \u017ealos.<\/h3>\n<ul>\n<li>Pagaminta Italijoje \ud83c\uddee\ud83c\uddf9<\/li>\n<li>Tinkamas \u0161unims ir kat\u0117ms.<\/li>\n<li>Sukurtas naudoti \u017eiem\u0105 ir vasar\u0105.<\/li>\n<li>Apsaugo nuo \u0161al\u010dio, sniego, drusk\u0173.<\/li>\n<li>Padeda i\u0161vengti p\u0117d\u0173 \u012ftr\u016bkim\u0173, ply\u0161im\u0173, skausmo.<\/li>\n<li>Pritaikytas ne tik leten\u0117l\u0117ms bet ir nosyt\u0117ms dr\u0117kinti.<\/li>\n<li>\n<div><span lang=\"LT\">Speciali <\/span><a href=\"https:\/\/nextmune.com\/home-pet-parent\/\" target=\"_blank\" rel=\"noopener\">ICF WinterPad<\/a> <span lang=\"LT\">kremin\u0117 formul\u0117 leid\u017eia lengvai u\u017etepti ir paskirstyti krem\u0105 be to jis greitai<\/span><span lang=\"LT\">\u00a0\u012fsigeria \u012f od\u0105.<\/span><\/div>\n<\/li>\n<li>Produktas papildytas nat\u016braliais dr\u0117kinan\u010diais komponentais: vezelinu, cinko oksidu, arbatmed\u017eio ir \u010diobreli\u0173 eteriniais aliejais.<\/li>\n<li>Naudojant krem\u0105 ant odos suformuojamas apsauginis, vandeniui atsparus sluoksnis. Papildyta antibakterin\u0117mis ir prie\u0161grybelin\u0117mis savyb\u0117mis, kurios suma\u017eina bakterij\u0173 ir u\u017edegimini\u0173 proces\u0173 rizik\u0105.<\/li>\n<li>\n<div>Greito poveikio ICF WinterPad formul\u0117 pad\u0117s nuraminti sudirgusi\u0105 od\u0105 ir suteiks komforto jausm\u0105, o tai pad\u0117s augintiniui nustoti lai\u017eyti ir kasytis d\u0117l sausumo nie\u017etin\u010dias letenas. Puikus pasirinkimas nosyt\u0117ms kurios d\u0117l sauso ar kar\u0161to oro tapo i\u0161saus\u0117jusios.<\/div>\n<\/li>\n<\/ul>\n<p><strong>Labai svarbu!<\/strong> Prie\u0161 einant \u012f lauk\u0105 netepkite \u0161uns p\u0117du\u010di\u0173 kremais, kurie n\u0117ra tam skirti. Pavyzd\u017eiui, patepus p\u0117dutes paprastu dr\u0117kinamuoju kremu, grei\u010diausiai sulauksite atvirk\u0161\u010dio rezultato &#8211; kremas, kuriame yra vandens greitai u\u017e\u0161als ir tai gali pa\u017eeisti p\u0117d\u0173 od\u0105. Jei visgi nesp\u0117jote tinkamai pasir\u016bpinti p\u0117dut\u0117mis, ir jos jau yra pa\u017eeistos, si\u016blome naudoti tik priemones, kurios yra specialiai sukurtos r\u016bpestingai pa\u017eeist\u0173 <a href=\"https:\/\/zooprekes24.lt\/kategorija\/prekes-sunims\/kitos-sunu-prekes\/prieziuros-priemones-sunims\/?filters=paskirtis[9632]\" target=\"_blank\" rel=\"noopener\">p\u0117du\u010di\u0173 prie\u017ei\u016brai<\/a>.<\/p>\n","protected":false},"excerpt":{"rendered":"<p>ICF WinterPad apsauginis kremas pad\u0117s saugoti p\u0117dutes nuo sniego, ledo, stipraus \u0161al\u010dio, purvo ir nelygaus pavir\u0161iaus daromos \u017ealos. Pagaminta Italijoje \ud83c\uddee\ud83c\uddf9 Tinkamas \u0161unims ir kat\u0117ms. Sukurtas naudoti \u017eiem\u0105 ir vasar\u0105. Apsaugo nuo \u0161al\u010dio, sniego, drusk\u0173. Padeda i\u0161vengti p\u0117d\u0173 \u012ftr\u016bkim\u0173, ply\u0161im\u0173, skausmo. Pritaikytas ne tik leten\u0117l\u0117ms bet ir nosyt\u0117ms dr\u0117kinti. Speciali ICF WinterPad kremin\u0117 formul\u0117 leid\u017eia&#8230;<\/p>","protected":false},"featured_media":19619,"comment_status":"closed","ping_status":"closed","template":"","meta":{"_acf_changed":false,"slim_seo":{"title":"ICF WinterPad apsauginis kremas p\u0117dut\u0117ms 50 ml - Zooprekes24","description":"ICF WinterPad aizsargkr\u0113ms pal\u012bdz\u0113s aizsarg\u0101t j\u016bsu k\u0101jas no sniega, ledus, liela aukstuma, dub\u013cu un nel\u012bdzenas virsmas rad\u012btiem boj\u0101jumiem. Ra\u017eots It\u0101lij\u0101 \ud83c\uddee\ud83c\uddf9"},"iawp_total_views":162},"product_brand":[],"product_cat":[25,104,32,9025,9026,8999],"product_tag":[3663,3668],"class_list":{"0":"post-22402","1":"product","2":"type-product","3":"status-publish","4":"has-post-thumbnail","6":"product_cat-katems","7":"product_cat-kitos-kaciu-prekes","8":"product_cat-kitos-sunu-prekes","9":"product_cat-prieziuros-priemones-katems","10":"product_cat-prieziuros-priemones-sunims","11":"product_cat-sunims","12":"product_tag-balzamas-suns-pedutems","13":"product_tag-peduciu-kremas","14":"pa_prekiu-zenklai-icf","15":"pa_suns-amzius-jauniems","16":"pa_suns-amzius-senjorams","17":"pa_suns-amzius-suaugusiems","18":"pa_suns-amzius-visiems-amziams","19":"pa_veisles-dydis-didelems-veislems","20":"pa_veisles-dydis-mazoms-veislems","21":"pa_veisles-dydis-vidutinems-veislems","22":"pa_veisles-dydis-visu-dydziu-veislems","24":"first","25":"outofstock","26":"featured","27":"taxable","28":"shipping-taxable","29":"purchasable","30":"product-type-simple"},"acf":[],"_links":{"self":[{"href":"https:\/\/zooprekes24.lt\/lv\/wp-json\/wp\/v2\/product\/22402","targetHints":{"allow":["GET"]}}],"collection":[{"href":"https:\/\/zooprekes24.lt\/lv\/wp-json\/wp\/v2\/product"}],"about":[{"href":"https:\/\/zooprekes24.lt\/lv\/wp-json\/wp\/v2\/types\/product"}],"replies":[{"embeddable":true,"href":"https:\/\/zooprekes24.lt\/lv\/wp-json\/wp\/v2\/comments?post=22402"}],"wp:featuredmedia":[{"embeddable":true,"href":"https:\/\/zooprekes24.lt\/lv\/wp-json\/wp\/v2\/media\/19619"}],"wp:attachment":[{"href":"https:\/\/zooprekes24.lt\/lv\/wp-json\/wp\/v2\/media?parent=22402"}],"wp:term":[{"taxonomy":"product_brand","embeddable":true,"href":"https:\/\/zooprekes24.lt\/lv\/wp-json\/wp\/v2\/product_brand?post=22402"},{"taxonomy":"product_cat","embeddable":true,"href":"https:\/\/zooprekes24.lt\/lv\/wp-json\/wp\/v2\/product_cat?post=22402"},{"taxonomy":"product_tag","embeddable":true,"href":"https:\/\/zooprekes24.lt\/lv\/wp-json\/wp\/v2\/product_tag?post=22402"}],"curies":[{"name":"wp","href":"https:\/\/api.w.org\/{rel}","templated":true}]}}