{"id":22401,"date":"2024-04-18T21:22:00","date_gmt":"2024-04-18T18:22:00","guid":{"rendered":"https:\/\/zooprekes24.lt\/produktas\/eutra-dog-apsauginis-tepalas-pedutems\/"},"modified":"2024-09-10T16:22:28","modified_gmt":"2024-09-10T13:22:28","slug":"eutra-sunu-aizsargajosa-ziede-kajam","status":"publish","type":"product","link":"https:\/\/zooprekes24.lt\/lv\/produktas\/eutra-dog-apsauginis-tepalas-pedutems\/","title":{"rendered":"Eutra su\u0146u aizsarg\u0101jo\u0161a ziede k\u0101j\u0101m 75 ml"},"content":{"rendered":"<h3>Eutra Dog apsauginis tepalas p\u0117dut\u0117ms pad\u0117s apgaubti augintinio letenas nematoma, ta\u010diau veiksminga apsauga: sud\u0117tyje esantis vazelinas dr\u0117kins, o aliejai lengvai susigers \u012f od\u0105, padengdami p\u0117dut\u0119 apsaugine pl\u0117vele.<\/h3>\n<ul>\n<li>Pagaminta Pranc\u016bzijoje \ud83c\uddeb\ud83c\uddf7<\/li>\n<li style=\"font-weight: 400;\">Apsaugo nuo \u0161al\u010dio, sniego, drusk\u0173.<\/li>\n<li style=\"font-weight: 400;\">Padeda i\u0161vengti p\u0117d\u0173 \u012ftr\u016bkim\u0173, ply\u0161im\u0173, skausmo.<\/li>\n<li>Tausoja ragin\u012f sluoksn\u012f palaikant jo elasting\u0105sias savybes ir tvirtum\u0105.<\/li>\n<li>Sukuria apsaugin\u012f odos barjer\u0105 atspar\u0173 temperat\u016br\u0173 ir fizinio poveikio veiksniams.<\/li>\n<li><a href=\"https:\/\/interlac-france.com\/en\/\" target=\"_blank\" rel=\"noopener\">Eutra Dog<\/a> gali b\u016bti naudojamas ir \u0161iltuoju sezono metu norint apsaugoti letenas nuo \u012fkaitusio asfalto daromos \u017ealos.<\/li>\n<\/ul>\n<p><strong>Labai svarbu!<\/strong> Prie\u0161 einant \u012f lauk\u0105 netepkite \u0161uns p\u0117du\u010di\u0173 kremais, kurie n\u0117ra tam skirti. Pavyzd\u017eiui, patepus p\u0117dut\u0119 dr\u0117kinamuoju kremu, grei\u010diausiai sulauksite atvirk\u0161\u010dio rezultato &#8211; kremas, kuriame yra vandens greitai u\u017e\u0161als ir tai gali pa\u017eeisti p\u0117d\u0173 od\u0105. Jei visgi nesp\u0117jote tinkamai pasir\u016bpinti p\u0117dut\u0117mis, ir jos jau yra pa\u017eeistos, si\u016blome naudoti tik priemones, kurios yra specialiai sukurtos r\u016bpestingai pa\u017eeist\u0173 <a href=\"https:\/\/zooprekes24.lt\/kategorija\/prekes-sunims\/kitos-sunu-prekes\/prieziuros-priemones-sunims\/?filters=paskirtis[9632]\" target=\"_blank\" rel=\"noopener\">p\u0117du\u010di\u0173 prie\u017ei\u016brai<\/a>.<\/p>\n","protected":false},"excerpt":{"rendered":"<p>Eutra Dog apsauginis tepalas p\u0117dut\u0117ms pad\u0117s apgaubti augintinio letenas nematoma, ta\u010diau veiksminga apsauga: sud\u0117tyje esantis vazelinas dr\u0117kins, o aliejai lengvai susigers \u012f od\u0105, padengdami p\u0117dut\u0119 apsaugine pl\u0117vele. Pagaminta Pranc\u016bzijoje \ud83c\uddeb\ud83c\uddf7 Apsaugo nuo \u0161al\u010dio, sniego, drusk\u0173. Padeda i\u0161vengti p\u0117d\u0173 \u012ftr\u016bkim\u0173, ply\u0161im\u0173, skausmo. Tausoja ragin\u012f sluoksn\u012f palaikant jo elasting\u0105sias savybes ir tvirtum\u0105. Sukuria apsaugin\u012f odos barjer\u0105 atspar\u0173&#8230;<\/p>","protected":false},"featured_media":19618,"comment_status":"closed","ping_status":"closed","template":"","meta":{"_acf_changed":false,"slim_seo":{"title":"Eutra Dog apsauginis tepalas p\u0117dut\u0117ms 75 ml - Zooprekes24","description":"Eutra su\u0146u aizsarg\u0101jo\u0161\u0101 ziede k\u0101j\u0101m pal\u012bdz\u0113s nosegt j\u016bsu m\u012blu\u013ca \u0137epas ar neredzamu, bet efekt\u012bvu aizsardz\u012bbu: vazel\u012bns mitrin\u0101s un e\u013c\u013cas atvieglos"},"iawp_total_views":295},"product_brand":[],"product_cat":[32,9026,8999],"product_tag":[3663,3668],"class_list":{"0":"post-22401","1":"product","2":"type-product","3":"status-publish","4":"has-post-thumbnail","6":"product_cat-kitos-sunu-prekes","7":"product_cat-prieziuros-priemones-sunims","8":"product_cat-sunims","9":"product_tag-balzamas-suns-pedutems","10":"product_tag-peduciu-kremas","11":"pa_suns-amzius-jauniems","12":"pa_suns-amzius-senjorams","13":"pa_suns-amzius-suaugusiems","14":"pa_suns-amzius-visiems-amziams","15":"pa_veisles-dydis-didelems-veislems","16":"pa_veisles-dydis-mazoms-veislems","17":"pa_veisles-dydis-vidutinems-veislems","18":"pa_veisles-dydis-visu-dydziu-veislems","20":"first","21":"instock","22":"featured","23":"taxable","24":"shipping-taxable","25":"purchasable","26":"product-type-simple"},"acf":[],"_links":{"self":[{"href":"https:\/\/zooprekes24.lt\/lv\/wp-json\/wp\/v2\/product\/22401","targetHints":{"allow":["GET"]}}],"collection":[{"href":"https:\/\/zooprekes24.lt\/lv\/wp-json\/wp\/v2\/product"}],"about":[{"href":"https:\/\/zooprekes24.lt\/lv\/wp-json\/wp\/v2\/types\/product"}],"replies":[{"embeddable":true,"href":"https:\/\/zooprekes24.lt\/lv\/wp-json\/wp\/v2\/comments?post=22401"}],"wp:featuredmedia":[{"embeddable":true,"href":"https:\/\/zooprekes24.lt\/lv\/wp-json\/wp\/v2\/media\/19618"}],"wp:attachment":[{"href":"https:\/\/zooprekes24.lt\/lv\/wp-json\/wp\/v2\/media?parent=22401"}],"wp:term":[{"taxonomy":"product_brand","embeddable":true,"href":"https:\/\/zooprekes24.lt\/lv\/wp-json\/wp\/v2\/product_brand?post=22401"},{"taxonomy":"product_cat","embeddable":true,"href":"https:\/\/zooprekes24.lt\/lv\/wp-json\/wp\/v2\/product_cat?post=22401"},{"taxonomy":"product_tag","embeddable":true,"href":"https:\/\/zooprekes24.lt\/lv\/wp-json\/wp\/v2\/product_tag?post=22401"}],"curies":[{"name":"wp","href":"https:\/\/api.w.org\/{rel}","templated":true}]}}