{"id":22399,"date":"2024-04-18T21:22:00","date_gmt":"2024-04-18T18:22:00","guid":{"rendered":"https:\/\/zooprekes24.lt\/produktas\/wanpy-mesos-tyrele-katems-salmon\/"},"modified":"2024-09-09T15:20:45","modified_gmt":"2024-09-09T12:20:45","slug":"wanpy-mesos-tyrele-katems-lasi","status":"publish","type":"product","link":"https:\/\/zooprekes24.lt\/lv\/produktas\/wanpy-mesos-tyrele-katems-salmon\/","title":{"rendered":"Wanpy ga\u013cas biezenis ka\u0137iem ar lasi, vistu un burk\u0101niem, 90 g"},"content":{"rendered":"<h3>Kr\u0113m\u012bgs, vitam\u012bniem bag\u0101ts la\u0161a, vistas ga\u013cas un burk\u0101nu pastas k\u0101rums. Piem\u0113rots visu vecumu ka\u0137iem.<\/h3>\n<ul>\n<li>Atbalsta vesel\u012bgu gremo\u0161anas trakta darb\u012bbu.<\/li>\n<li>T\u0101 ir bag\u0101ta ar A, B2, B3, B5, D3 un E vitam\u012bniem.<\/li>\n<li><a href=\"https:\/\/zooprekes24.lt\/lv\/kategorija\/prekes-katems\/ciema-partika\/skanestai-katems\/\">Gar\u0161\u012bgs<\/a> piem\u0113rots jebkura vecuma ka\u0137iem.<\/li>\n<li>Biezenis ir bag\u0101ts ar mitrumu, kas nodro\u0161ina organismam \u0161\u0137idrumu.<\/li>\n<li>Piem\u0113rots sajauk\u0161anai ar sauso bar\u012bbu vai laiz\u012b\u0161anai tie\u0161i no t\u016bbi\u0146as.<\/li>\n<li>Iepakots \u0113rt\u0101, \u0113rti lietojam\u0101 iepakojum\u0101 ar skr\u016bv\u0113jamu v\u0101ci\u0146u, kas \u013cauj ilg\u0101k saglab\u0101t produktu svaigu.<\/li>\n<li>Augst\u0101k\u0101 produktu kvalit\u0101te! <a href=\"https:\/\/www.wanpy.eu\/assortiment\/wanpy\" target=\"_blank\" rel=\"noopener\">Wanpy kr\u0113ms<\/a> Baro\u0161anas l\u012bdzek\u013ci ir apstiprin\u0101ti un tiek p\u0101rdoti ASV, kur P\u0101rtikas un z\u0101\u013cu administr\u0101cijas standarti ir vieni no stingr\u0101kajiem pasaul\u0113.<\/li>\n<\/ul>","protected":false},"excerpt":{"rendered":"<p>Wanpy kreminis, vitamin\u0173 gausus la\u0161i\u0161os, vi\u0161tienos ir mork\u0173 pastos skan\u0117stas. Tinka vis\u0173 am\u017eiaus grupi\u0173 kat\u0117ms. Palaiko sveik\u0105 vir\u0161kinamojo trakto veikl\u0105. Sud\u0117tyje gausu vitamin\u0173:\u00a0A, B2, B3, B5, D3 ir E. Skan\u0117stas pritaikytas vis\u0173 am\u017eiaus grupi\u0173 kat\u0117ms. Tyrel\u0117je daug dr\u0117gm\u0117s, kuri suteikia organizmui skys\u010di\u0173. Tinka sumai\u0161yti su sausu pa\u0161aru arba duoti lai\u017eyti tiesiai i\u0161 t\u016bbel\u0117s. Supakuota patogioje&#8230;<\/p>","protected":false},"featured_media":19616,"comment_status":"closed","ping_status":"closed","template":"","meta":{"_acf_changed":false,"slim_seo":{"title":"Wanpy m\u0117sos tyrel\u0117 kat\u0117ms su la\u0161i\u0161a, vi\u0161tiena ir morkomis, 90 g - Zooprekes24","description":"Kr\u0113m\u012bgs, vitam\u012bniem bag\u0101ts la\u0161a, vistas ga\u013cas un burk\u0101nu pastas k\u0101rums. Piem\u0113rots visu vecumu ka\u0137iem. Atbalsta vesel\u012bgu gremo\u0161anas traktu. Pievienojams"},"iawp_total_views":119},"product_brand":[],"product_cat":[72,83,25,9018,9067],"product_tag":[2008,2032],"class_list":{"0":"post-22399","1":"product","2":"type-product","3":"status-publish","4":"has-post-thumbnail","6":"product_cat-kaciu-maistas","7":"product_cat-kaciu-prekiu-gamintojai","8":"product_cat-katems","9":"product_cat-skanestai","10":"product_cat-wanpy-katems","11":"product_tag-kaciu-skanestai","12":"product_tag-skystas-kaciu-skanestas","13":"pa_pasaro-sudetis-darzoves","14":"pa_pasaro-sudetis-lasisa","15":"pa_pasaro-sudetis-vistiena","16":"pa_pasaro-sudetis-zuvis","17":"pa_prekiu-zenklai-wanpy","19":"first","20":"instock","21":"taxable","22":"shipping-taxable","23":"purchasable","24":"product-type-simple"},"acf":[],"_links":{"self":[{"href":"https:\/\/zooprekes24.lt\/lv\/wp-json\/wp\/v2\/product\/22399","targetHints":{"allow":["GET"]}}],"collection":[{"href":"https:\/\/zooprekes24.lt\/lv\/wp-json\/wp\/v2\/product"}],"about":[{"href":"https:\/\/zooprekes24.lt\/lv\/wp-json\/wp\/v2\/types\/product"}],"replies":[{"embeddable":true,"href":"https:\/\/zooprekes24.lt\/lv\/wp-json\/wp\/v2\/comments?post=22399"}],"wp:featuredmedia":[{"embeddable":true,"href":"https:\/\/zooprekes24.lt\/lv\/wp-json\/wp\/v2\/media\/19616"}],"wp:attachment":[{"href":"https:\/\/zooprekes24.lt\/lv\/wp-json\/wp\/v2\/media?parent=22399"}],"wp:term":[{"taxonomy":"product_brand","embeddable":true,"href":"https:\/\/zooprekes24.lt\/lv\/wp-json\/wp\/v2\/product_brand?post=22399"},{"taxonomy":"product_cat","embeddable":true,"href":"https:\/\/zooprekes24.lt\/lv\/wp-json\/wp\/v2\/product_cat?post=22399"},{"taxonomy":"product_tag","embeddable":true,"href":"https:\/\/zooprekes24.lt\/lv\/wp-json\/wp\/v2\/product_tag?post=22399"}],"curies":[{"name":"wp","href":"https:\/\/api.w.org\/{rel}","templated":true}]}}