{"id":22398,"date":"2024-04-18T21:22:00","date_gmt":"2024-04-18T18:22:00","guid":{"rendered":"https:\/\/zooprekes24.lt\/produktas\/wanpy-creamy-treat-tuna-codfish-katems\/"},"modified":"2026-03-02T14:10:56","modified_gmt":"2026-03-02T12:10:56","slug":"wanpy-kremveida-karums-tuncis-menca-menca-katems","status":"publish","type":"product","link":"https:\/\/zooprekes24.lt\/lv\/produktas\/wanpy-creamy-treat-tuna-codfish-katems\/","title":{"rendered":"Wanpy Creamy Treat Tunzivju un mencu bieze\u0146i ka\u0137iem 70 g"},"content":{"rendered":"<h3>Wanpy Creamy Treat Tuna &amp; Codfish Tunzivs un mencu p\u012br\u0101gs, kas veicina vesel\u012bgu gremo\u0161anu. Nesatur konservantus un kr\u0101svielas.<\/h3>\n<div class=\"product-prices js-product-prices mb-2\">\n<div class=\"product-price\">\n<div class=\"d-flex\">\n<ul>\n<li>5 atsevi\u0161\u0137i iepakojumi.<\/li>\n<li>Piem\u0113rots ka\u0137iem no 3 m\u0113ne\u0161u vecuma.<\/li>\n<li><a href=\"https:\/\/zooprekes24.lt\/lv\/kategorija\/prekes-katems\/ciema-partika\/skanestai-katems\/\">Kr\u0113mveida tekst\u016bras delikatese<\/a> viegli uzs\u016bkt.<\/li>\n<li>Interakt\u012bvs veids, k\u0101 pavad\u012bt laiku kop\u0101 ar m\u0101jdz\u012bvnieku.<\/li>\n<li>Tas pal\u012bdz uztur\u0113t vesel\u012bgu gremo\u0161anu un nodro\u0161ina organismu ar \u0161\u0137idrumu.<\/li>\n<li>Augst\u0101k\u0101 produktu kvalit\u0101te! <a href=\"https:\/\/www.wanpy.eu\/assortiment\/wanpy\">Wanpy kr\u0113mveida \u0101rst\u0113t tuncis un mencas<\/a> Baro\u0161anas l\u012bdzek\u013ci ir apstiprin\u0101ti un tiek p\u0101rdoti ASV, kur P\u0101rtikas un z\u0101\u013cu administr\u0101cijas standarti ir vieni no stingr\u0101kajiem pasaul\u0113.<\/li>\n<\/ul>\n<\/div>\n<\/div>\n<\/div>","protected":false},"excerpt":{"rendered":"<p>Wanpy Creamy Treat Tuna &amp; Codfish tyreli\u0173 skan\u0117stai su tunu ir menke, padedantys palaikyti sveik\u0105 vir\u0161kinim\u0105. Be konservant\u0173\u00a0ir da\u017eikli\u0173. Pakuot\u0117je 5 atskiri pakeliai. Tinka kat\u0117ms\u00a0nuo 3 m\u0117n. am\u017eiaus. Kremin\u0117s tekst\u016bros skan\u0117stas lengvai \u012fsisavinamas. Interaktyvus b\u016bdas praleisti laik\u0105 kartu su augintiniu. Padeda palaikyti sveik\u0105 vir\u0161kinim\u0105\u00a0ir suteikia organizmui skys\u010di\u0173. Auk\u0161\u010diausia produkto kokyb\u0117! Wanpy Creamy Treat Tuna &amp;&#8230;<\/p>","protected":false},"featured_media":19615,"comment_status":"closed","ping_status":"closed","template":"","meta":{"_acf_changed":false,"slim_seo":{"title":"Wanpy Creamy Treat Tuna & Codfish tyreli\u0173 skan\u0117stai kat\u0117ms 70 g - Zooprekes24","description":"Wanpy Creamy Treat Tuna &amp; Codfish Tunzivs un mencu p\u012br\u0101gs, kas veicina vesel\u012bgu gremo\u0161anu. Bez konservantiem un kr\u0101sviel\u0101m. Iepakojum\u0101 5 gab."},"iawp_total_views":79},"product_brand":[],"product_cat":[72,83,25,9018,9067],"product_tag":[2008,2032],"class_list":{"0":"post-22398","1":"product","2":"type-product","3":"status-publish","4":"has-post-thumbnail","6":"product_cat-kaciu-maistas","7":"product_cat-kaciu-prekiu-gamintojai","8":"product_cat-katems","9":"product_cat-skanestai","10":"product_cat-wanpy-katems","11":"product_tag-kaciu-skanestai","12":"product_tag-skystas-kaciu-skanestas","13":"pa_pasaro-sudetis-tunas","14":"pa_pasaro-sudetis-vistiena","15":"pa_pasaro-sudetis-zuvis","16":"pa_prekiu-zenklai-wanpy","18":"first","19":"instock","20":"taxable","21":"shipping-taxable","22":"purchasable","23":"product-type-simple"},"acf":[],"_links":{"self":[{"href":"https:\/\/zooprekes24.lt\/lv\/wp-json\/wp\/v2\/product\/22398","targetHints":{"allow":["GET"]}}],"collection":[{"href":"https:\/\/zooprekes24.lt\/lv\/wp-json\/wp\/v2\/product"}],"about":[{"href":"https:\/\/zooprekes24.lt\/lv\/wp-json\/wp\/v2\/types\/product"}],"replies":[{"embeddable":true,"href":"https:\/\/zooprekes24.lt\/lv\/wp-json\/wp\/v2\/comments?post=22398"}],"wp:featuredmedia":[{"embeddable":true,"href":"https:\/\/zooprekes24.lt\/lv\/wp-json\/wp\/v2\/media\/19615"}],"wp:attachment":[{"href":"https:\/\/zooprekes24.lt\/lv\/wp-json\/wp\/v2\/media?parent=22398"}],"wp:term":[{"taxonomy":"product_brand","embeddable":true,"href":"https:\/\/zooprekes24.lt\/lv\/wp-json\/wp\/v2\/product_brand?post=22398"},{"taxonomy":"product_cat","embeddable":true,"href":"https:\/\/zooprekes24.lt\/lv\/wp-json\/wp\/v2\/product_cat?post=22398"},{"taxonomy":"product_tag","embeddable":true,"href":"https:\/\/zooprekes24.lt\/lv\/wp-json\/wp\/v2\/product_tag?post=22398"}],"curies":[{"name":"wp","href":"https:\/\/api.w.org\/{rel}","templated":true}]}}