{"id":22390,"date":"2024-04-18T21:22:00","date_gmt":"2024-04-18T18:22:00","guid":{"rendered":"https:\/\/zooprekes24.lt\/produktas\/wanpy-chicken-toothbrush-chews-sunims\/"},"modified":"2024-09-09T14:59:19","modified_gmt":"2024-09-09T11:59:19","slug":"wanpy-vistas-zobu-birstite-koslajama-sunims","status":"publish","type":"product","link":"https:\/\/zooprekes24.lt\/lv\/produktas\/wanpy-chicken-toothbrush-chews-sunims\/","title":{"rendered":"Wanpy Chicken Toothbrush Chews ko\u0161\u013c\u0101jam\u0101s rota\u013clietas su\u0146iem, vistas gar\u0161as zobu birst\u012btes, 90 g"},"content":{"rendered":"<h3>Wanpy Chicken Toothbrush Chews - zobu birstes formas na\u0161\u0137i ar vistas ga\u013cu. Piem\u0113rots visu vecumu un \u0161\u0137ir\u0146u su\u0146iem.<\/h3>\n<ul>\n<li>Maz tauku, bet daudz olbaltumvielu.<\/li>\n<li>Gar\u0161augi visu vecumu un \u0161\u0137ir\u0146u su\u0146iem.<\/li>\n<li>Piem\u0113rots k\u0101 gar\u0161\u012bga ikdienas uzkoda vai <a href=\"https:\/\/zooprekes24.lt\/lv\/kategorija\/prekes-sunims\/sunu-degustatori\/minksti-kramtalai-sunims\/\">m\u0101c\u012bbu balvas<\/a> vai sp\u0113\u013cu gadiem.<\/li>\n<li>Iepakots lietot\u0101jam \u0113rt\u0101 r\u0101v\u0113jsl\u0113dz\u0113ja tipa iepakojum\u0101, lai produkts ilg\u0101k saglab\u0101tos svaigs.<\/li>\n<li>Augst\u0101k\u0101 produktu kvalit\u0101te! <a href=\"https:\/\/www.wanpy.eu\/assortiment\/wanpy\">Wanpy Vistas zobu birstes ko\u0161\u013c\u0101jam\u0101s rota\u013clietas<\/a>\u00a0Baro\u0161anas l\u012bdzek\u013ci ir apstiprin\u0101ti un tiek p\u0101rdoti ASV, kur P\u0101rtikas un z\u0101\u013cu administr\u0101cijas standarti ir vieni no stingr\u0101kajiem pasaul\u0113.<\/li>\n<li>Pateicoties unik\u0101lajai birstes formai, sunim sakodot, tiek izrais\u012bta meh\u0101niska darb\u012bba, kas ne tikai pal\u012bdz no\u0146emt \u0113diena atliekas, bet ar\u012b maigi att\u012bra zobu virsmu un zobu aplikumu, samazinot zobakmens veido\u0161an\u0101s risku.<\/li>\n<\/ul>","protected":false},"excerpt":{"rendered":"<p>Wanpy Chicken Toothbrush Chews &#8211; dant\u0173 \u0161epet\u0117li\u0173 formos skan\u0117stai su vi\u0161tiena. Tinka vis\u0173 am\u017eiaus grupi\u0173 ir veisli\u0173 \u0161unims. Sud\u0117tyje ma\u017eai riebal\u0173, bet daug baltym\u0173. Skan\u0117stai pritaikyti vis\u0173 am\u017eiaus grupi\u0173 ir veisli\u0173 \u0161unims. Tinkami kaip gardus kasdienis u\u017ekandis arba atlygis treniruo\u010di\u0173 ar \u017eaidim\u0173 met\u0173. Supakuota patogioje naudoti pakuot\u0117je su ziplock u\u017esegimu, jog produktas ilgiau i\u0161liktu \u0161vie\u017eias&#8230;.<\/p>","protected":false},"featured_media":19596,"comment_status":"closed","ping_status":"closed","template":"","meta":{"_acf_changed":false,"slim_seo":{"title":"Wanpy Chicken Toothbrush Chews skan\u0117stai \u0161unims, vi\u0161tienos skonio dant\u0173 \u0161epet\u0117liai, 90 g - Zooprekes24","description":"Wanpy Chicken Toothbrush Chews - zobu birstes formas na\u0161\u0137i ar vistas ga\u013cu. Piem\u0113rots visu vecumu un \u0161\u0137ir\u0146u su\u0146iem. Zems tauku saturs, bet augsts olbaltumvielu saturs"},"iawp_total_views":35},"product_brand":[],"product_cat":[9039,8999,31,30,9066],"product_tag":[1289,1290,1291,1292,792],"class_list":{"0":"post-22390","1":"product","2":"type-product","3":"status-publish","4":"has-post-thumbnail","6":"product_cat-kaulai-ir-susukta-oda","7":"product_cat-sunims","8":"product_cat-sunu-prekiu-gamintojai","9":"product_cat-sunu-skanestai","10":"product_cat-wanpy-sunims","11":"product_tag-gaiviam-suns-burnos-kvapui","12":"product_tag-kaulai-suns-dantu-higienai","13":"product_tag-kaulai-sunu-dantims","14":"product_tag-kauliukai-suns-dantims","15":"product_tag-naturalus-skanestai-sunims","16":"pa_pasaro-sudetis-vistiena","17":"pa_prekiu-zenklai-wanpy","18":"pa_suns-amzius-jauniems","19":"pa_suns-amzius-senjorams","20":"pa_suns-amzius-suaugusiems","21":"pa_suns-amzius-visiems-amziams","22":"pa_veisles-dydis-didelems-veislems","23":"pa_veisles-dydis-mazoms-veislems","24":"pa_veisles-dydis-vidutinems-veislems","25":"pa_veisles-dydis-visu-dydziu-veislems","27":"first","28":"instock","29":"featured","30":"taxable","31":"shipping-taxable","32":"purchasable","33":"product-type-simple"},"acf":[],"_links":{"self":[{"href":"https:\/\/zooprekes24.lt\/lv\/wp-json\/wp\/v2\/product\/22390","targetHints":{"allow":["GET"]}}],"collection":[{"href":"https:\/\/zooprekes24.lt\/lv\/wp-json\/wp\/v2\/product"}],"about":[{"href":"https:\/\/zooprekes24.lt\/lv\/wp-json\/wp\/v2\/types\/product"}],"replies":[{"embeddable":true,"href":"https:\/\/zooprekes24.lt\/lv\/wp-json\/wp\/v2\/comments?post=22390"}],"wp:featuredmedia":[{"embeddable":true,"href":"https:\/\/zooprekes24.lt\/lv\/wp-json\/wp\/v2\/media\/19596"}],"wp:attachment":[{"href":"https:\/\/zooprekes24.lt\/lv\/wp-json\/wp\/v2\/media?parent=22390"}],"wp:term":[{"taxonomy":"product_brand","embeddable":true,"href":"https:\/\/zooprekes24.lt\/lv\/wp-json\/wp\/v2\/product_brand?post=22390"},{"taxonomy":"product_cat","embeddable":true,"href":"https:\/\/zooprekes24.lt\/lv\/wp-json\/wp\/v2\/product_cat?post=22390"},{"taxonomy":"product_tag","embeddable":true,"href":"https:\/\/zooprekes24.lt\/lv\/wp-json\/wp\/v2\/product_tag?post=22390"}],"curies":[{"name":"wp","href":"https:\/\/api.w.org\/{rel}","templated":true}]}}