{"id":22389,"date":"2024-04-18T21:21:50","date_gmt":"2024-04-18T18:21:50","guid":{"rendered":"https:\/\/zooprekes24.lt\/produktas\/wanpy-salmon-fish-shape-bites\/"},"modified":"2024-09-09T15:27:08","modified_gmt":"2024-09-09T12:27:08","slug":"lasa-lasa-zivs-formas-kumosini","status":"publish","type":"product","link":"https:\/\/zooprekes24.lt\/lv\/produktas\/wanpy-salmon-fish-shape-bites\/","title":{"rendered":"Wanpy Salmon Fish Shape Bites gardumi su\u0146iem, zivs formas na\u0161\u0137i ar lasi, 100 g"},"content":{"rendered":"<h3>Wanpy Salmon Fish Shape Bites - dab\u012bgi, kr\u0101sn\u012b cepti zivs formas k\u0101rumi no la\u0161a. Piem\u0113rots visu vecumu un \u0161\u0137ir\u0146u su\u0146iem.<\/h3>\n<ul>\n<li>100% vesel\u012bga un dab\u012bga uzkoda.<\/li>\n<li>Maz tauku, bet daudz olbaltumvielu.<\/li>\n<li>DHA pal\u012bdz uztur\u0113t smadze\u0146u darb\u012bbu.<\/li>\n<li>Gar\u0161augi visu vecumu un \u0161\u0137ir\u0146u su\u0146iem.<\/li>\n<li><a href=\"https:\/\/zooprekes24.lt\/lv\/kategorija\/prekes-sunims\/sunu-degustatori\/minksti-kramtalai-sunims\/\" target=\"_blank\" rel=\"noopener\">Lieliski piem\u0113rots apm\u0101c\u012bbai,<\/a> k\u0101 balvu vai gar\u0161\u012bgu uzkodu.<\/li>\n<li>Atbalsta vesel\u012bgu gremo\u0161anas traktu un sirdi, k\u0101 ar\u012b sp\u012bd\u012bgu ka\u017eoku.<\/li>\n<li>Iepakots lietot\u0101jam \u0113rt\u0101 r\u0101v\u0113jsl\u0113dz\u0113ja tipa iepakojum\u0101, lai produkts ilg\u0101k saglab\u0101tos svaigs.<\/li>\n<li>Augst\u0101k\u0101 produktu kvalit\u0101te! <a href=\"https:\/\/www.wanpy.eu\/assortiment\/wanpy\">Wanpy la\u0161a zivs formas kumosi\u0146i<\/a> Baro\u0161anas l\u012bdzek\u013ci ir apstiprin\u0101ti un tiek p\u0101rdoti ASV, kur P\u0101rtikas un z\u0101\u013cu administr\u0101cijas standarti ir vieni no stingr\u0101kajiem pasaul\u0113.<\/li>\n<\/ul>","protected":false},"excerpt":{"rendered":"<p>Wanpy Salmon Fish Shape Bites &#8211; nat\u016bral\u016bs, kepti orkait\u0117je \u017euvies formos skan\u0117stai i\u0161 la\u0161i\u0161os. Tinka vis\u0173 am\u017eiaus grupi\u0173 ir veisli\u0173 \u0161unims. 100% sveikas ir nat\u016bralus u\u017ekandis. Sud\u0117tyje ma\u017eai riebal\u0173, bet daug baltym\u0173. DHR r\u016bg\u0161tis padeda palaikyti smegen\u0173 veikl\u0105. Skan\u0117stai pritaikyti vis\u0173 am\u017eiaus grupi\u0173 ir veisli\u0173 \u0161unims. Tobulai tinka treniravimui, kaip atlygis arba skaniai u\u017ek\u0105sti. Palaiko&#8230;<\/p>","protected":false},"featured_media":19594,"comment_status":"closed","ping_status":"closed","template":"","meta":{"_acf_changed":false,"slim_seo":{"title":"Wanpy Salmon Fish Shape Bites skan\u0117stai \u0161unims, \u017euvyt\u0117s formos k\u0105sneliai su la\u0161i\u0161a, 100 g - Zooprekes24","description":"Wanpy Salmon Fish Shape Bites - dab\u012bgi, kr\u0101sn\u012b cepti zivs formas k\u0101rumi no la\u0161a. Piem\u0113rots visu vecumu un \u0161\u0137ir\u0146u su\u0146iem. 100% vesel\u012bgi un dabiski"},"iawp_total_views":64},"product_brand":[],"product_cat":[9010,8999,31,30,9066],"product_tag":[385,386],"class_list":{"0":"post-22389","1":"product","2":"type-product","3":"status-publish","4":"has-post-thumbnail","6":"product_cat-naturalus-skanestai","7":"product_cat-sunims","8":"product_cat-sunu-prekiu-gamintojai","9":"product_cat-sunu-skanestai","10":"product_cat-wanpy-sunims","11":"product_tag-skanestas-suns-dresiravimui","12":"product_tag-skanukai-sunims","13":"pa_pasaro-sudetis-lasisa","14":"pa_pasaro-sudetis-vistiena","15":"pa_pasaro-sudetis-zuvis","16":"pa_prekiu-zenklai-wanpy","17":"pa_suns-amzius-jauniems","18":"pa_suns-amzius-senjorams","19":"pa_suns-amzius-suaugusiems","20":"pa_suns-amzius-visiems-amziams","21":"pa_veisles-dydis-didelems-veislems","22":"pa_veisles-dydis-mazoms-veislems","23":"pa_veisles-dydis-vidutinems-veislems","24":"pa_veisles-dydis-visu-dydziu-veislems","26":"first","27":"instock","28":"featured","29":"taxable","30":"shipping-taxable","31":"purchasable","32":"product-type-simple"},"acf":[],"_links":{"self":[{"href":"https:\/\/zooprekes24.lt\/lv\/wp-json\/wp\/v2\/product\/22389","targetHints":{"allow":["GET"]}}],"collection":[{"href":"https:\/\/zooprekes24.lt\/lv\/wp-json\/wp\/v2\/product"}],"about":[{"href":"https:\/\/zooprekes24.lt\/lv\/wp-json\/wp\/v2\/types\/product"}],"replies":[{"embeddable":true,"href":"https:\/\/zooprekes24.lt\/lv\/wp-json\/wp\/v2\/comments?post=22389"}],"wp:featuredmedia":[{"embeddable":true,"href":"https:\/\/zooprekes24.lt\/lv\/wp-json\/wp\/v2\/media\/19594"}],"wp:attachment":[{"href":"https:\/\/zooprekes24.lt\/lv\/wp-json\/wp\/v2\/media?parent=22389"}],"wp:term":[{"taxonomy":"product_brand","embeddable":true,"href":"https:\/\/zooprekes24.lt\/lv\/wp-json\/wp\/v2\/product_brand?post=22389"},{"taxonomy":"product_cat","embeddable":true,"href":"https:\/\/zooprekes24.lt\/lv\/wp-json\/wp\/v2\/product_cat?post=22389"},{"taxonomy":"product_tag","embeddable":true,"href":"https:\/\/zooprekes24.lt\/lv\/wp-json\/wp\/v2\/product_tag?post=22389"}],"curies":[{"name":"wp","href":"https:\/\/api.w.org\/{rel}","templated":true}]}}