{"id":22388,"date":"2024-04-18T21:21:50","date_gmt":"2024-04-18T18:21:50","guid":{"rendered":"https:\/\/zooprekes24.lt\/produktas\/wanpy-sweet-potato-slices-sunims\/"},"modified":"2024-09-09T15:27:49","modified_gmt":"2024-09-09T12:27:49","slug":"saldo-kartupelu-skeles-sunims","status":"publish","type":"product","link":"https:\/\/zooprekes24.lt\/lv\/produktas\/wanpy-sweet-potato-slices-sunims\/","title":{"rendered":"Wanpy Saldo kartupe\u013cu \u0161\u0137\u0113les, saldo kartupe\u013cu \u0161\u0137\u0113les, 100 g, su\u0146iem"},"content":{"rendered":"<h3>Wanpy saldo kartupe\u013cu \u0161\u0137\u0113les - dab\u012bgas un vesel\u012bgas saldo kartupe\u013cu \u0161\u0137\u0113les, ceptas cepe\u0161kr\u0101sn\u012b. Piem\u0113rotas visu vecumu un \u0161\u0137ir\u0146u su\u0146iem.<\/h3>\n<ul>\n<li>100% vesel\u012bga un dab\u012bga uzkoda.<\/li>\n<li>Maz tauku, bet daudz olbaltumvielu.<\/li>\n<li>Stiprina kaulus un mutes musku\u013cus.<\/li>\n<li>Gar\u0161augi visu vecumu un \u0161\u0137ir\u0146u su\u0146iem.<\/li>\n<li><a href=\"https:\/\/zooprekes24.lt\/lv\/kategorija\/prekes-sunims\/sunu-degustatori\/minksti-kramtalai-sunims\/\" target=\"_blank\" rel=\"noopener\">Lieliski piem\u0113rots apbalvo\u0161anai<\/a>gar\u0161\u012bg\u0101m uzkod\u0101m vai lai apmierin\u0101tu dabisko vajadz\u012bbu ko\u0161\u013c\u0101t.<\/li>\n<li>Iepakots lietot\u0101jam \u0113rt\u0101 r\u0101v\u0113jsl\u0113dz\u0113ja tipa iepakojum\u0101, lai produkts ilg\u0101k saglab\u0101tos svaigs.<\/li>\n<li>Augst\u0101k\u0101 produktu kvalit\u0101te! <a href=\"https:\/\/www.wanpy.eu\/assortiment\/wanpy\">Saldo kartupe\u013cu \u0161\u0137\u0113les Wanpy<\/a> Baro\u0161anas l\u012bdzek\u013ci ir apstiprin\u0101ti un tiek p\u0101rdoti ASV, kur P\u0101rtikas un z\u0101\u013cu administr\u0101cijas standarti ir vieni no stingr\u0101kajiem pasaul\u0113.<\/li>\n<\/ul>","protected":false},"excerpt":{"rendered":"<p>Wanpy Sweet Potato Slices &#8211; nat\u016bralios ir sveikos sald\u017ei\u0173j\u0173 bulvi\u0173 skiltel\u0117s keptos orkait\u0117je. Tinka vis\u0173 am\u017eiaus grupi\u0173 ir veisli\u0173 \u0161unims. 100% sveikas ir nat\u016bralus u\u017ekandis. Sud\u0117tyje ma\u017eai riebal\u0173, bet daug baltym\u0173. Stiprina kaulus ir kramtomuosius burnos raumenis. Skan\u0117stai pritaikyti vis\u0173 am\u017eiaus grupi\u0173 ir veisli\u0173 \u0161unims. Tobulai tinka atlygiui, skaniai u\u017ek\u0105sti ar nat\u016braliam poreikiui kramtyti patenkinti&#8230;.<\/p>","protected":false},"featured_media":19591,"comment_status":"closed","ping_status":"closed","template":"","meta":{"_acf_changed":false,"slim_seo":{"title":"Wanpy Sweet Potato Slices skan\u0117stai \u0161unims, sald\u017ei\u0173 bulvi\u0173 skiltel\u0117s, 100 g - Zooprekes24","description":"Wanpy saldo kartupe\u013cu \u0161\u0137\u0113les - dab\u012bgas un vesel\u012bgas saldo kartupe\u013cu \u0161\u0137\u0113les, ceptas cepe\u0161kr\u0101sn\u012b. Piem\u0113rotas visu vecumu un \u0161\u0137ir\u0146u su\u0146iem. 100% vesel\u012bgi un dab\u012bgi"},"iawp_total_views":40},"product_brand":[],"product_cat":[9010,8999,31,30,9066],"product_tag":[385,386],"class_list":{"0":"post-22388","1":"product","2":"type-product","3":"status-publish","4":"has-post-thumbnail","6":"product_cat-naturalus-skanestai","7":"product_cat-sunims","8":"product_cat-sunu-prekiu-gamintojai","9":"product_cat-sunu-skanestai","10":"product_cat-wanpy-sunims","11":"product_tag-skanestas-suns-dresiravimui","12":"product_tag-skanukai-sunims","13":"pa_pasaro-sudetis-bulves","14":"pa_prekiu-zenklai-wanpy","15":"pa_suns-amzius-jauniems","16":"pa_suns-amzius-senjorams","17":"pa_suns-amzius-suaugusiems","18":"pa_suns-amzius-visiems-amziams","19":"pa_veisles-dydis-didelems-veislems","20":"pa_veisles-dydis-mazoms-veislems","21":"pa_veisles-dydis-vidutinems-veislems","22":"pa_veisles-dydis-visu-dydziu-veislems","24":"first","25":"instock","26":"featured","27":"taxable","28":"shipping-taxable","29":"purchasable","30":"product-type-simple"},"acf":[],"_links":{"self":[{"href":"https:\/\/zooprekes24.lt\/lv\/wp-json\/wp\/v2\/product\/22388","targetHints":{"allow":["GET"]}}],"collection":[{"href":"https:\/\/zooprekes24.lt\/lv\/wp-json\/wp\/v2\/product"}],"about":[{"href":"https:\/\/zooprekes24.lt\/lv\/wp-json\/wp\/v2\/types\/product"}],"replies":[{"embeddable":true,"href":"https:\/\/zooprekes24.lt\/lv\/wp-json\/wp\/v2\/comments?post=22388"}],"wp:featuredmedia":[{"embeddable":true,"href":"https:\/\/zooprekes24.lt\/lv\/wp-json\/wp\/v2\/media\/19591"}],"wp:attachment":[{"href":"https:\/\/zooprekes24.lt\/lv\/wp-json\/wp\/v2\/media?parent=22388"}],"wp:term":[{"taxonomy":"product_brand","embeddable":true,"href":"https:\/\/zooprekes24.lt\/lv\/wp-json\/wp\/v2\/product_brand?post=22388"},{"taxonomy":"product_cat","embeddable":true,"href":"https:\/\/zooprekes24.lt\/lv\/wp-json\/wp\/v2\/product_cat?post=22388"},{"taxonomy":"product_tag","embeddable":true,"href":"https:\/\/zooprekes24.lt\/lv\/wp-json\/wp\/v2\/product_tag?post=22388"}],"curies":[{"name":"wp","href":"https:\/\/api.w.org\/{rel}","templated":true}]}}