{"id":22387,"date":"2024-04-18T21:21:50","date_gmt":"2024-04-18T18:21:50","guid":{"rendered":"https:\/\/zooprekes24.lt\/produktas\/wanpy-lamb-jerky-slices-skanestai-sunims\/"},"modified":"2024-09-09T15:19:58","modified_gmt":"2024-09-09T12:19:58","slug":"wanpy-jera-galas-zavetas-skeles-skanestai-sunims","status":"publish","type":"product","link":"https:\/\/zooprekes24.lt\/lv\/produktas\/wanpy-lamb-jerky-slices-skanestai-sunims\/","title":{"rendered":"Wanpy Lamb Jerky \u0161\u0137\u0113les su\u0146iem, \u017e\u0101v\u0113tas j\u0113ra ga\u013cas sloksnes, 100 g"},"content":{"rendered":"<h3>Wanpy Lamb Jerky Slices - kr\u0101sn\u012b s\u0101l\u012btas dab\u012bgas j\u0113ra ga\u013cas sloksnes. Piem\u0113rotas visu vecumu un \u0161\u0137ir\u0146u su\u0146iem.<\/h3>\n<ul>\n<li>100% vesel\u012bga un dab\u012bga uzkoda.<\/li>\n<li>Maz tauku, bet daudz olbaltumvielu.<\/li>\n<li>Gar\u0161augi visu vecumu un \u0161\u0137ir\u0146u su\u0146iem.<\/li>\n<li>Stiprina kaulus un veicina vesel\u012bgu gremo\u0161anas trakta darb\u012bbu.<\/li>\n<li><a href=\"https:\/\/zooprekes24.lt\/lv\/kategorija\/prekes-sunims\/sunu-degustatori\/minksti-kramtalai-sunims\/\" target=\"_blank\" rel=\"noopener\">Lieliski piem\u0113rots apbalvo\u0161anai<\/a>gar\u0161\u012bg\u0101m uzkod\u0101m vai lai apmierin\u0101tu dabisko vajadz\u012bbu ko\u0161\u013c\u0101t.<\/li>\n<li>Iepakots lietot\u0101jam \u0113rt\u0101 r\u0101v\u0113jsl\u0113dz\u0113ja tipa iepakojum\u0101, lai produkts ilg\u0101k saglab\u0101tos svaigs.<\/li>\n<li>Augst\u0101k\u0101 produktu kvalit\u0101te! <a href=\"https:\/\/www.wanpy.eu\/assortiment\/wanpy\">Wanpy j\u0113ra ga\u013cas \u0161\u0137\u0113les<\/a> Baro\u0161anas l\u012bdzek\u013ci ir apstiprin\u0101ti un tiek p\u0101rdoti ASV, kur P\u0101rtikas un z\u0101\u013cu administr\u0101cijas standarti ir vieni no stingr\u0101kajiem pasaul\u0113.<\/li>\n<\/ul>","protected":false},"excerpt":{"rendered":"<p>Wanpy Lamb Jerky Slices &#8211; nat\u016bralios vytintos \u0117rienos juostel\u0117s keptos orkait\u0117je. Tinka vis\u0173 am\u017eiaus grupi\u0173 ir veisli\u0173 \u0161unims. 100% sveikas ir nat\u016bralus u\u017ekandis. Sud\u0117tyje ma\u017eai riebal\u0173, bet daug baltym\u0173. Skan\u0117stai pritaikyti vis\u0173 am\u017eiaus grupi\u0173 ir veisli\u0173 \u0161unims. Stiprina kaulus\u00a0ir palaiko sveik\u0105 vir\u0161kinamojo trakto veikl\u0105. Tobulai tinka atlygiui, skaniai u\u017ek\u0105sti ar nat\u016braliam poreikiui kramtyti patenkinti. Supakuota&#8230;<\/p>","protected":false},"featured_media":19589,"comment_status":"closed","ping_status":"closed","template":"","meta":{"_acf_changed":false,"slim_seo":{"title":"Wanpy Lamb Jerky Slices skan\u0117stai \u0161unims, vytintos \u0117rienos juostel\u0117s, 100 g - Zooprekes24","description":"Wanpy Lamb Jerky Slices - dab\u012bgas, kr\u0101sn\u012b s\u0101l\u012btas j\u0113ra ga\u013cas sloksnes. Piem\u0113rotas visu vecumu un \u0161\u0137ir\u0146u su\u0146iem. 100% vesel\u012bga un dab\u012bga uzkoda"},"iawp_total_views":25},"product_brand":[],"product_cat":[9010,8999,31,30,9066],"product_tag":[1275,385,386],"class_list":{"0":"post-22387","1":"product","2":"type-product","3":"status-publish","4":"has-post-thumbnail","6":"product_cat-naturalus-skanestai","7":"product_cat-sunims","8":"product_cat-sunu-prekiu-gamintojai","9":"product_cat-sunu-skanestai","10":"product_cat-wanpy-sunims","11":"product_tag-erienos-skanestai-suniui","12":"product_tag-skanestas-suns-dresiravimui","13":"product_tag-skanukai-sunims","14":"pa_pasaro-sudetis-antiena","15":"pa_pasaro-sudetis-eriena","16":"pa_prekiu-zenklai-wanpy","17":"pa_suns-amzius-jauniems","18":"pa_suns-amzius-senjorams","19":"pa_suns-amzius-suaugusiems","20":"pa_suns-amzius-visiems-amziams","21":"pa_veisles-dydis-didelems-veislems","22":"pa_veisles-dydis-mazoms-veislems","23":"pa_veisles-dydis-vidutinems-veislems","24":"pa_veisles-dydis-visu-dydziu-veislems","26":"first","27":"instock","28":"featured","29":"taxable","30":"shipping-taxable","31":"purchasable","32":"product-type-simple"},"acf":[],"_links":{"self":[{"href":"https:\/\/zooprekes24.lt\/lv\/wp-json\/wp\/v2\/product\/22387","targetHints":{"allow":["GET"]}}],"collection":[{"href":"https:\/\/zooprekes24.lt\/lv\/wp-json\/wp\/v2\/product"}],"about":[{"href":"https:\/\/zooprekes24.lt\/lv\/wp-json\/wp\/v2\/types\/product"}],"replies":[{"embeddable":true,"href":"https:\/\/zooprekes24.lt\/lv\/wp-json\/wp\/v2\/comments?post=22387"}],"wp:featuredmedia":[{"embeddable":true,"href":"https:\/\/zooprekes24.lt\/lv\/wp-json\/wp\/v2\/media\/19589"}],"wp:attachment":[{"href":"https:\/\/zooprekes24.lt\/lv\/wp-json\/wp\/v2\/media?parent=22387"}],"wp:term":[{"taxonomy":"product_brand","embeddable":true,"href":"https:\/\/zooprekes24.lt\/lv\/wp-json\/wp\/v2\/product_brand?post=22387"},{"taxonomy":"product_cat","embeddable":true,"href":"https:\/\/zooprekes24.lt\/lv\/wp-json\/wp\/v2\/product_cat?post=22387"},{"taxonomy":"product_tag","embeddable":true,"href":"https:\/\/zooprekes24.lt\/lv\/wp-json\/wp\/v2\/product_tag?post=22387"}],"curies":[{"name":"wp","href":"https:\/\/api.w.org\/{rel}","templated":true}]}}