{"id":22361,"date":"2024-04-18T21:21:39","date_gmt":"2024-04-18T18:21:39","guid":{"rendered":"https:\/\/zooprekes24.lt\/produktas\/churu-twin-packs-chicken-vegetables\/"},"modified":"2025-09-15T13:26:16","modified_gmt":"2025-09-15T11:26:16","slug":"churu-dvinu-iepakojumi-vistas-darzeni","status":"publish","type":"product","link":"https:\/\/zooprekes24.lt\/lv\/produktas\/churu-twin-packs-chicken-vegetables\/","title":{"rendered":"Churu Twin Packs Vistas d\u0101rze\u0146u k\u0101rums su\u0146iem 80 g"},"content":{"rendered":"<h3>Churu Twin Packs Chicken Vegetables - bez graudaugiem gatavots k\u0101rums su\u0146iem ar vistas ga\u013cu un d\u0101rze\u0146iem \u017eelejas buljon\u0101. Satur lielu daudzumu mitruma, kas ir b\u016btisks su\u0146u vesel\u012bbai. Bag\u0101tin\u0101ts ar za\u013c\u0101s t\u0113jas ekstraktu un vitam\u012bnu E. Nesatur konservantus un m\u0101ksl\u012bg\u0101s kr\u0101svielas.<\/h3>\n<ul>\n<li><a href=\"https:\/\/zooprekes24.lt\/lv\/kategorija\/prekes-sunims\/sunu-bariba\/begrudis-maistas-sunims\/\" target=\"_blank\" rel=\"noopener\">Bez graudaugiem<\/a>, konservantiem un m\u0101ksl\u012bg\u0101m kr\u0101sviel\u0101m.<\/li>\n<li>Dabiski vistas ga\u013cas gabali\u0146i, kas p\u0101rkl\u0101ti ar buljona \u017eeleju.<\/li>\n<li>Katr\u0101 40 g porcij\u0101 ir 91 % mitruma un tikai 22 kalorijas.<\/li>\n<li>\u0112rts individu\u0101ls iepakojums, lai vienm\u0113r var\u0113tu pasniegt svaigas un vesel\u012bgas uzkodas.<\/li>\n<li><a href=\"https:\/\/inabafoods.com\" target=\"_blank\" rel=\"noopener\">Churu<\/a> Twin Packs Chicken Vegetables ir pagatavots no gard\u0101m augstas kvalit\u0101tes sast\u0101vda\u013c\u0101m, tostarp saimniec\u012bb\u0101 audz\u0113tas vistas ga\u013cas.<\/li>\n<li>Dubultie iepakojumi ir divas vienas porcijas s\u0101l\u012bt\u0101 \u017eelej\u0101 ar sasmalcin\u0101tu vistas ga\u013cu un d\u0101rze\u0146iem. Vienk\u0101r\u0161i atpl\u0113siet, atpl\u0113siet virspusi un lietojiet k\u0101 papildin\u0101jumu mitrai vai sausai su\u0146u bar\u012bbai vai k\u0101 piedevu pie \u0113diena.<\/li>\n<\/ul>","protected":false},"excerpt":{"rendered":"<p>Churu Twin Packs Chicken Vegetables &#8211; begr\u016bdis skan\u0117stas \u0161unims su vi\u0161tiena ir dar\u017eov\u0117mis \u017eel\u0117 sultinyje. Sud\u0117tyje daug dr\u0117gm\u0117s, kuri yra b\u016btina gerai \u0161un\u0173 sveikatai. Praturtinta \u017ealiosios arbatos ekstraktu ir vitaminu E. Be konservant\u0173 ir dirbtini\u0173 da\u017eikli\u0173. Be gr\u016bd\u0173, konservant\u0173 ir dirbtini\u0173 da\u017eikli\u0173. Nat\u016bral\u016bs vi\u0161tienos gabaliukai padengti sultinio \u017eel\u0117. Kiekvienoje 40 g porcijoje yra 91 %&#8230;<\/p>","protected":false},"featured_media":19510,"comment_status":"closed","ping_status":"closed","template":"","meta":{"_acf_changed":false,"slim_seo":{"title":"Churu Twin Packs Chicken Vegetables skan\u0117stas \u0161unims 80 g - Zooprekes24","description":"Churu Twin Packs Chicken Vegetables - bez graudaugiem gatavots k\u0101rums su\u0146iem ar vistas ga\u013cu un d\u0101rze\u0146iem \u017eelejas buljon\u0101. Augsts mitruma saturs, kas ir b\u016btisks su\u0146u vesel\u012bbai."},"iawp_total_views":7},"product_brand":[],"product_cat":[9240,9010,8999,31,30],"product_tag":[],"class_list":{"0":"post-22361","1":"product","2":"type-product","3":"status-publish","4":"has-post-thumbnail","6":"product_cat-churu-sunims","7":"product_cat-naturalus-skanestai","8":"product_cat-sunims","9":"product_cat-sunu-prekiu-gamintojai","10":"product_cat-sunu-skanestai","11":"pa_pasaro-sudetis-darzoves","12":"pa_pasaro-sudetis-vistiena","13":"pa_prekiu-zenklai-churu","14":"pa_suns-amzius-jauniems","15":"pa_suns-amzius-senjorams","16":"pa_suns-amzius-suaugusiems","17":"pa_suns-amzius-visiems-amziams","18":"pa_veisles-dydis-didelems-veislems","19":"pa_veisles-dydis-mazoms-veislems","20":"pa_veisles-dydis-vidutinems-veislems","21":"pa_veisles-dydis-visu-dydziu-veislems","23":"first","24":"instock","25":"taxable","26":"shipping-taxable","27":"purchasable","28":"product-type-simple"},"acf":[],"_links":{"self":[{"href":"https:\/\/zooprekes24.lt\/lv\/wp-json\/wp\/v2\/product\/22361","targetHints":{"allow":["GET"]}}],"collection":[{"href":"https:\/\/zooprekes24.lt\/lv\/wp-json\/wp\/v2\/product"}],"about":[{"href":"https:\/\/zooprekes24.lt\/lv\/wp-json\/wp\/v2\/types\/product"}],"replies":[{"embeddable":true,"href":"https:\/\/zooprekes24.lt\/lv\/wp-json\/wp\/v2\/comments?post=22361"}],"wp:featuredmedia":[{"embeddable":true,"href":"https:\/\/zooprekes24.lt\/lv\/wp-json\/wp\/v2\/media\/19510"}],"wp:attachment":[{"href":"https:\/\/zooprekes24.lt\/lv\/wp-json\/wp\/v2\/media?parent=22361"}],"wp:term":[{"taxonomy":"product_brand","embeddable":true,"href":"https:\/\/zooprekes24.lt\/lv\/wp-json\/wp\/v2\/product_brand?post=22361"},{"taxonomy":"product_cat","embeddable":true,"href":"https:\/\/zooprekes24.lt\/lv\/wp-json\/wp\/v2\/product_cat?post=22361"},{"taxonomy":"product_tag","embeddable":true,"href":"https:\/\/zooprekes24.lt\/lv\/wp-json\/wp\/v2\/product_tag?post=22361"}],"curies":[{"name":"wp","href":"https:\/\/api.w.org\/{rel}","templated":true}]}}