{"id":22359,"date":"2024-04-18T21:21:39","date_gmt":"2024-04-18T18:21:39","guid":{"rendered":"https:\/\/zooprekes24.lt\/produktas\/churu-multipack-tuna-varieties-katems\/"},"modified":"2026-03-02T14:07:07","modified_gmt":"2026-03-02T12:07:07","slug":"churu-multipack-tuna-varieties-skanestu-rinkinys-katems-50vnt","status":"publish","type":"product","link":"https:\/\/zooprekes24.lt\/lv\/produktas\/churu-multipack-tuna-varieties-skanestu-rinkinys-katems-50vnt\/","title":{"rendered":"Churu Multipack Tuna Varieties skan\u0117st\u0173 rinkinys kat\u0117ms, 50 vnt"},"content":{"rendered":"<h3>Churu Multipack Tuna Varieties &#8211; skan\u0117st\u0173 rinkinys su tunu. Tyrel\u0117se yra daug dr\u0117gm\u0117s, kuri yra b\u016btina gerai ka\u010di\u0173 sveikatai. Sud\u0117tyje n\u0117ra gr\u016bd\u0173, konservant\u0173 ir dirbtini\u0173 da\u017eikli\u0173.<\/h3>\n<ul>\n<li>Ekonomisks iepakojums.<\/li>\n<li>Kr\u0113m\u012bga konsistence un pikanta gar\u0161a.<\/li>\n<li>Rinkinyje rasite 14 g \u00d7 50 pakeli\u0173 &#8211; 700 g.<\/li>\n<li><a href=\"https:\/\/zooprekes24.lt\/lv\/kategorija\/prekes-katems\/ciema-partika\/bezbruna-partika\/\" target=\"_blank\" rel=\"noopener\">Bez graudaugiem<\/a>, konservantiem un m\u0101ksl\u012bg\u0101m kr\u0101sviel\u0101m.<\/li>\n<li>4 da\u017e\u0101du gar\u0161u kombin\u0101cijas biezen\u012b ar tunci.<\/li>\n<li>Interakt\u012bvs veids, k\u0101 pavad\u012bt laiku kop\u0101 ar m\u0101jdz\u012bvnieku.<\/li>\n<li><a href=\"https:\/\/www.inabafoods.com\" target=\"_blank\" rel=\"noopener\">Churu Multipack Tuna Varieties gardumi satur daudz mitruma, kas ir \u013coti svar\u012bgs ka\u0137u vesel\u012bbai un labsaj\u016btai.<\/a>.<\/li>\n<li>Nodro\u0161ina ka\u0137a mitrin\u0101\u0161anu, nepievienojot kalorijas: katra gar\u0161\u012bg\u0101, kr\u0113m\u012bg\u0101 Churu t\u016bbi\u0146a satur 91 % mitruma un tikai se\u0161as kalorijas (desmit\u0101 da\u013ca no tradicion\u0101lo sauso ka\u0137u na\u0161\u0137u kalorij\u0101m).<\/li>\n<\/ul>","protected":false},"excerpt":{"rendered":"<p>Churu Multipack Tuna Varieties &#8211; skan\u0117st\u0173 rinkinys su tunu. Tyrel\u0117se yra daug dr\u0117gm\u0117s, kuri yra b\u016btina gerai ka\u010di\u0173 sveikatai. Sud\u0117tyje n\u0117ra gr\u016bd\u0173, konservant\u0173 ir dirbtini\u0173 da\u017eikli\u0173. Ekonomi\u0161ka pakuot\u0117. Kremin\u0117 tekst\u016bra ir pikanti\u0161kas skonis. Rinkinyje rasite 14 g \u00d7 50 pakeli\u0173 &#8211; 700 g. Be gr\u016bd\u0173, konservant\u0173 ir dirbtini\u0173 da\u017eikli\u0173. Pakuot\u0117je 4 skirtingi tyreli\u0173 skoni\u0173 deriniai&#8230;<\/p>","protected":false},"featured_media":19507,"comment_status":"closed","ping_status":"closed","template":"","meta":{"_acf_changed":false,"slim_seo":{"title":"Churu Multipack Tuna Varieties skan\u0117st\u0173 rinkinys kat\u0117ms, 50 vnt - Zooprekes24","description":"Churu Multipack Tuna Varieties - skan\u0117st\u0173 rinkinys su tunu. Tyrel\u0117se yra daug dr\u0117gm\u0117s, kuri yra b\u016btina gerai ka\u010di\u0173 sveikatai. Sud\u0117tyje n\u0117ra gr\u016bd\u0173, konservant\u0173 i"},"iawp_total_views":219},"product_brand":[],"product_cat":[9027,9239,72,83,25,9018],"product_tag":[7671,2032],"class_list":{"0":"post-22359","1":"product","2":"type-product","3":"status-publish","4":"has-post-thumbnail","6":"product_cat-begrudis-maistas-kaciu-maistas","7":"product_cat-churu-katems","8":"product_cat-kaciu-maistas","9":"product_cat-kaciu-prekiu-gamintojai","10":"product_cat-katems","11":"product_cat-skanestai","12":"product_tag-churu-rinkinys-katems","13":"product_tag-skystas-kaciu-skanestas","14":"pa_pasaro-sudetis-juros-gerybes","15":"pa_pasaro-sudetis-lasisa","16":"pa_pasaro-sudetis-tunas","17":"pa_pasaro-sudetis-vistiena","18":"pa_pasaro-sudetis-zuvis","19":"pa_prekiu-zenklai-churu","21":"first","22":"instock","23":"taxable","24":"shipping-taxable","25":"purchasable","26":"product-type-simple"},"acf":[],"_links":{"self":[{"href":"https:\/\/zooprekes24.lt\/lv\/wp-json\/wp\/v2\/product\/22359","targetHints":{"allow":["GET"]}}],"collection":[{"href":"https:\/\/zooprekes24.lt\/lv\/wp-json\/wp\/v2\/product"}],"about":[{"href":"https:\/\/zooprekes24.lt\/lv\/wp-json\/wp\/v2\/types\/product"}],"replies":[{"embeddable":true,"href":"https:\/\/zooprekes24.lt\/lv\/wp-json\/wp\/v2\/comments?post=22359"}],"wp:featuredmedia":[{"embeddable":true,"href":"https:\/\/zooprekes24.lt\/lv\/wp-json\/wp\/v2\/media\/19507"}],"wp:attachment":[{"href":"https:\/\/zooprekes24.lt\/lv\/wp-json\/wp\/v2\/media?parent=22359"}],"wp:term":[{"taxonomy":"product_brand","embeddable":true,"href":"https:\/\/zooprekes24.lt\/lv\/wp-json\/wp\/v2\/product_brand?post=22359"},{"taxonomy":"product_cat","embeddable":true,"href":"https:\/\/zooprekes24.lt\/lv\/wp-json\/wp\/v2\/product_cat?post=22359"},{"taxonomy":"product_tag","embeddable":true,"href":"https:\/\/zooprekes24.lt\/lv\/wp-json\/wp\/v2\/product_tag?post=22359"}],"curies":[{"name":"wp","href":"https:\/\/api.w.org\/{rel}","templated":true}]}}