{"id":22357,"date":"2024-04-18T21:21:39","date_gmt":"2024-04-18T18:21:39","guid":{"rendered":"https:\/\/zooprekes24.lt\/produktas\/churu-chicken-kitten-skanestai\/"},"modified":"2026-04-13T12:36:28","modified_gmt":"2026-04-13T10:36:28","slug":"churu-vistas-kakens-skanestai","status":"publish","type":"product","link":"https:\/\/zooprekes24.lt\/lv\/produktas\/churu-chicken-kitten-skanestai\/","title":{"rendered":"Churu Chicken Kitten gardumi ka\u0137\u0113niem 56 g"},"content":{"rendered":"<h3>Churu Chicken Kitten gardumi ir ar augstu mitruma saturu, kas ir b\u016btisks ka\u0137\u0113nu vesel\u012bbai. Bag\u0101tin\u0101ti ar omega 3 un 6 tauksk\u0101b\u0113m, kas pal\u012bdz uztur\u0113t vesel\u012bgu \u0101du un ka\u017eoku. P\u012br\u0101gi nesatur graudus, konservantus un m\u0101ksl\u012bg\u0101s kr\u0101svielas.<\/h3>\n<ul>\n<li>Bez kalorij\u0101m.<\/li>\n<li>Kr\u0113m\u012bga konsistence un pikanta gar\u0161a.<\/li>\n<li><a href=\"https:\/\/zooprekes24.lt\/lv\/kategorija\/prekes-katems\/ciema-partika\/bezbruna-partika\/\" target=\"_blank\" rel=\"noopener\">Bez graudaugiem<\/a>, konservantiem un m\u0101ksl\u012bg\u0101m kr\u0101sviel\u0101m.<\/li>\n<li>Izgatavots no vistas ga\u013cas no saimniec\u012bbas 100%.<\/li>\n<li>Interakt\u012bvs veids, k\u0101 pavad\u012bt laiku kop\u0101 ar m\u0101jdz\u012bvnieku.<\/li>\n<li><a href=\"https:\/\/www.inabafoods.com\" target=\"_blank\" rel=\"noopener\">Churu Chicken Kitten gardumi ir ar augstu mitruma saturu, kas ir b\u016btisks ka\u0137u vesel\u012bbai un labsaj\u016btai.<\/a>.<\/li>\n<li>Atbalsta smadze\u0146u att\u012bst\u012bbu: zivju e\u013c\u013c\u0101 eso\u0161\u0101 DHA veicina smadze\u0146u un redzes att\u012bst\u012bbu, bet EPA - vesel\u012bgu aug\u0161anu un imunit\u0101ti.<\/li>\n<li>Taur\u012bns un E vitam\u012bns: taur\u012bns ir neaizvietojama aminosk\u0101be, kas pal\u012bdz ka\u0137\u0113niem saglab\u0101t norm\u0101lu redzi, sirds un nervu darb\u012bbu. E vitam\u012bns darbojas k\u0101 antioksidants.<\/li>\n<\/ul>","protected":false},"excerpt":{"rendered":"<p>Churu Chicken Kitten skan\u0117stuose yra daug dr\u0117gm\u0117s, kuri yra b\u016btina gerai ka\u010diuk\u0173 sveikatai. Praturtinta Omega 3 ir 6 riebal\u0173 r\u016bg\u0161timis, kurios padeda palaikyti sveik\u0105 od\u0105 ir kail\u012f. Tyreli\u0173 sud\u0117tyje n\u0117ra gr\u016bd\u0173, konservant\u0173 ir dirbtini\u0173 da\u017eikli\u0173. Nekaloringas. Kremin\u0117 tekst\u016bra ir pikanti\u0161kas skonis. Be gr\u016bd\u0173, konservant\u0173 ir dirbtini\u0173 da\u017eikli\u0173. Pagaminta i\u0161 100% \u016bkyje u\u017eaugintos vi\u0161tienos. Interaktyvus b\u016bdas&#8230;<\/p>","protected":false},"featured_media":19505,"comment_status":"closed","ping_status":"closed","template":"","meta":{"_acf_changed":false,"slim_seo":{"title":"Churu Chicken Kitten skan\u0117stai ka\u010diukams 56 g - Zooprekes24","description":"Churu Chicken Kitten skan\u0117stuose yra daug dr\u0117gm\u0117s, kuri yra b\u016btina gerai ka\u010diuk\u0173 sveikatai. Praturtinta Omega 3 ir 6 riebal\u0173 r\u016bg\u0161timis, kurios padeda palaikyti"},"iawp_total_views":144},"product_brand":[],"product_cat":[9027,9239,72,83,25,9018],"product_tag":[2008,2032],"class_list":{"0":"post-22357","1":"product","2":"type-product","3":"status-publish","4":"has-post-thumbnail","6":"product_cat-begrudis-maistas-kaciu-maistas","7":"product_cat-churu-katems","8":"product_cat-kaciu-maistas","9":"product_cat-kaciu-prekiu-gamintojai","10":"product_cat-katems","11":"product_cat-skanestai","12":"product_tag-kaciu-skanestai","13":"product_tag-skystas-kaciu-skanestas","14":"pa_pasaro-sudetis-vistiena","15":"pa_prekiu-zenklai-churu","17":"first","18":"outofstock","19":"taxable","20":"shipping-taxable","21":"purchasable","22":"product-type-simple"},"acf":[],"_links":{"self":[{"href":"https:\/\/zooprekes24.lt\/lv\/wp-json\/wp\/v2\/product\/22357","targetHints":{"allow":["GET"]}}],"collection":[{"href":"https:\/\/zooprekes24.lt\/lv\/wp-json\/wp\/v2\/product"}],"about":[{"href":"https:\/\/zooprekes24.lt\/lv\/wp-json\/wp\/v2\/types\/product"}],"replies":[{"embeddable":true,"href":"https:\/\/zooprekes24.lt\/lv\/wp-json\/wp\/v2\/comments?post=22357"}],"wp:featuredmedia":[{"embeddable":true,"href":"https:\/\/zooprekes24.lt\/lv\/wp-json\/wp\/v2\/media\/19505"}],"wp:attachment":[{"href":"https:\/\/zooprekes24.lt\/lv\/wp-json\/wp\/v2\/media?parent=22357"}],"wp:term":[{"taxonomy":"product_brand","embeddable":true,"href":"https:\/\/zooprekes24.lt\/lv\/wp-json\/wp\/v2\/product_brand?post=22357"},{"taxonomy":"product_cat","embeddable":true,"href":"https:\/\/zooprekes24.lt\/lv\/wp-json\/wp\/v2\/product_cat?post=22357"},{"taxonomy":"product_tag","embeddable":true,"href":"https:\/\/zooprekes24.lt\/lv\/wp-json\/wp\/v2\/product_tag?post=22357"}],"curies":[{"name":"wp","href":"https:\/\/api.w.org\/{rel}","templated":true}]}}