{"id":22354,"date":"2024-04-18T21:21:39","date_gmt":"2024-04-18T18:21:39","guid":{"rendered":"https:\/\/zooprekes24.lt\/produktas\/royal-canin-hypoallergenic-puppy-1-5kg\/"},"modified":"2025-07-28T19:28:41","modified_gmt":"2025-07-28T17:28:41","slug":"royal-canin-hipoalergisks-kucens-1-5kg","status":"publish","type":"product","link":"https:\/\/zooprekes24.lt\/lv\/produktas\/royal-canin-hypoallergenic-puppy-1-5kg\/","title":{"rendered":"Royal Canin Hypoallergenic Puppy saus\u0101 bar\u012bba kuc\u0113niem 1,5 kg"},"content":{"rendered":"<h3>Royal Canin Hypoallergenic Puppy ir saus\u0101 veterin\u0101r\u0101 bar\u012bba kuc\u0113niem no 6 m\u0113ne\u0161u vecuma, kuru paredzamais svars pieaugu\u0161ajiem p\u0101rsniedz 4 kg. \u0160\u012b hipoaler\u0123isk\u0101 veterin\u0101r\u0101 bar\u012bba ir piem\u0113rota jauniem su\u0146iem ar hronisk\u0101m niezo\u0161\u0101m dermatoz\u0113m, p\u0101rtikas aler\u0123ij\u0101m vai p\u0101rtikas nepanesam\u012bbu. Unik\u0101l\u0101 bar\u012bbas formula ir izstr\u0101d\u0101ta t\u0101, lai samazin\u0101tu nepanes\u012bbu pret sast\u0101vda\u013c\u0101m un bar\u012bbas viel\u0101m.<\/h3>\n<ul>\n<li>Royal Canin Hypoallergenic Puppy formula sast\u0101v no prote\u012bna izol\u0101ta un augu di\u0113tisk\u0101s \u0161\u0137iedrvielas hidroliz\u0101ta. To sast\u0101v\u0101 ir zemas molekulmasas pept\u012bdi, kas padara bar\u012bbu viegli sagremojamu un labi panesamu aler\u0123isku kuc\u0113nu gremo\u0161anas sist\u0113mai.<\/li>\n<li>\u012apa\u0161i piel\u0101gotais uzturvielu saturs (tostarp olbaltumvielas un kalcijs) atbilst jaun\u0101 m\u0101jdz\u012bvnieka uztura vajadz\u012bb\u0101m un nodro\u0161ina nepiecie\u0161amo s\u0101ta daudzumu aug\u0161anas period\u0101.<\/li>\n<li>Satur liel\u0101ku <a href=\"https:\/\/zooprekes24.lt\/lv\/products\/canina-biotina-forte-tabletes\/\" target=\"_blank\" rel=\"noopener\">biot\u012bns<\/a>Niac\u012bna, niac\u012bna, pantenola saturs kop\u0101 ar cinka un linolsk\u0101bes kompleksu stiprina m\u0101jdz\u012bvnieka \u0101das aizsargfunkciju barjeru un nov\u0113r\u0161 p\u0101rm\u0113r\u012bgu \u0101das sausumu, kas var izrais\u012bt stipru niezi.<\/li>\n<li>Divi galvenie omega 3 tauksk\u0101bju veidi ir \u0161\u0101di. <a href=\"https:\/\/omegamarine.lt\/apie-omega3\/\" target=\"_blank\" rel=\"noopener\">EPA (eikozapenta\u0113nsk\u0101be) un DHA (dokozaheksa\u0113nsk\u0101be).<\/a> ir dabiski sastopamas e\u013c\u013cain\u0101s j\u016bras ziv\u012bs, piem\u0113ram, la\u0161os, skumbrij\u0101s, si\u013c\u0137\u0113s, tunziv\u012bs un sard\u012bn\u0113s. \u0160\u012bs p\u0101rtikas produktos eso\u0161\u0101s sk\u0101bes pal\u012bdz regul\u0113t \u0101das reakcijas uz aler\u0123ij\u0101m, k\u0101 ar\u012b piedal\u0101s zarnu g\u013cot\u0101das \u0161\u016bnu veido\u0161an\u0101.<\/li>\n<li><a href=\"https:\/\/www.youtube.com\/watch?v=e_BUgKozqZw\" target=\"_blank\" rel=\"noopener\">Royal Canin Hypoallergenic Puppy<\/a> Bar\u012bba satur patent\u0113tu intens\u012bv\u0101s kr\u0101sas kompleksu, kas bag\u0101tin\u0101ts ar L-tiroz\u012bnu, kas pal\u012bdz atjaunot optim\u0101lu ka\u017eoka dabisk\u0101s kr\u0101sas intensit\u0101ti.<\/li>\n<\/ul>\n<h3><span style=\"color: #408ca3; font-size: 14px;\"><strong>P\u0101rtika ir der\u012bga lieto\u0161anai p\u0101rtik\u0101, ja:<\/strong><\/span><\/h3>\n<ul>\n<li>ku\u0146\u0123a-zarnu trakta aler\u0123ijas ar \u0101das un\/vai ku\u0146\u0123a-zarnu trakta darb\u012bbas trauc\u0113jumiem.<\/li>\n<li>Atopiskais dermat\u012bts ar hronisku niezi (vieglos gad\u012bjumos)<\/li>\n<li>Bakt\u0113riju aug\u0161ana tievaj\u0101s zarn\u0101s (SIBO)<\/li>\n<li>Eksokr\u012bn\u0101 aizku\u0146\u0123a dziedzera mazsp\u0113ja (EPI)<\/li>\n<li>Uzturvielu nepanes\u012bba<\/li>\n<li>Hroniska zarnu iekaisuma slim\u012bba (IBD)<\/li>\n<li>Aizku\u0146\u0123a dziedzera enz\u012bmu defic\u012bts<\/li>\n<li>Hroniska caureja<\/li>\n<li>Zarnu mikrofloras trauc\u0113jumi<\/li>\n<\/ul>\n<h3><span style=\"font-size: 14px; color: #408ca3;\"><strong>Ja esat slims, \u0113dienu nedr\u012bkst lietot:<\/strong><\/span><\/h3>\n<ul>\n<li>Hiperlipid\u0113mija<\/li>\n<li>Pankreat\u012bts (tostarp iepriek\u0161 p\u0101rnestais)<\/li>\n<\/ul>\n<p><img loading=\"lazy\" decoding=\"async\" class=\"alignnone wp-image-18866\" src=\"https:\/\/zooprekes24.lt\/wp-content\/uploads\/vhn-packaging-emblematic-puppy-vhn-transversal-packaging-charter-2-e1676458338287.png\" alt=\"\" width=\"300\" height=\"294\" srcset=\"https:\/\/zooprekes24.lt\/wp-content\/uploads\/vhn-packaging-emblematic-puppy-vhn-transversal-packaging-charter-2-e1676458338287.png 1600w, https:\/\/zooprekes24.lt\/wp-content\/uploads\/vhn-packaging-emblematic-puppy-vhn-transversal-packaging-charter-2-e1676458338287-300x294.png 300w, https:\/\/zooprekes24.lt\/wp-content\/uploads\/vhn-packaging-emblematic-puppy-vhn-transversal-packaging-charter-2-e1676458338287-1024x1003.png 1024w, https:\/\/zooprekes24.lt\/wp-content\/uploads\/vhn-packaging-emblematic-puppy-vhn-transversal-packaging-charter-2-e1676458338287-600x588.png 600w, https:\/\/zooprekes24.lt\/wp-content\/uploads\/vhn-packaging-emblematic-puppy-vhn-transversal-packaging-charter-2-e1676458338287-50x50.png 50w, https:\/\/zooprekes24.lt\/wp-content\/uploads\/vhn-packaging-emblematic-puppy-vhn-transversal-packaging-charter-2-e1676458338287-1440x1410.png 1440w\" sizes=\"auto, (max-width: 300px) 100vw, 300px\" \/><\/p>","protected":false},"excerpt":{"rendered":"<p>Royal Canin Hypoallergenic Puppy &#8211; veterinarinis sausas maistas \u0161uniukams nuo 6 m\u0117nesi\u0173 am\u017eiaus kuri\u0173 suaugusi\u0173 svoris numatomas daugiau nei 4 kg. Hipoalergin\u0117 veterinarin\u0117 dieta pritaikyta jauniems \u0161unims sergantiems l\u0117tin\u0117mis nie\u017etin\u010diomis dermatoz\u0117mis, linkusiems \u012f maisto alergijas ar netoleruojantiems maisto produkt\u0173. Unikali maisto formul\u0117 skirta ingredient\u0173 ir maistini\u0173 med\u017eiag\u0173 netoleravimo ma\u017einimui. Royal Canin Hypoallergenic Puppy maisto formul\u0117&#8230;<\/p>","protected":false},"featured_media":19501,"comment_status":"closed","ping_status":"closed","template":"","meta":{"_acf_changed":false,"slim_seo":{"title":"Royal Canin Hypoallergenic Puppy sausas maistas \u0161uniukams 1.5 kg - Zooprekes24","description":"Royal Canin Hypoallergenic Puppy ir saus\u0101 veterin\u0101r\u0101 bar\u012bba kuc\u0113niem no 6 m\u0113ne\u0161u vecuma, kuru paredzamais svars pieaugu\u0161ajiem p\u0101rsniedz 4 kg. Hypoallergenic"},"iawp_total_views":147},"product_brand":[],"product_cat":[9241,9002,8999,29,31,9035],"product_tag":[177,4285,4286,4288,4300,200],"class_list":{"0":"post-22354","1":"product","2":"type-product","3":"status-publish","4":"has-post-thumbnail","6":"product_cat-royal-canin-veterinary-diets-sunims","7":"product_cat-sausas-maistas","8":"product_cat-sunims","9":"product_cat-sunu-maistas","10":"product_cat-sunu-prekiu-gamintojai","11":"product_cat-veterinarine-dieta","12":"product_tag-edalas-sunims","13":"product_tag-royal-canin-alergiskam-suniui","14":"product_tag-royal-canin-alergiskiems-sunims","15":"product_tag-royal-canin-hypoalergic-sausas-maistas-sunims","16":"product_tag-suns-letinis-viduriavimas","17":"product_tag-super-premium-maistas-sunims","18":"pa_pasaro-sudetis-ryziai","19":"pa_prekiu-zenklai-royal-canin-veterinary-diets","20":"pa_suns-amzius-jauniems","21":"pa_veisles-dydis-didelems-veislems","22":"pa_veisles-dydis-mazoms-veislems","23":"pa_veisles-dydis-vidutinems-veislems","24":"pa_veisles-dydis-visu-dydziu-veislems","26":"first","27":"instock","28":"taxable","29":"shipping-taxable","30":"purchasable","31":"product-type-simple"},"acf":[],"_links":{"self":[{"href":"https:\/\/zooprekes24.lt\/lv\/wp-json\/wp\/v2\/product\/22354","targetHints":{"allow":["GET"]}}],"collection":[{"href":"https:\/\/zooprekes24.lt\/lv\/wp-json\/wp\/v2\/product"}],"about":[{"href":"https:\/\/zooprekes24.lt\/lv\/wp-json\/wp\/v2\/types\/product"}],"replies":[{"embeddable":true,"href":"https:\/\/zooprekes24.lt\/lv\/wp-json\/wp\/v2\/comments?post=22354"}],"wp:featuredmedia":[{"embeddable":true,"href":"https:\/\/zooprekes24.lt\/lv\/wp-json\/wp\/v2\/media\/19501"}],"wp:attachment":[{"href":"https:\/\/zooprekes24.lt\/lv\/wp-json\/wp\/v2\/media?parent=22354"}],"wp:term":[{"taxonomy":"product_brand","embeddable":true,"href":"https:\/\/zooprekes24.lt\/lv\/wp-json\/wp\/v2\/product_brand?post=22354"},{"taxonomy":"product_cat","embeddable":true,"href":"https:\/\/zooprekes24.lt\/lv\/wp-json\/wp\/v2\/product_cat?post=22354"},{"taxonomy":"product_tag","embeddable":true,"href":"https:\/\/zooprekes24.lt\/lv\/wp-json\/wp\/v2\/product_tag?post=22354"}],"curies":[{"name":"wp","href":"https:\/\/api.w.org\/{rel}","templated":true}]}}