{"id":22353,"date":"2024-04-18T21:21:39","date_gmt":"2024-04-18T18:21:39","guid":{"rendered":"https:\/\/zooprekes24.lt\/produktas\/only4dogs-zaislas-sunims-pitonas-62cm\/"},"modified":"2024-09-09T17:40:44","modified_gmt":"2024-09-09T14:40:44","slug":"only4dogs-trusu-tevins-pitons-62cm","status":"publish","type":"product","link":"https:\/\/zooprekes24.lt\/lv\/produktas\/only4dogs-zaislas-sunims-pitonas-62cm\/","title":{"rendered":"Only4Dogs su\u0146u rota\u013clieta pitons 62 cm"},"content":{"rendered":"<h3>Sp\u0113le ir noz\u012bm\u012bga dz\u012bvnieku dz\u012bves sast\u0101vda\u013ca. Only4Dogs pitona rota\u013clieta ir ide\u0101la rota\u013clieta. <a href=\"https:\/\/zooprekes24.lt\/lv\/?s=dovana&amp;post_type=product&amp;product_cat=0\" target=\"_blank\" rel=\"noopener noreferrer\">D\u0101vana<\/a>lai uzmundrin\u0101tu savu m\u012b\u013coto \u010detrk\u0101jaino draugu.<\/h3>\n<ul>\n<li>Rota\u013clieta ir \u016bdensiztur\u012bga.<\/li>\n<li>T\u0101 izm\u0113ri ir 62 x 15 x 12 cm, t\u0101p\u0113c t\u0101 ir ide\u0101li piem\u0113rota vid\u0113j\u0101m un liel\u0101m \u0161\u0137irn\u0113m.<\/li>\n<li>Ne\u013caujiet sunim sp\u0113l\u0113ties ar rota\u013clietu, ja k\u0101da t\u0101s da\u013ca ir sapl\u0113sta vai nodilusi.<\/li>\n<li>Pieejamie kr\u0101su varianti: pel\u0113ks ar zilu, zils ar oran\u017eu, zils ar roz\u0101.<\/li>\n<li>Rota\u013clieta ir iztur\u012bga, ta\u010du, lai nodro\u0161in\u0101tu j\u016bsu m\u012blu\u013ca dro\u0161\u012bbu, l\u016bdzu, uzraugiet savu m\u012bluli sp\u0113les laik\u0101.<\/li>\n<li>Gar\u0101 da\u013ca ir noausta no \u012bpa\u0161i iztur\u012bg\u0101m neilona aukl\u0101m, t\u0101p\u0113c t\u0101 ir piem\u0113rota grau\u0161anas un vilk\u0161anas sp\u0113l\u0113m.<\/li>\n<li>Izbaudiet un izklaid\u0113jieties kop\u0101 ar savu \u010detrk\u0101jaino draugu - turiet vienu rota\u013clietas galu un \u013caujiet savam sunim vilkt otru - tie\u0161i tam \u0161\u012b rota\u013clieta ir rad\u012bta :)<\/li>\n<\/ul>","protected":false},"excerpt":{"rendered":"<p>Did\u017ei\u0105j\u0105 gyv\u016bn\u0173 gyvenimo dal\u012f sudaro \u017eaidimai. Only4Dogs \u017eaislas pitonas &#8211; puiki dovana, kuria galite prad\u017eiuginti savo mylim\u0105 keturkoj\u012f bi\u010diul\u012f. \u017daislas atsparus vandeniui. Dydis &#8211; 62 x 15 x 12 cm tod\u0117l puikiai tiks vidutini\u0173 ir dideli\u0173 veisli\u0173 \u0161unims. Neleiskite savo \u0161uniui \u017eaisti su \u017eaislu, jei kuri nors dalis yra atply\u0161usi arba nusidev\u0117jusi. Galimos \u017eaislo spalv\u0173&#8230;<\/p>","protected":false},"featured_media":19496,"comment_status":"closed","ping_status":"closed","template":"","meta":{"_acf_changed":false,"slim_seo":{"title":"Only4Dogs \u017eaislas \u0161unims pitonas 62 cm - Zooprekes24","description":"Sp\u0113le ir noz\u012bm\u012bga dz\u012bvnieku dz\u012bves sast\u0101vda\u013ca. Only4Dogs Python rota\u013clieta ir lieliska d\u0101vana, kas iepriecin\u0101s j\u016bsu m\u012b\u013coto \u010detrk\u0101jaino draugu. Rota\u013clieta ir apdruk\u0101ta"},"iawp_total_views":31},"product_brand":[],"product_cat":[32,8999,9024],"product_tag":[3365,3397],"class_list":{"0":"post-22353","1":"product","2":"type-product","3":"status-publish","4":"has-post-thumbnail","6":"product_cat-kitos-sunu-prekes","7":"product_cat-sunims","8":"product_cat-zaislai-sunims","9":"product_tag-cypiantis-zaislas-suniui","10":"product_tag-zaislas-suniui-cypiantis","11":"pa_prekiu-zenklai-only4dogs","12":"pa_suns-amzius-jauniems","13":"pa_suns-amzius-senjorams","14":"pa_suns-amzius-suaugusiems","15":"pa_suns-amzius-visiems-amziams","16":"pa_veisles-dydis-didelems-veislems","17":"pa_veisles-dydis-vidutinems-veislems","18":"pa_zaislo-tipas-kramtymui","19":"pa_zaislo-tipas-metymui","20":"pa_zaislo-tipas-tampymui","22":"first","23":"instock","24":"featured","25":"taxable","26":"shipping-taxable","27":"purchasable","28":"product-type-simple"},"acf":[],"_links":{"self":[{"href":"https:\/\/zooprekes24.lt\/lv\/wp-json\/wp\/v2\/product\/22353","targetHints":{"allow":["GET"]}}],"collection":[{"href":"https:\/\/zooprekes24.lt\/lv\/wp-json\/wp\/v2\/product"}],"about":[{"href":"https:\/\/zooprekes24.lt\/lv\/wp-json\/wp\/v2\/types\/product"}],"replies":[{"embeddable":true,"href":"https:\/\/zooprekes24.lt\/lv\/wp-json\/wp\/v2\/comments?post=22353"}],"wp:featuredmedia":[{"embeddable":true,"href":"https:\/\/zooprekes24.lt\/lv\/wp-json\/wp\/v2\/media\/19496"}],"wp:attachment":[{"href":"https:\/\/zooprekes24.lt\/lv\/wp-json\/wp\/v2\/media?parent=22353"}],"wp:term":[{"taxonomy":"product_brand","embeddable":true,"href":"https:\/\/zooprekes24.lt\/lv\/wp-json\/wp\/v2\/product_brand?post=22353"},{"taxonomy":"product_cat","embeddable":true,"href":"https:\/\/zooprekes24.lt\/lv\/wp-json\/wp\/v2\/product_cat?post=22353"},{"taxonomy":"product_tag","embeddable":true,"href":"https:\/\/zooprekes24.lt\/lv\/wp-json\/wp\/v2\/product_tag?post=22353"}],"curies":[{"name":"wp","href":"https:\/\/api.w.org\/{rel}","templated":true}]}}