{"id":22352,"date":"2024-04-18T21:21:39","date_gmt":"2024-04-18T18:21:39","guid":{"rendered":"https:\/\/zooprekes24.lt\/produktas\/only4dogs-zaislas-sunims-zirafa-87cm\/"},"modified":"2026-04-09T10:37:41","modified_gmt":"2026-04-09T08:37:41","slug":"tikai4dogs-tikai4dogs-tikai4dogs-tikai4dogs-tikai4dogs-tikai4dogs-tikai4dogs-tikai4dogs-tikai4dogs-tikai4dogs-tikai4dogs-tikai4dogs","status":"publish","type":"product","link":"https:\/\/zooprekes24.lt\/lv\/produktas\/only4dogs-zaislas-sunims-zirafa-87cm\/","title":{"rendered":"Only4Dogs su\u0146u rota\u013clieta \u017eirafe 87 cm"},"content":{"rendered":"<h3>Sp\u0113le ir noz\u012bm\u012bga dz\u012bvnieku dz\u012bves sast\u0101vda\u013ca. Only4Dogs \u017eirafes rota\u013clieta ir ide\u0101la rota\u013clieta. <a href=\"https:\/\/zooprekes24.lt\/lv\/?s=dovana&amp;post_type=product&amp;product_cat=0\" target=\"_blank\" rel=\"noopener noreferrer\">D\u0101vana<\/a>lai uzmundrin\u0101tu savu m\u012b\u013coto \u010detrk\u0101jaino draugu.<\/h3>\n<ul>\n<li>Izm\u0113rs ir 32,5 x 87 cm, t\u0101p\u0113c tas ir ide\u0101li piem\u0113rots vid\u0113j\u0101m un liel\u0101m \u0161\u0137irn\u0113m.<\/li>\n<li>Rota\u013clietas auskaru iek\u0161pus\u0113 ir krunkains pap\u012brs, kas veicina interesi par rota\u013clietu.<\/li>\n<li>Ne\u013caujiet sunim sp\u0113l\u0113ties ar rota\u013clietu, ja k\u0101da rota\u013clietas da\u013ca ir sapl\u0113sta vai nodilusi.<\/li>\n<li>Rota\u013clieta ir iztur\u012bga, ta\u010du, lai nodro\u0161in\u0101tu j\u016bsu m\u012blu\u013ca dro\u0161\u012bbu, l\u016bdzu, uzraugiet savu m\u012bluli sp\u0113les laik\u0101.<\/li>\n<\/ul>","protected":false},"excerpt":{"rendered":"<p>Did\u017ei\u0105j\u0105 gyv\u016bn\u0173 gyvenimo dal\u012f sudaro \u017eaidimai. Only4Dogs \u017eaislas \u017eirafa &#8211; puiki dovana, kuria galite prad\u017eiuginti savo mylim\u0105 keturkoj\u012f bi\u010diul\u012f. Dydis &#8211; 32,5 x 87 cm tod\u0117l puikiai tiks vidutini\u0173 ir dideli\u0173 veisli\u0173 \u0161unims. \u017daislo ausy\u010di\u0173 viduje yra tra\u0161kantis popierius kuris skatins susidom\u0117jim\u0105 \u017eaislu. Neleiskite savo \u0161uniui \u017eaisti su \u017eaislu, jei kuri nors \u017eaislo dalis yra&#8230;<\/p>","protected":false},"featured_media":19495,"comment_status":"closed","ping_status":"closed","template":"","meta":{"_acf_changed":false,"slim_seo":{"title":"Only4Dogs \u017eaislas \u0161unims \u017eirafa 87 cm - Zooprekes24","description":"Sp\u0113le ir noz\u012bm\u012bga dz\u012bvnieku dz\u012bves sast\u0101vda\u013ca. Only4Dogs \u017eirafes rota\u013clieta ir lieliska d\u0101vana, kas iepriecin\u0101s j\u016bsu m\u012b\u013coto \u010detrk\u0101jaino draugu. Izm\u0113rs - 32,5 x"},"iawp_total_views":24},"product_brand":[],"product_cat":[32,8999,9024],"product_tag":[3365,3397],"class_list":{"0":"post-22352","1":"product","2":"type-product","3":"status-publish","4":"has-post-thumbnail","6":"product_cat-kitos-sunu-prekes","7":"product_cat-sunims","8":"product_cat-zaislai-sunims","9":"product_tag-cypiantis-zaislas-suniui","10":"product_tag-zaislas-suniui-cypiantis","11":"pa_prekiu-zenklai-only4dogs","12":"pa_suns-amzius-jauniems","13":"pa_suns-amzius-senjorams","14":"pa_suns-amzius-suaugusiems","15":"pa_suns-amzius-visiems-amziams","16":"pa_veisles-dydis-didelems-veislems","17":"pa_veisles-dydis-vidutinems-veislems","18":"pa_zaislo-tipas-traskantis","20":"first","21":"outofstock","22":"featured","23":"taxable","24":"shipping-taxable","25":"purchasable","26":"product-type-simple"},"acf":[],"_links":{"self":[{"href":"https:\/\/zooprekes24.lt\/lv\/wp-json\/wp\/v2\/product\/22352","targetHints":{"allow":["GET"]}}],"collection":[{"href":"https:\/\/zooprekes24.lt\/lv\/wp-json\/wp\/v2\/product"}],"about":[{"href":"https:\/\/zooprekes24.lt\/lv\/wp-json\/wp\/v2\/types\/product"}],"replies":[{"embeddable":true,"href":"https:\/\/zooprekes24.lt\/lv\/wp-json\/wp\/v2\/comments?post=22352"}],"wp:featuredmedia":[{"embeddable":true,"href":"https:\/\/zooprekes24.lt\/lv\/wp-json\/wp\/v2\/media\/19495"}],"wp:attachment":[{"href":"https:\/\/zooprekes24.lt\/lv\/wp-json\/wp\/v2\/media?parent=22352"}],"wp:term":[{"taxonomy":"product_brand","embeddable":true,"href":"https:\/\/zooprekes24.lt\/lv\/wp-json\/wp\/v2\/product_brand?post=22352"},{"taxonomy":"product_cat","embeddable":true,"href":"https:\/\/zooprekes24.lt\/lv\/wp-json\/wp\/v2\/product_cat?post=22352"},{"taxonomy":"product_tag","embeddable":true,"href":"https:\/\/zooprekes24.lt\/lv\/wp-json\/wp\/v2\/product_tag?post=22352"}],"curies":[{"name":"wp","href":"https:\/\/api.w.org\/{rel}","templated":true}]}}