{"id":22291,"date":"2024-04-18T21:21:11","date_gmt":"2024-04-18T18:21:11","guid":{"rendered":"https:\/\/zooprekes24.lt\/produktas\/brit-raw-treat-skin-coat-skanestai-sunims\/"},"modified":"2024-07-11T14:21:25","modified_gmt":"2024-07-11T11:21:25","slug":"britu-neapstradata-arstet-adas-metelis-skanestai-sunims","status":"publish","type":"product","link":"https:\/\/zooprekes24.lt\/lv\/produktas\/brit-raw-treat-skin-coat-skanestai-sunims\/","title":{"rendered":"Brit Raw Treat Skin &amp; Coat liofiliz\u0113ti k\u0101rumi su\u0146iem 40 g"},"content":{"rendered":"<h3>Brit Raw Treat Skin &amp; Coat - dabiski liofiliz\u0113ti k\u0101rumi pieaugu\u0161ajiem <a href=\"https:\/\/zooprekes24.lt\/lv\/kategorija\/prekes-sunims\/\" target=\"_blank\" rel=\"noopener\">Su\u0146iem<\/a> ar ziv\u012bm, vistas ga\u013cu, probiotik\u0101m un a\u013c\u0123\u0113m, kas veicina j\u016bsu m\u012blu\u013ca \u0101das un ka\u017eoka vesel\u012bbu. <a href=\"https:\/\/brit-petfood.com\/en\" target=\"_blank\" rel=\"noopener\">Brit<\/a> Raw Treat ir lieliska izv\u0113le treni\u0146iem vai vienk\u0101r\u0161i k\u0101 gar\u0161\u012bga ikdienas uzkoda.<\/h3>\n<ul>\n<li>Dabiskais sast\u0101vs.<\/li>\n<li>Aknas - lieliskai gar\u0161ai.<\/li>\n<li>A\u013c\u0123es ir prebiotikas \u0161\u0137iedrvielu avots.<\/li>\n<li>Bez m\u0101ksl\u012bgiem konservantiem, aromatiz\u0113t\u0101jiem, kr\u0101sviel\u0101m un s\u0101ls.<\/li>\n<li>Brit Raw Treat Skin &amp; Coat satur 96 % svaigas ga\u013cas un org\u0101nu.<\/li>\n<li>100 g liofiliz\u0113ta produkta uzturv\u0113rt\u012bba ir l\u012bdzv\u0113rt\u012bga 300 g svaigas j\u0113las ga\u013cas.<\/li>\n<li>Barotavas sast\u0101vs ir papildin\u0101ts ar inaktiv\u0113tu <em>Lactobacillus<\/em> bakt\u0113rijas ar imunomodul\u0113jo\u0161\u0101m \u012bpa\u0161\u012bb\u0101m.<\/li>\n<\/ul>","protected":false},"excerpt":{"rendered":"<p>Brit Raw Treat Skin &amp; Coat &#8211; nat\u016bral\u016bs liofilizuoti skan\u0117stai suaugusiems \u0161unims su \u017euvimi, vi\u0161tiena, probiotikais bei dumbliais, skirti palaikyti sveik\u0105 augintinio odos ir kailio b\u016bkl\u0119. Brit Raw Treat puikus pasirinkimas dresavimo metu arba tiesiog kaip gardus kasdienis u\u017ekandis. Nat\u016brali sud\u0117tis. Kepen\u0117l\u0117s &#8211; puikiam skoniui. Dumbliai &#8211; prebiotini\u0173 skaidul\u0173 \u0161altinis. Be dirbtini\u0173 konservant\u0173, kvapi\u0173j\u0173 med\u017eiag\u0173,&#8230;<\/p>","protected":false},"featured_media":19392,"comment_status":"closed","ping_status":"closed","template":"","meta":{"_acf_changed":false,"slim_seo":{"title":"Brit Raw Treat Skin & Coat \u0161altyje i\u0161d\u017eiovinti skan\u0117stai \u0161unims 40 g - Zooprekes24","description":"Brit Raw Treat Skin &amp; Coat - nat\u016bral\u016bs liofilizuoti skan\u0117stai suaugusiems \u0161unims su \u017euvimi, vi\u0161tiena, probiotikais bei dumbliais, skirti palaikyti sveik\u0105 au"},"iawp_total_views":104},"product_brand":[],"product_cat":[9029,9055,9010,8999,29,31,30],"product_tag":[871,6181,4591,385,386,391],"class_list":{"0":"post-22291","1":"product","2":"type-product","3":"status-publish","4":"has-post-thumbnail","6":"product_cat-brit-care","7":"product_cat-isdziovintas-saltyje-maistas","8":"product_cat-naturalus-skanestai","9":"product_cat-sunims","10":"product_cat-sunu-maistas","11":"product_cat-sunu-prekiu-gamintojai","12":"product_cat-sunu-skanestai","13":"product_tag-brit-skanestai-suniui","14":"product_tag-freeze-dry-skanukai-sunims","15":"product_tag-funkciniai-skanestai-sunims","16":"product_tag-skanestas-suns-dresiravimui","17":"product_tag-skanukai-sunims","18":"product_tag-traskus-skanestai-sunims","19":"pa_pasaro-sudetis-kepeneles","20":"pa_pasaro-sudetis-kiauliena","21":"pa_pasaro-sudetis-vistiena","22":"pa_pasaro-sudetis-zuvis","23":"pa_prekiu-zenklai-brit-care","24":"pa_suns-amzius-suaugusiems","25":"pa_veisles-dydis-didelems-veislems","26":"pa_veisles-dydis-mazoms-veislems","27":"pa_veisles-dydis-vidutinems-veislems","28":"pa_veisles-dydis-visu-dydziu-veislems","30":"first","31":"instock","32":"featured","33":"taxable","34":"shipping-taxable","35":"purchasable","36":"product-type-simple"},"acf":[],"_links":{"self":[{"href":"https:\/\/zooprekes24.lt\/lv\/wp-json\/wp\/v2\/product\/22291","targetHints":{"allow":["GET"]}}],"collection":[{"href":"https:\/\/zooprekes24.lt\/lv\/wp-json\/wp\/v2\/product"}],"about":[{"href":"https:\/\/zooprekes24.lt\/lv\/wp-json\/wp\/v2\/types\/product"}],"replies":[{"embeddable":true,"href":"https:\/\/zooprekes24.lt\/lv\/wp-json\/wp\/v2\/comments?post=22291"}],"wp:featuredmedia":[{"embeddable":true,"href":"https:\/\/zooprekes24.lt\/lv\/wp-json\/wp\/v2\/media\/19392"}],"wp:attachment":[{"href":"https:\/\/zooprekes24.lt\/lv\/wp-json\/wp\/v2\/media?parent=22291"}],"wp:term":[{"taxonomy":"product_brand","embeddable":true,"href":"https:\/\/zooprekes24.lt\/lv\/wp-json\/wp\/v2\/product_brand?post=22291"},{"taxonomy":"product_cat","embeddable":true,"href":"https:\/\/zooprekes24.lt\/lv\/wp-json\/wp\/v2\/product_cat?post=22291"},{"taxonomy":"product_tag","embeddable":true,"href":"https:\/\/zooprekes24.lt\/lv\/wp-json\/wp\/v2\/product_tag?post=22291"}],"curies":[{"name":"wp","href":"https:\/\/api.w.org\/{rel}","templated":true}]}}