{"id":22283,"date":"2024-04-18T21:21:02","date_gmt":"2024-04-18T18:21:02","guid":{"rendered":"https:\/\/zooprekes24.lt\/produktas\/advance-dental-care-mini-stick-skanestai\/"},"modified":"2025-01-20T16:48:07","modified_gmt":"2025-01-20T14:48:07","slug":"iepriekseja-zobu-aprupe-mini-stick-skenesana","status":"publish","type":"product","link":"https:\/\/zooprekes24.lt\/lv\/produktas\/advance-dental-care-mini-stick-skanestai\/","title":{"rendered":"Advance Dental Care Mini Stick gardumi su\u0146iem 90 g"},"content":{"rendered":"<h3>Advance Dental Care Mini Stick ir ekskluz\u012bvs tr\u012bsk\u0101r\u0161as iedarb\u012bbas uztura bag\u0101tin\u0101t\u0101js, kas paredz\u0113ts pieaugu\u0161o mazo \u0161\u0137ir\u0146u su\u0146u (l\u012bdz 10 kg) zobu aizsardz\u012bbai.<\/h3>\n<ul>\n<li>Pirofosf\u0101ti pal\u012bdz nov\u0113rst akme\u0146u veido\u0161anos.<\/li>\n<li>Kl\u012bniski pier\u0101d\u012bti rezult\u0101ti ir redzami jau p\u0113c viena m\u0113ne\u0161a.<\/li>\n<li>Papl\u0101tes ir \u012bpa\u0161i veidotas, lai pal\u012bdz\u0113tu no zobu starpas no\u0146emt \u0113diena paliekas un ierobe\u017eotu zobu aplikuma veido\u0161anos.<\/li>\n<li><a href=\"https:\/\/www.advance-affinity.com\/en\/dog\/food-dog\/dental-care-stick-mini-85_en.html\" target=\"_blank\" rel=\"noopener\">Advance Dental Care Mini Stick<\/a> delikateses, kas paredz\u0113tas \u012bpa\u0161iem<a href=\"https:\/\/zooprekes24.lt\/lv\/kategorija\/prekes-sunims\/sunu-degustatori\/\" target=\"_blank\" rel=\"noopener\">\u00a0lolojumdz\u012bvnieks<\/a> vajadz\u012bb\u0101m. Ko\u0161\u013c\u0101jam\u0101 n\u016bji\u0146a ir piem\u0113rota k\u0101 lieliska balva vai ikdienas uzkoda, lai samazin\u0101tu j\u016bsu m\u012blu\u013ca zobu aplikuma veido\u0161an\u0101s risku.<\/li>\n<\/ul>","protected":false},"excerpt":{"rendered":"<p>Advance Dental Care Mini Stick &#8211; i\u0161skirtinis, trigubo poveikio pa\u0161aro papildas, skirtas apsaugoti suaugusi\u0173 ma\u017e\u0173 veisli\u0173 (iki 10 kg) \u0161un\u0173 dantis. Pirofosfatai padeda i\u0161vengti akmen\u0173 susidarymo. Klini\u0161kai \u012frodyti rezultatai matomi jau po m\u0117nesio. Skan\u0117stai yra specialios formos, kuri padeda pa\u0161alinti maisto liku\u010dius i\u0161 tarpdan\u010di\u0173 ir riboja apna\u0161\u0173 susidarym\u0105. Advance Dental Care Mini Stick skan\u0117stai sukurti&#8230;<\/p>","protected":false},"featured_media":34319,"comment_status":"closed","ping_status":"closed","template":"","meta":{"_acf_changed":false,"slim_seo":{"title":"Advance Dental Care Mini Stick skan\u0117stai \u0161unims 90 g - Zooprekes24","description":"Advance Dental Care Mini Stick ir ekskluz\u012bvs tr\u012bsk\u0101r\u0161as iedarb\u012bbas uztura bag\u0101tin\u0101t\u0101js, kas paredz\u0113ts pieaugu\u0161o mazo \u0161\u0137ir\u0146u su\u0146u (l\u012bdz 10 kg) zobu aizsardz\u012bbai. Pirofosf\u0101ti p"},"iawp_total_views":104},"product_brand":[],"product_cat":[9059,9039,8999,31,30],"product_tag":[6564,386],"class_list":{"0":"post-22283","1":"product","2":"type-product","3":"status-publish","4":"has-post-thumbnail","6":"product_cat-advance","7":"product_cat-kaulai-ir-susukta-oda","8":"product_cat-sunims","9":"product_cat-sunu-prekiu-gamintojai","10":"product_cat-sunu-skanestai","11":"product_tag-advance-skanukai-sunims","12":"product_tag-skanukai-sunims","13":"pa_prekiu-zenklai-advance","14":"pa_suns-amzius-suaugusiems","15":"pa_veisles-dydis-mazoms-veislems","17":"first","18":"instock","19":"featured","20":"taxable","21":"shipping-taxable","22":"purchasable","23":"product-type-simple"},"acf":[],"_links":{"self":[{"href":"https:\/\/zooprekes24.lt\/lv\/wp-json\/wp\/v2\/product\/22283","targetHints":{"allow":["GET"]}}],"collection":[{"href":"https:\/\/zooprekes24.lt\/lv\/wp-json\/wp\/v2\/product"}],"about":[{"href":"https:\/\/zooprekes24.lt\/lv\/wp-json\/wp\/v2\/types\/product"}],"replies":[{"embeddable":true,"href":"https:\/\/zooprekes24.lt\/lv\/wp-json\/wp\/v2\/comments?post=22283"}],"wp:featuredmedia":[{"embeddable":true,"href":"https:\/\/zooprekes24.lt\/lv\/wp-json\/wp\/v2\/media\/34319"}],"wp:attachment":[{"href":"https:\/\/zooprekes24.lt\/lv\/wp-json\/wp\/v2\/media?parent=22283"}],"wp:term":[{"taxonomy":"product_brand","embeddable":true,"href":"https:\/\/zooprekes24.lt\/lv\/wp-json\/wp\/v2\/product_brand?post=22283"},{"taxonomy":"product_cat","embeddable":true,"href":"https:\/\/zooprekes24.lt\/lv\/wp-json\/wp\/v2\/product_cat?post=22283"},{"taxonomy":"product_tag","embeddable":true,"href":"https:\/\/zooprekes24.lt\/lv\/wp-json\/wp\/v2\/product_tag?post=22283"}],"curies":[{"name":"wp","href":"https:\/\/api.w.org\/{rel}","templated":true}]}}