{"id":22282,"date":"2024-04-18T21:21:02","date_gmt":"2024-04-18T18:21:02","guid":{"rendered":"https:\/\/zooprekes24.lt\/produktas\/advance-articular-stick-skanestai-sunims\/"},"modified":"2025-01-20T16:15:41","modified_gmt":"2025-01-20T14:15:41","slug":"iepriekseji-locitavu-nuju-skeneri-sunims","status":"publish","type":"product","link":"https:\/\/zooprekes24.lt\/lv\/produktas\/advance-articular-stick-skanestai-sunims\/","title":{"rendered":"Advance Articular Stick gardumi su\u0146iem 155 g"},"content":{"rendered":"<h3>Advance Articular Stick - m\u012bksti un gar\u0161\u012bgi koci\u0146u formas na\u0161\u0137i, kas piem\u0113roti visu \u0161\u0137ir\u0146u pieaugu\u0161iem su\u0146iem. Izstr\u0101d\u0101tas, lai uzlabotu j\u016bsu m\u012blu\u013ca loc\u012btavu kust\u012bgumu.<\/h3>\n<ul>\n<li>Hialuronsk\u0101be un omega 3 pal\u012bdz uztur\u0113t loc\u012btavas labi iee\u013c\u013cotas un pal\u012bdz atjaunot j\u016bsu m\u012blu\u013ca kust\u012bgumu.<\/li>\n<li>Kolag\u0113ns, hondroit\u012bns un glikozam\u012bns pal\u012bdz stimul\u0113t skrim\u0161\u013ca vielmai\u0146u un pal\u0113nina skrim\u0161\u013ca nolieto\u0161an\u0101s procesu.<\/li>\n<li><a href=\"https:\/\/www.advance-affinity.com\/en\/dog\/food-dog\/articular-snack-83.html\" target=\"_blank\" rel=\"noopener\">Advance Articular Stick<\/a> delikateses, kas paredz\u0113tas \u012bpa\u0161iem <a href=\"https:\/\/zooprekes24.lt\/lv\/kategorija\/prekes-sunims\/sunu-degustatori\/\" target=\"_blank\" rel=\"noopener\">lolojumdz\u012bvnieks<\/a> vajadz\u012bb\u0101m. Ko\u0161\u013c\u0101jam\u0101 n\u016bji\u0146a ir piem\u0113rota k\u0101 lieliska balva vai k\u0101 ikdienas uzkoda, kas satur labv\u0113l\u012bgas vielas.<\/li>\n<\/ul>","protected":false},"excerpt":{"rendered":"<p>Advance Articular Stick &#8211; mink\u0161ti ir gard\u016bs, lazdeli\u0173 formos skan\u0117stai tinkami vis\u0173 veisli\u0173 suaugusiems \u0161unims. Skirti pagerinti augintinio s\u0105nari\u0173 judrum\u0105. Hialurono r\u016bg\u0161tis ir Omega-3 padeda palaikyti tinkamai suteptus s\u0105narius ir prisideda prie augintinio judrumo atk\u016brimo. Kolagenas, chondroitinas ir gliukozaminas padeda stimuliuoti kremzl\u0117s med\u017eiag\u0173 apykait\u0105 ir sul\u0117tina kremzl\u0117s dilimo proces\u0105. Advance Articular Stick skan\u0117stai sukurti atsi\u017evelgiant&#8230;<\/p>","protected":false},"featured_media":34303,"comment_status":"closed","ping_status":"closed","template":"","meta":{"_acf_changed":false,"slim_seo":{"title":"Advance Articular Stick skan\u0117stai \u0161unims 155 g - Zooprekes24","description":"Advance Articular Stick - mink\u0161ti ir gard\u016bs, lazdeli\u0173 formos skan\u0117stai tinkami vis\u0173 veisli\u0173 suaugusiems \u0161unims. Skirti pagerinti augintinio s\u0105nari\u0173 judrum\u0105. Hia"},"iawp_total_views":28},"product_brand":[],"product_cat":[9059,9030,8999,31,30],"product_tag":[6564,386],"class_list":{"0":"post-22282","1":"product","2":"type-product","3":"status-publish","4":"has-post-thumbnail","6":"product_cat-advance","7":"product_cat-minksti-kramtalai","8":"product_cat-sunims","9":"product_cat-sunu-prekiu-gamintojai","10":"product_cat-sunu-skanestai","11":"product_tag-advance-skanukai-sunims","12":"product_tag-skanukai-sunims","13":"pa_prekiu-zenklai-advance","14":"pa_suns-amzius-senjorams","15":"pa_suns-amzius-suaugusiems","16":"pa_veisles-dydis-didelems-veislems","17":"pa_veisles-dydis-mazoms-veislems","18":"pa_veisles-dydis-vidutinems-veislems","19":"pa_veisles-dydis-visu-dydziu-veislems","21":"first","22":"instock","23":"featured","24":"taxable","25":"shipping-taxable","26":"purchasable","27":"product-type-simple"},"acf":[],"_links":{"self":[{"href":"https:\/\/zooprekes24.lt\/lv\/wp-json\/wp\/v2\/product\/22282","targetHints":{"allow":["GET"]}}],"collection":[{"href":"https:\/\/zooprekes24.lt\/lv\/wp-json\/wp\/v2\/product"}],"about":[{"href":"https:\/\/zooprekes24.lt\/lv\/wp-json\/wp\/v2\/types\/product"}],"replies":[{"embeddable":true,"href":"https:\/\/zooprekes24.lt\/lv\/wp-json\/wp\/v2\/comments?post=22282"}],"wp:featuredmedia":[{"embeddable":true,"href":"https:\/\/zooprekes24.lt\/lv\/wp-json\/wp\/v2\/media\/34303"}],"wp:attachment":[{"href":"https:\/\/zooprekes24.lt\/lv\/wp-json\/wp\/v2\/media?parent=22282"}],"wp:term":[{"taxonomy":"product_brand","embeddable":true,"href":"https:\/\/zooprekes24.lt\/lv\/wp-json\/wp\/v2\/product_brand?post=22282"},{"taxonomy":"product_cat","embeddable":true,"href":"https:\/\/zooprekes24.lt\/lv\/wp-json\/wp\/v2\/product_cat?post=22282"},{"taxonomy":"product_tag","embeddable":true,"href":"https:\/\/zooprekes24.lt\/lv\/wp-json\/wp\/v2\/product_tag?post=22282"}],"curies":[{"name":"wp","href":"https:\/\/api.w.org\/{rel}","templated":true}]}}