{"id":22280,"date":"2024-04-18T21:21:02","date_gmt":"2024-04-18T18:21:02","guid":{"rendered":"https:\/\/zooprekes24.lt\/produktas\/advance-hypoallergenic-snack-skanestai\/"},"modified":"2024-09-26T11:47:55","modified_gmt":"2024-09-26T08:47:55","slug":"ieprieks-hipoalergiskas-uzkodas-skene","status":"publish","type":"product","link":"https:\/\/zooprekes24.lt\/lv\/produktas\/advance-hypoallergenic-snack-skanestai\/","title":{"rendered":"Advance Hipoaler\u0123iskas uzkodas aler\u0123iskiem su\u0146iem 150 g"},"content":{"rendered":"<h3>Advance Hypoallergenic Snack - m\u012bksti un gar\u0161\u012bgi kauli\u0146u formas k\u0101rumi, kas piem\u0113roti visu \u0161\u0137ir\u0146u pieaugu\u0161iem su\u0146iem, su\u0146iem ar bar\u012bbas nepanes\u012bbu un aler\u0123ij\u0101m.<\/h3>\n<ul>\n<li>Veicina gremo\u0161anu un pareizu uzturvielu uzs\u016bk\u0161anos.<\/li>\n<li>Ekskluz\u012bvs sast\u0101vs: nesatur sast\u0101vda\u013cas, kas var izrais\u012bt nelabv\u0113l\u012bgu aler\u0123isku reakciju uz p\u0101rtiku.<\/li>\n<li>M\u012bksts, gar\u0161\u012bgs cepums, ide\u0101li piem\u0113rots su\u0146iem ar aler\u0123ij\u0101m un jut\u012bgu gremo\u0161anu.<\/li>\n<li><a href=\"https:\/\/www.advance-affinity.com\/en\/dog\/food-dog\/hypoallergenic-snack-80.html\" target=\"_blank\" rel=\"noopener\">Advance Hipoaler\u0123iska uzkoda<\/a> delikateses, kas paredz\u0113tas \u012bpa\u0161iem <a href=\"https:\/\/zooprekes24.lt\/lv\/kategorija\/prekes-sunims\/sunu-degustatori\/\" target=\"_blank\" rel=\"noopener\">lolojumdz\u012bvnieks<\/a> vajadz\u012bb\u0101m. Piem\u0113rots k\u0101 lieliska balva vai ikdienas uzkoda ar labv\u0113l\u012bg\u0101m uzturviel\u0101m.<\/li>\n<\/ul>","protected":false},"excerpt":{"rendered":"<p>Advance Hypoallergenic Snack &#8211; mink\u0161ti ir gard\u016bs, kauliuko formos skan\u0117stai tinkami vis\u0173 veisli\u0173 suaugusiems, maisto netoleravimo sutrikim\u0173 turintiems bei alergi\u0161kiems \u0161unims. Skatina vir\u0161kinim\u0105 ir tinkam\u0105 maistini\u0173 med\u017eiag\u0173 pasisavinim\u0105. I\u0161skirtin\u0117 sud\u0117tis: be ingredient\u0173, galin\u010di\u0173 sukelti nepageidaujam\u0105 alergin\u0119 reakcij\u0105 \u012f maist\u0105. Mink\u0161tas, skanus sausainis, idealiai tinkantis alergi\u0161kiems \u0161unims, turintiems jautr\u0173 vir\u0161kinim\u0105. Advance Hypoallergenic Snack skan\u0117stai sukurti atsi\u017evelgiant&#8230;<\/p>","protected":false},"featured_media":27185,"comment_status":"closed","ping_status":"closed","template":"","meta":{"_acf_changed":false,"slim_seo":{"title":"Advance Hypoallergenic Snack skan\u0117stai alergi\u0161kiems \u0161unims 150 g - Zooprekes24","description":"Advance Hypoallergenic Snack - m\u012bksti un gar\u0161\u012bgi kauli\u0146u formas na\u0161\u0137i, kas piem\u0113roti visu \u0161\u0137ir\u0146u pieaugu\u0161ajiem ar p\u0101rtikas nepanes\u012bbu un aler\u0123ij\u0101m."},"iawp_total_views":215},"product_brand":[],"product_cat":[9059,9032,8999,31,30],"product_tag":[6558,6564,386],"class_list":{"0":"post-22280","1":"product","2":"type-product","3":"status-publish","4":"has-post-thumbnail","6":"product_cat-advance","7":"product_cat-sausainiai-ir-kepinukai","8":"product_cat-sunims","9":"product_cat-sunu-prekiu-gamintojai","10":"product_cat-sunu-skanestai","11":"product_tag-advance-biskvitiniai-skanestai","12":"product_tag-advance-skanukai-sunims","13":"product_tag-skanukai-sunims","14":"pa_prekiu-zenklai-advance","15":"pa_suns-amzius-suaugusiems","16":"pa_veisles-dydis-didelems-veislems","17":"pa_veisles-dydis-mazoms-veislems","18":"pa_veisles-dydis-vidutinems-veislems","19":"pa_veisles-dydis-visu-dydziu-veislems","21":"first","22":"instock","23":"featured","24":"taxable","25":"shipping-taxable","26":"purchasable","27":"product-type-simple"},"acf":[],"_links":{"self":[{"href":"https:\/\/zooprekes24.lt\/lv\/wp-json\/wp\/v2\/product\/22280","targetHints":{"allow":["GET"]}}],"collection":[{"href":"https:\/\/zooprekes24.lt\/lv\/wp-json\/wp\/v2\/product"}],"about":[{"href":"https:\/\/zooprekes24.lt\/lv\/wp-json\/wp\/v2\/types\/product"}],"replies":[{"embeddable":true,"href":"https:\/\/zooprekes24.lt\/lv\/wp-json\/wp\/v2\/comments?post=22280"}],"wp:featuredmedia":[{"embeddable":true,"href":"https:\/\/zooprekes24.lt\/lv\/wp-json\/wp\/v2\/media\/27185"}],"wp:attachment":[{"href":"https:\/\/zooprekes24.lt\/lv\/wp-json\/wp\/v2\/media?parent=22280"}],"wp:term":[{"taxonomy":"product_brand","embeddable":true,"href":"https:\/\/zooprekes24.lt\/lv\/wp-json\/wp\/v2\/product_brand?post=22280"},{"taxonomy":"product_cat","embeddable":true,"href":"https:\/\/zooprekes24.lt\/lv\/wp-json\/wp\/v2\/product_cat?post=22280"},{"taxonomy":"product_tag","embeddable":true,"href":"https:\/\/zooprekes24.lt\/lv\/wp-json\/wp\/v2\/product_tag?post=22280"}],"curies":[{"name":"wp","href":"https:\/\/api.w.org\/{rel}","templated":true}]}}