{"id":22279,"date":"2024-04-18T21:21:02","date_gmt":"2024-04-18T18:21:02","guid":{"rendered":"https:\/\/zooprekes24.lt\/produktas\/advance-sensitive-snack-skanestai-sunims\/"},"modified":"2025-01-20T16:12:28","modified_gmt":"2025-01-20T14:12:28","slug":"ieprieks-jutigas-uzkodas-suniem","status":"publish","type":"product","link":"https:\/\/zooprekes24.lt\/lv\/produktas\/advance-sensitive-snack-skanestai-sunims\/","title":{"rendered":"Advance Sensitive Snack na\u0161\u0137i su\u0146iem 150 g"},"content":{"rendered":"<h3>Advance Sensitive Snack - m\u012bksti un gar\u0161\u012bgi kauli\u0146u formas k\u0101rumi, kas piem\u0113roti visu \u0161\u0137ir\u0146u pieaugu\u0161iem su\u0146iem ar jut\u012bgu \u0101du un gremo\u0161anas traktu.<\/h3>\n<ul>\n<li>Sast\u0101v\u0101 eso\u0161ais lasis un inul\u012bns pal\u012bdz uztur\u0113t vesel\u012bgu gremo\u0161anas sist\u0113mu.<\/li>\n<li>Omega-3 un Omega-6 pal\u012bdz aizsarg\u0101t \u0101du un uztur\u0113t optim\u0101lu \u0101das vesel\u012bbu.<\/li>\n<li>M\u012bksts, gar\u0161\u012bgs cepums, kas ide\u0101li piem\u0113rots su\u0146iem ar jut\u012bgu \u0101du un gremo\u0161anas traktu.<\/li>\n<li><a href=\"https:\/\/www.advance-affinity.com\/en\/dog\/food-dog\/sensitive-snack-370.html\" target=\"_blank\" rel=\"noopener\">Advance Sensitive Snack<\/a> delikateses, kas paredz\u0113tas \u012bpa\u0161iem <a href=\"https:\/\/zooprekes24.lt\/lv\/kategorija\/prekes-sunims\/sunu-degustatori\/\" target=\"_blank\" rel=\"noopener\">lolojumdz\u012bvnieks<\/a> vajadz\u012bb\u0101m. Piem\u0113rots k\u0101 lieliska balva vai ikdienas uzkoda ar labv\u0113l\u012bg\u0101m uzturviel\u0101m.<\/li>\n<\/ul>","protected":false},"excerpt":{"rendered":"<p>Advance Sensitive Snack &#8211; mink\u0161ti ir gard\u016bs, kauliuko formos skan\u0117stai tinkami vis\u0173 veisli\u0173 suaugusiems \u0161unims, turintiems jautri\u0105 od\u0105 ir vir\u0161kinam\u0105j\u012f trakt\u0105. Sud\u0117tyje esanti la\u0161i\u0161a ir inulinas padeda palaikyti sveik\u0105 \u0161uns vir\u0161kinim\u0105. Omega-3 ir Omega- 6 padeda apsaugoti od\u0105 ir palaikyti optimali\u0105 jos sveikat\u0105. Mink\u0161tas, skanus sausainis, idealiai tinkantis jautri\u0105 od\u0105 ir vir\u0161kinim\u0105j\u012f trakt\u0105 turintiems \u0161unims&#8230;.<\/p>","protected":false},"featured_media":34300,"comment_status":"closed","ping_status":"closed","template":"","meta":{"_acf_changed":false,"slim_seo":{"title":"Advance Sensitive Snack skan\u0117stai \u0161unims 150 g - Zooprekes24","description":"Advance Sensitive Snack - m\u012bksti un gar\u0161\u012bgi kauli\u0146u formas k\u0101rumi, kas piem\u0113roti visu \u0161\u0137ir\u0146u pieaugu\u0161iem su\u0146iem ar jut\u012bgu \u0101du un gremo\u0161anas traktu. S"},"iawp_total_views":96},"product_brand":[],"product_cat":[9059,9032,8999,31,30],"product_tag":[6558,6564,386],"class_list":{"0":"post-22279","1":"product","2":"type-product","3":"status-publish","4":"has-post-thumbnail","6":"product_cat-advance","7":"product_cat-sausainiai-ir-kepinukai","8":"product_cat-sunims","9":"product_cat-sunu-prekiu-gamintojai","10":"product_cat-sunu-skanestai","11":"product_tag-advance-biskvitiniai-skanestai","12":"product_tag-advance-skanukai-sunims","13":"product_tag-skanukai-sunims","14":"pa_pasaro-sudetis-lasisa","15":"pa_pasaro-sudetis-zuvis","16":"pa_prekiu-zenklai-advance","17":"pa_suns-amzius-suaugusiems","18":"pa_veisles-dydis-didelems-veislems","19":"pa_veisles-dydis-mazoms-veislems","20":"pa_veisles-dydis-vidutinems-veislems","21":"pa_veisles-dydis-visu-dydziu-veislems","23":"first","24":"instock","25":"featured","26":"taxable","27":"shipping-taxable","28":"purchasable","29":"product-type-simple"},"acf":[],"_links":{"self":[{"href":"https:\/\/zooprekes24.lt\/lv\/wp-json\/wp\/v2\/product\/22279","targetHints":{"allow":["GET"]}}],"collection":[{"href":"https:\/\/zooprekes24.lt\/lv\/wp-json\/wp\/v2\/product"}],"about":[{"href":"https:\/\/zooprekes24.lt\/lv\/wp-json\/wp\/v2\/types\/product"}],"replies":[{"embeddable":true,"href":"https:\/\/zooprekes24.lt\/lv\/wp-json\/wp\/v2\/comments?post=22279"}],"wp:featuredmedia":[{"embeddable":true,"href":"https:\/\/zooprekes24.lt\/lv\/wp-json\/wp\/v2\/media\/34300"}],"wp:attachment":[{"href":"https:\/\/zooprekes24.lt\/lv\/wp-json\/wp\/v2\/media?parent=22279"}],"wp:term":[{"taxonomy":"product_brand","embeddable":true,"href":"https:\/\/zooprekes24.lt\/lv\/wp-json\/wp\/v2\/product_brand?post=22279"},{"taxonomy":"product_cat","embeddable":true,"href":"https:\/\/zooprekes24.lt\/lv\/wp-json\/wp\/v2\/product_cat?post=22279"},{"taxonomy":"product_tag","embeddable":true,"href":"https:\/\/zooprekes24.lt\/lv\/wp-json\/wp\/v2\/product_tag?post=22279"}],"curies":[{"name":"wp","href":"https:\/\/api.w.org\/{rel}","templated":true}]}}