{"id":22272,"date":"2024-04-18T21:21:02","date_gmt":"2024-04-18T18:21:02","guid":{"rendered":"https:\/\/zooprekes24.lt\/produktas\/advance-labrador-retriever-sausas-maistas\/"},"modified":"2024-06-12T18:06:06","modified_gmt":"2024-06-12T15:06:06","slug":"ieprieks-labradoru-retriveru-sausa-bariba","status":"publish","type":"product","link":"https:\/\/zooprekes24.lt\/lv\/produktas\/advance-labrador-retriever-sausas-maistas\/","title":{"rendered":"Advance Labradoriem un zeltainajiem retr\u012bveriem saus\u0101 bar\u012bba 11,5 kg"},"content":{"rendered":"<h3>Advance Labrador &amp; Golden Retriever &#8211; visavertis, subalansuotas \u0161un\u0173 maistas, specialiai sukurtas suaugusiems Labrador\u0173 ir Auksaspalvi\u0173 retriveri\u0173 veisl\u0117s augintini\u0173 poreikiams.<\/h3>\n<ul>\n<li>Chondroitinas ir gliukozaminas r\u016bpinasi \u0161uns s\u0105nari\u0173 sveikata.<\/li>\n<li>Vi\u0161tienos formul\u0117 &#8211; pagrindinis lengvai vir\u0161kinam\u0173 baltym\u0173 \u0161altinis.<\/li>\n<li>Omega 3 ir Omega 6 kartu su biotinu ir cinku padeda i\u0161laikyti sveik\u0105 od\u0105 ir blizgant\u012f kail\u012f.<\/li>\n<li>Sud\u0117tis praturtinta taurinu ir L-karnitinu, kurie padeda palaikyti optimali\u0105 \u0161irdies funkcij\u0105.<\/li>\n<li>Unikali <a href=\"https:\/\/www.advancepetfood.com\/en\/dog\/product-feature\/\">Advance Labrador &amp; Golden Retriever<\/a> maisto formul\u0117, kuri\u0105 sudaro augalin\u0117s skaidulos, nedidelis kalorij\u0173 kiekis ir L-karnitinas, padeda kontroliuoti <a href=\"https:\/\/zooprekes24.lt\/kategorija\/prekes-sunims\/sunu-maistas\/sausas-maistas-sunims\/?filters=veisles-dydis[239]\">didel\u0117s veisl\u0117s augintinio<\/a> svor\u012f ir metabolizuoti nepageidaujamus riebalus.<\/li>\n<\/ul>\n","protected":false},"excerpt":{"rendered":"<p>Advance Labrador &amp; Golden Retriever &#8211; visavertis, subalansuotas \u0161un\u0173 maistas, specialiai sukurtas suaugusiems Labrador\u0173 ir Auksaspalvi\u0173 retriveri\u0173 veisl\u0117s augintini\u0173 poreikiams. Chondroitinas ir gliukozaminas r\u016bpinasi \u0161uns s\u0105nari\u0173 sveikata. Vi\u0161tienos formul\u0117 &#8211; pagrindinis lengvai vir\u0161kinam\u0173 baltym\u0173 \u0161altinis. Omega 3 ir Omega 6 kartu su biotinu ir cinku padeda i\u0161laikyti sveik\u0105 od\u0105 ir blizgant\u012f kail\u012f. Sud\u0117tis praturtinta taurinu&#8230;<\/p>","protected":false},"featured_media":27186,"comment_status":"closed","ping_status":"closed","template":"","meta":{"_acf_changed":false,"slim_seo":{"title":"Advance Labrador & Golden Retriever sausas maistas \u0161unims 11.5 kg - Zooprekes24","description":"Advance Labrador &amp; Golden Retriever - pilnv\u0113rt\u012bga, sabalans\u0113ta bar\u012bba pieaugu\u0161iem labradoriem un zeltainajiem retr\u012bveriem."},"iawp_total_views":44},"product_brand":[],"product_cat":[9059,9002,8999,29,31],"product_tag":[6484,6485],"class_list":{"0":"post-22272","1":"product","2":"type-product","3":"status-publish","4":"has-post-thumbnail","6":"product_cat-advance","7":"product_cat-sausas-maistas","8":"product_cat-sunims","9":"product_cat-sunu-maistas","10":"product_cat-sunu-prekiu-gamintojai","11":"product_tag-advance-sausas-maistas-labradorams","12":"product_tag-advance-sausas-maistas-retriveriui","13":"pa_pasaro-sudetis-darzoves","14":"pa_pasaro-sudetis-paukstiena","15":"pa_pasaro-sudetis-vistiena","16":"pa_prekiu-zenklai-advance","17":"pa_suns-amzius-suaugusiems","18":"pa_veisles-dydis-didelems-veislems","20":"first","21":"instock","22":"featured","23":"taxable","24":"shipping-taxable","25":"purchasable","26":"product-type-simple"},"acf":[],"_links":{"self":[{"href":"https:\/\/zooprekes24.lt\/lv\/wp-json\/wp\/v2\/product\/22272","targetHints":{"allow":["GET"]}}],"collection":[{"href":"https:\/\/zooprekes24.lt\/lv\/wp-json\/wp\/v2\/product"}],"about":[{"href":"https:\/\/zooprekes24.lt\/lv\/wp-json\/wp\/v2\/types\/product"}],"replies":[{"embeddable":true,"href":"https:\/\/zooprekes24.lt\/lv\/wp-json\/wp\/v2\/comments?post=22272"}],"wp:featuredmedia":[{"embeddable":true,"href":"https:\/\/zooprekes24.lt\/lv\/wp-json\/wp\/v2\/media\/27186"}],"wp:attachment":[{"href":"https:\/\/zooprekes24.lt\/lv\/wp-json\/wp\/v2\/media?parent=22272"}],"wp:term":[{"taxonomy":"product_brand","embeddable":true,"href":"https:\/\/zooprekes24.lt\/lv\/wp-json\/wp\/v2\/product_brand?post=22272"},{"taxonomy":"product_cat","embeddable":true,"href":"https:\/\/zooprekes24.lt\/lv\/wp-json\/wp\/v2\/product_cat?post=22272"},{"taxonomy":"product_tag","embeddable":true,"href":"https:\/\/zooprekes24.lt\/lv\/wp-json\/wp\/v2\/product_tag?post=22272"}],"curies":[{"name":"wp","href":"https:\/\/api.w.org\/{rel}","templated":true}]}}