{"id":22270,"date":"2024-04-18T21:21:02","date_gmt":"2024-04-18T18:21:02","guid":{"rendered":"https:\/\/zooprekes24.lt\/produktas\/advance-yorkshire-terrier-sausas-maistas\/"},"modified":"2024-06-17T15:04:07","modified_gmt":"2024-06-17T12:04:07","slug":"advance-jorksiras-terjers-sausa-bariba","status":"publish","type":"product","link":"https:\/\/zooprekes24.lt\/lv\/produktas\/advance-yorkshire-terrier-sausas-maistas\/","title":{"rendered":"Advance Jork\u0161\u012bras terjers saus\u0101 bar\u012bba su\u0146iem 1,5 kg"},"content":{"rendered":"<h3>Advance Yorkshire Terrier &#8211; visavertis, subalansuotas \u0161un\u0173 maistas, specialiai sukurtas suaugusiems Jork\u0161yro terjero veisl\u0117s augintini\u0173 poreikiams.<\/h3>\n<ul>\n<li>Omega 3 ir Omega 6 riebal\u0173 r\u016bg\u0161tys padeda i\u0161laikyti sveik\u0105 od\u0105 ir blizgant\u012f kail\u012f.<\/li>\n<li>Imunoglobulinai ir obuoli\u0173 skaidulos padeda palaikyti optimali\u0105 \u017earnyno ir vir\u0161kinimo sistemos veikl\u0105.<\/li>\n<li>Pa\u0161aras praturtintas naudingais vitaminais ir nat\u016braliais polifenoliais, specialiai pritaikytais <a href=\"https:\/\/zooprekes24.lt\/kategorija\/prekes-sunims\/sunu-maistas\/sausas-maistas-sunims\/?filters=veisles-dydis[238]\">ma\u017e\u0173 veisli\u0173 \u0161unims<\/a>.<\/li>\n<li>Sud\u0117tyje esantys pirofosfatai ir \u017ealioji arbata ma\u017eina dant\u0173 akmen\u0173 kaupimosi rizik\u0105 ir u\u017etikrina normal\u0173 burnos ertm\u0117s kvap\u0105.<\/li>\n<li><a href=\"https:\/\/www.advancepetfood.com\/en\/dog\/product-feature\/\" target=\"_blank\" rel=\"noopener\">Advance Yorkshire Terrier<\/a> maisto sud\u0117tyje esantis kumpis ir obuoliai pa\u0161arui suteikia i\u0161skirtin\u012f skon\u012f, kuris patiks net \u012fnoringiems gyv\u016bnams.<\/li>\n<\/ul>\n","protected":false},"excerpt":{"rendered":"<p>Advance Yorkshire Terrier &#8211; visavertis, subalansuotas \u0161un\u0173 maistas, specialiai sukurtas suaugusiems Jork\u0161yro terjero veisl\u0117s augintini\u0173 poreikiams. Omega 3 ir Omega 6 riebal\u0173 r\u016bg\u0161tys padeda i\u0161laikyti sveik\u0105 od\u0105 ir blizgant\u012f kail\u012f. Imunoglobulinai ir obuoli\u0173 skaidulos padeda palaikyti optimali\u0105 \u017earnyno ir vir\u0161kinimo sistemos veikl\u0105. Pa\u0161aras praturtintas naudingais vitaminais ir nat\u016braliais polifenoliais, specialiai pritaikytais ma\u017e\u0173 veisli\u0173 \u0161unims. Sud\u0117tyje&#8230;<\/p>","protected":false},"featured_media":27410,"comment_status":"closed","ping_status":"closed","template":"","meta":{"_acf_changed":false,"slim_seo":{"title":"Advance Yorkshire Terrier sausas maistas \u0161unims 1.5 kg - Zooprekes24","description":"Advance Yorkshire Terrier ir pilnv\u0113rt\u012bga, sabalans\u0113ta bar\u012bba pieaugu\u0161iem Jork\u0161\u012bras terjeriem. Omega 3 un O"},"iawp_total_views":62},"product_brand":[],"product_cat":[9059,9002,8999,29,31],"product_tag":[6479,6480,6368],"class_list":{"0":"post-22270","1":"product","2":"type-product","3":"status-publish","4":"has-post-thumbnail","6":"product_cat-advance","7":"product_cat-sausas-maistas","8":"product_cat-sunims","9":"product_cat-sunu-maistas","10":"product_cat-sunu-prekiu-gamintojai","11":"product_tag-advance-sausas-maistas-jorksyrams","12":"product_tag-edalas-jorksyrams","13":"product_tag-maistas-jorksyro-terjerui","14":"pa_pasaro-sudetis-kumpis","15":"pa_pasaro-sudetis-ryziai","16":"pa_pasaro-sudetis-vaisiai","17":"pa_pasaro-sudetis-vistiena","18":"pa_prekiu-zenklai-advance","19":"pa_suns-amzius-suaugusiems","20":"pa_veisles-dydis-mazoms-veislems","22":"first","23":"instock","24":"featured","25":"taxable","26":"shipping-taxable","27":"purchasable","28":"product-type-simple"},"acf":[],"_links":{"self":[{"href":"https:\/\/zooprekes24.lt\/lv\/wp-json\/wp\/v2\/product\/22270","targetHints":{"allow":["GET"]}}],"collection":[{"href":"https:\/\/zooprekes24.lt\/lv\/wp-json\/wp\/v2\/product"}],"about":[{"href":"https:\/\/zooprekes24.lt\/lv\/wp-json\/wp\/v2\/types\/product"}],"replies":[{"embeddable":true,"href":"https:\/\/zooprekes24.lt\/lv\/wp-json\/wp\/v2\/comments?post=22270"}],"wp:featuredmedia":[{"embeddable":true,"href":"https:\/\/zooprekes24.lt\/lv\/wp-json\/wp\/v2\/media\/27410"}],"wp:attachment":[{"href":"https:\/\/zooprekes24.lt\/lv\/wp-json\/wp\/v2\/media?parent=22270"}],"wp:term":[{"taxonomy":"product_brand","embeddable":true,"href":"https:\/\/zooprekes24.lt\/lv\/wp-json\/wp\/v2\/product_brand?post=22270"},{"taxonomy":"product_cat","embeddable":true,"href":"https:\/\/zooprekes24.lt\/lv\/wp-json\/wp\/v2\/product_cat?post=22270"},{"taxonomy":"product_tag","embeddable":true,"href":"https:\/\/zooprekes24.lt\/lv\/wp-json\/wp\/v2\/product_tag?post=22270"}],"curies":[{"name":"wp","href":"https:\/\/api.w.org\/{rel}","templated":true}]}}