{"id":22268,"date":"2024-04-18T21:20:51","date_gmt":"2024-04-18T18:20:51","guid":{"rendered":"https:\/\/zooprekes24.lt\/produktas\/advance-medium-senior-sausas-maistas\/"},"modified":"2024-06-12T18:18:02","modified_gmt":"2024-06-12T15:18:02","slug":"advance-medium-senior-sausa-bariba","status":"publish","type":"product","link":"https:\/\/zooprekes24.lt\/lv\/produktas\/advance-medium-senior-sausas-maistas\/","title":{"rendered":"Advance Medium Senior saus\u0101 bar\u012bba su\u0146iem 12 kg"},"content":{"rendered":"<h3>Advance Medium Senior &#8211; visavertis, subalansuotas \u0161un\u0173 pa\u0161aras, specialiai sukurtas vidutini\u0173 veisli\u0173 suaugusiems \u0161unims, vyresniems nei 7 met\u0173 am\u017eiaus.<\/h3>\n<ul>\n<li>Vi\u0161tiena ir ry\u017eiai &#8211; pagrindiniai lengvai vir\u0161kinam\u0173 baltym\u0173 ir angliavandeni\u0173 \u0161altiniai.<\/li>\n<li>Sud\u0117tis praturtinta amino r\u016bg\u0161timi &#8211; taurinu, kuri palaiko optimali\u0105 senstan\u010dio augintinio \u0161irdies veikl\u0105.<\/li>\n<li>Sud\u0117tyje esantys pirofosfatai ma\u017eina dant\u0173 akmen\u0173 kaupimosi rizik\u0105 ir u\u017etikrina normal\u0173 burnos ertm\u0117s kvap\u0105.<\/li>\n<li>Chondroitinas ir gliukozaminas saugo s\u0105nari\u0173 kremzles, o pritaikytas baltym\u0173 kiekis padeda i\u0161laikyti ideali\u0105 raumen\u0173 mas\u0119.<\/li>\n<li>Omega-3 riebal\u0173 r\u016bg\u0161tys ir antioksidantai (vitaminas E, C, polifenoliai) padeda palaikyti <a href=\"https:\/\/zooprekes24.lt\/kategorija\/prekes-sunims\/sunu-maistas\/sausas-maistas-sunims\/?filters=suns-amzius[237]\">senstan\u010di\u0173 augintini\u0173<\/a> protin\u0119 veikl\u0105.<\/li>\n<li><a href=\"https:\/\/www.advancepetfood.com\/en\/dog\/product-feature\/\" target=\"_blank\" rel=\"noopener\">Advance Medium Senior<\/a> sukurtas atsi\u017evelgiant \u012f specifinius vidutini\u0173 veisli\u0173, vyresnio am\u017eiaus \u0161un\u0173 poreikius tad ne tik stiprina nat\u016brali\u0105 \u0161uns organizmo apsaug\u0105 bet ir padeda palaikyti sveik\u0105 raumen\u0173 mas\u0119, gerina dant\u0173 ir \u017earnyno sveikat\u0105 bei puosel\u0117ja odos ir kailio kokyb\u0119.<\/li>\n<\/ul>\n","protected":false},"excerpt":{"rendered":"<p>Advance Medium Senior &#8211; visavertis, subalansuotas \u0161un\u0173 pa\u0161aras, specialiai sukurtas vidutini\u0173 veisli\u0173 suaugusiems \u0161unims, vyresniems nei 7 met\u0173 am\u017eiaus. Vi\u0161tiena ir ry\u017eiai &#8211; pagrindiniai lengvai vir\u0161kinam\u0173 baltym\u0173 ir angliavandeni\u0173 \u0161altiniai. Sud\u0117tis praturtinta amino r\u016bg\u0161timi &#8211; taurinu, kuri palaiko optimali\u0105 senstan\u010dio augintinio \u0161irdies veikl\u0105. Sud\u0117tyje esantys pirofosfatai ma\u017eina dant\u0173 akmen\u0173 kaupimosi rizik\u0105 ir u\u017etikrina normal\u0173 burnos&#8230;<\/p>","protected":false},"featured_media":27193,"comment_status":"closed","ping_status":"closed","template":"","meta":{"_acf_changed":false,"slim_seo":{"title":"Advance Medium Senior sausas maistas \u0161unims 12 kg - Zooprekes24","description":"Advance Medium Senior - visavertis, subalansuotas \u0161un\u0173 pa\u0161aras, specialiai sukurtas vidutini\u0173 veisli\u0173 suaugusiems \u0161unims, vyresniems nei 7 met\u0173 am\u017eiaus. Vi\u0161tien"},"iawp_total_views":56},"product_brand":[],"product_cat":[9059,9002,8999,29,31],"product_tag":[144],"class_list":{"0":"post-22268","1":"product","2":"type-product","3":"status-publish","4":"has-post-thumbnail","6":"product_cat-advance","7":"product_cat-sausas-maistas","8":"product_cat-sunims","9":"product_cat-sunu-maistas","10":"product_cat-sunu-prekiu-gamintojai","11":"product_tag-advance-maistas-seniems-sunims","12":"pa_pasaro-sudetis-ryziai","13":"pa_pasaro-sudetis-vistiena","14":"pa_prekiu-zenklai-advance","15":"pa_suns-amzius-senjorams","16":"pa_veisles-dydis-vidutinems-veislems","18":"first","19":"instock","20":"featured","21":"taxable","22":"shipping-taxable","23":"purchasable","24":"product-type-simple"},"acf":[],"_links":{"self":[{"href":"https:\/\/zooprekes24.lt\/lv\/wp-json\/wp\/v2\/product\/22268","targetHints":{"allow":["GET"]}}],"collection":[{"href":"https:\/\/zooprekes24.lt\/lv\/wp-json\/wp\/v2\/product"}],"about":[{"href":"https:\/\/zooprekes24.lt\/lv\/wp-json\/wp\/v2\/types\/product"}],"replies":[{"embeddable":true,"href":"https:\/\/zooprekes24.lt\/lv\/wp-json\/wp\/v2\/comments?post=22268"}],"wp:featuredmedia":[{"embeddable":true,"href":"https:\/\/zooprekes24.lt\/lv\/wp-json\/wp\/v2\/media\/27193"}],"wp:attachment":[{"href":"https:\/\/zooprekes24.lt\/lv\/wp-json\/wp\/v2\/media?parent=22268"}],"wp:term":[{"taxonomy":"product_brand","embeddable":true,"href":"https:\/\/zooprekes24.lt\/lv\/wp-json\/wp\/v2\/product_brand?post=22268"},{"taxonomy":"product_cat","embeddable":true,"href":"https:\/\/zooprekes24.lt\/lv\/wp-json\/wp\/v2\/product_cat?post=22268"},{"taxonomy":"product_tag","embeddable":true,"href":"https:\/\/zooprekes24.lt\/lv\/wp-json\/wp\/v2\/product_tag?post=22268"}],"curies":[{"name":"wp","href":"https:\/\/api.w.org\/{rel}","templated":true}]}}