{"id":22266,"date":"2024-04-18T21:20:51","date_gmt":"2024-04-18T18:20:51","guid":{"rendered":"https:\/\/zooprekes24.lt\/produktas\/fitmin-for-life-dental-sticks-with-kelp\/"},"modified":"2024-08-14T14:52:42","modified_gmt":"2024-08-14T11:52:42","slug":"fitmin-for-life-dental-sticks-with-kelp","status":"publish","type":"product","link":"https:\/\/zooprekes24.lt\/lv\/produktas\/fitmin-for-life-dental-sticks-with-kelp\/","title":{"rendered":"Fitmin for Life Zobu n\u016bji\u0146as ar j\u016bras a\u013c\u0123\u0113m su\u0146iem 20 gab."},"content":{"rendered":"<h3>Fitmin for Life Dental Sticks with Kelp &#8211; nat\u016bral\u016bs skan\u0117stai su rudadumbliais vis\u0173 am\u017eiaus grupi\u0173 <a href=\"https:\/\/zooprekes24.lt\/lv\/kategorija\/prekes-sunims\/\" target=\"_blank\" rel=\"noopener\">Su\u0146iem<\/a>zobu t\u012br\u012b\u0161anas profilaksei. Piem\u0113rots k\u0101 gar\u0161\u012bgs ikdienas na\u0161\u0137is vai k\u0101 balva treni\u0146u vai sp\u0113\u013cu laik\u0101.<\/h3>\n<ul>\n<li>\u0136elsas (<a href=\"https:\/\/en.wikipedia.org\/wiki\/Kelp\" target=\"_blank\" rel=\"noopener\"><em>Kelp a\u013c\u0123es<\/em><\/a>) ir dabiska viela, kas ieg\u016bta no j\u016bras a\u013c\u0123\u0113m un paredz\u0113ta profilaktiskai un profilaktiskai lieto\u0161anai pret aplikuma un zobakmens veido\u0161anos m\u0101jdz\u012bvniekiem. Zin\u0101ms ar\u012b, ka j\u016bras a\u013c\u0123es ne tikai efekt\u012bvi samazina bakt\u0113riju daudzumu mutes dobum\u0101, bet ar\u012b pal\u012bdz likvid\u0113t sliktu elpu m\u0101jdz\u012bvniekiem.<\/li>\n<li>Pateicoties t\u0101s \u012bpa\u0161ajai porainai formai, sunim iekost, tiek izrais\u012bta meh\u0101niska sakodiena iedarb\u012bba, kas ne tikai pal\u012bdz no\u0146emt \u0113diena paliekas, bet ar\u012b maigi att\u012bra zobu virsmu un samazina zobakmens veido\u0161an\u0101s risku.<\/li>\n<li>Fitmin for Life Zobu n\u016bji\u0146as ar j\u016bras a\u013c\u0123\u0113m ir papildin\u0101tas ar gar\u0161\u012bgu m\u0101jputnu ga\u013cu un \u0101boliem.<\/li>\n<li>Iepakotas lietot\u0101jam \u0113rt\u0101, herm\u0113tisk\u0101 iepakojum\u0101, ko var atv\u0113rt un atk\u0101rtoti aizv\u0113rt, t\u0101p\u0113c t\u0101s ilgi saglab\u0101jas svaigas.<\/li>\n<li><a href=\"https:\/\/www.fitmin.com\/en\/ingredients\" target=\"_blank\" rel=\"noopener\">Taj\u0101 netiek izmantots cukurs, m\u0101ksl\u012bg\u0101s kr\u0101svielas un soja.<\/a><\/li>\n<li>Nav ieteicams su\u0146iem, kas jaun\u0101ki par 4 m\u0113ne\u0161iem.<\/li>\n<li>Kramtuko ilgis &#8211; 10 cm.<\/li>\n<li>Indelyje &#8211; 20 vnt gard\u017ei\u0173 skan\u0117st\u0173.<\/li>\n<\/ul>","protected":false},"excerpt":{"rendered":"<p>Fitmin for Life Dental Sticks with Kelp &#8211; nat\u016bral\u016bs skan\u0117stai su rudadumbliais vis\u0173 am\u017eiaus grupi\u0173 \u0161unims, skirti dant\u0173 valymo profilaktikai. Tinkami kaip gardus kasdienis u\u017ekandis arba atlygis treniruo\u010di\u0173 ar \u017eaidim\u0173 met\u0173. Rudadumbliai (Kelp algae) tai nat\u016brali med\u017eiaga, gaunama i\u0161 j\u016bros dumbli\u0173 skirta\u00a0prevenciniam bei profilaktiniam naudojimui prie\u0161 augintinio dant\u0173 apna\u0161\u0173 ir akmen\u0173 susidarym\u0105. Rudadubliai taip pat&#8230;<\/p>","protected":false},"featured_media":19217,"comment_status":"closed","ping_status":"closed","template":"","meta":{"_acf_changed":false,"slim_seo":{"title":"Fitmin for Life Dental Sticks with Kelp skan\u0117stai \u0161unims 20 vnt - Zooprekes24","description":"Fitmin for Life Dental Sticks with Kelp - nat\u016bral\u016bs skan\u0117stai su rudadumbliais vis\u0173 am\u017eiaus grupi\u0173 \u0161unims , skirti dant\u0173 valymo profilaktikai. Tinkami kaip gard"},"iawp_total_views":38},"product_brand":[],"product_cat":[9043,9039,8999,31,30],"product_tag":[1618,1623,1624,1289,1290,1291,1292,792,391],"class_list":{"0":"post-22266","1":"product","2":"type-product","3":"status-publish","4":"has-post-thumbnail","6":"product_cat-fitmin-for-life-sunims","7":"product_cat-kaulai-ir-susukta-oda","8":"product_cat-sunims","9":"product_cat-sunu-prekiu-gamintojai","10":"product_cat-sunu-skanestai","11":"product_tag-fitmin-for-life-naturalus-skanestai","12":"product_tag-fitmin-skanestai-sunims","13":"product_tag-fitmin-skanukai-sunims","14":"product_tag-gaiviam-suns-burnos-kvapui","15":"product_tag-kaulai-suns-dantu-higienai","16":"product_tag-kaulai-sunu-dantims","17":"product_tag-kauliukai-suns-dantims","18":"product_tag-naturalus-skanestai-sunims","19":"product_tag-traskus-skanestai-sunims","20":"pa_pasaro-sudetis-paukstiena","21":"pa_pasaro-sudetis-vaisiai","22":"pa_prekiu-zenklai-fitmin-for-life","23":"pa_suns-amzius-jauniems","24":"pa_suns-amzius-senjorams","25":"pa_suns-amzius-suaugusiems","26":"pa_suns-amzius-visiems-amziams","27":"pa_veisles-dydis-didelems-veislems","28":"pa_veisles-dydis-mazoms-veislems","29":"pa_veisles-dydis-vidutinems-veislems","30":"pa_veisles-dydis-visu-dydziu-veislems","32":"first","33":"outofstock","34":"featured","35":"taxable","36":"shipping-taxable","37":"purchasable","38":"product-type-simple"},"acf":[],"_links":{"self":[{"href":"https:\/\/zooprekes24.lt\/lv\/wp-json\/wp\/v2\/product\/22266","targetHints":{"allow":["GET"]}}],"collection":[{"href":"https:\/\/zooprekes24.lt\/lv\/wp-json\/wp\/v2\/product"}],"about":[{"href":"https:\/\/zooprekes24.lt\/lv\/wp-json\/wp\/v2\/types\/product"}],"replies":[{"embeddable":true,"href":"https:\/\/zooprekes24.lt\/lv\/wp-json\/wp\/v2\/comments?post=22266"}],"wp:featuredmedia":[{"embeddable":true,"href":"https:\/\/zooprekes24.lt\/lv\/wp-json\/wp\/v2\/media\/19217"}],"wp:attachment":[{"href":"https:\/\/zooprekes24.lt\/lv\/wp-json\/wp\/v2\/media?parent=22266"}],"wp:term":[{"taxonomy":"product_brand","embeddable":true,"href":"https:\/\/zooprekes24.lt\/lv\/wp-json\/wp\/v2\/product_brand?post=22266"},{"taxonomy":"product_cat","embeddable":true,"href":"https:\/\/zooprekes24.lt\/lv\/wp-json\/wp\/v2\/product_cat?post=22266"},{"taxonomy":"product_tag","embeddable":true,"href":"https:\/\/zooprekes24.lt\/lv\/wp-json\/wp\/v2\/product_tag?post=22266"}],"curies":[{"name":"wp","href":"https:\/\/api.w.org\/{rel}","templated":true}]}}