{"id":22254,"date":"2024-04-18T21:20:51","date_gmt":"2024-04-18T18:20:51","guid":{"rendered":"https:\/\/zooprekes24.lt\/produktas\/kimo-buffalo-pizzle-skanestai-sunims\/"},"modified":"2024-08-23T13:46:16","modified_gmt":"2024-08-23T10:46:16","slug":"kimo-buffalo-pizzle-skanestai-sunims","status":"publish","type":"product","link":"https:\/\/zooprekes24.lt\/lv\/produktas\/kimo-buffalo-pizzle-skanestai-sunims\/","title":{"rendered":"Kimo Buffalo Pizzle na\u0161\u0137i su\u0146iem 150 g"},"content":{"rendered":"<h3>Kimo Buffalo Pizzle &#8211; nat\u016bral\u016bs, d\u017eiovinti <a href=\"https:\/\/www.vle.lt\/straipsnis\/buivolai\/\" target=\"_blank\" rel=\"noopener\">bife\u013cu<\/a> piem\u0113rots visiem vecumiem un \u0161\u0137irn\u0113m <a href=\"https:\/\/zooprekes24.lt\/lv\/kategorija\/prekes-sunims\/\" target=\"_blank\" rel=\"noopener\">Su\u0146iem<\/a>. Izstr\u0101d\u0101ts k\u0101 ide\u0101la balva vai vienk\u0101r\u0161i k\u0101 gar\u0161\u012bga ikdienas uzkoda.<\/h3>\n<ul>\n<li>Lielisks olbaltumvielu avots.<\/li>\n<li>Piln\u012bgi dab\u012bgs - bez m\u0101ksl\u012bg\u0101m piedev\u0101m, konservantiem, glut\u0113na vai laktozes.<\/li>\n<li>Dabiskais l\u012bdzeklis samazina aplikuma veido\u0161an\u0101s iesp\u0113jam\u012bbu un nodro\u0161ina optim\u0101lu mutes dobuma higi\u0113nu.<\/li>\n<li>L\u016bdzu, \u0146emiet v\u0113r\u0101, ka Kimo Buffalo Pizzle ir piln\u012bb\u0101 dab\u012bgs produkts, t\u0101p\u0113c izm\u0113rs, forma un kr\u0101sa var at\u0161\u0137irties no att\u0113l\u0101 redzam\u0101.<\/li>\n<\/ul>","protected":false},"excerpt":{"rendered":"<p>Kimo Buffalo Pizzle &#8211; nat\u016bral\u016bs, d\u017eiovinti buivol\u0173 peniai tinkami vis\u0173 am\u017eiaus grupi\u0173 ir veisli\u0173 \u0161unims. Sukurti kaip tobulas atlygis arba tiesiog kaip kasdienis gardus u\u017ekandis. Puikus vieno baltymo \u0161altinis. Visi\u0161kai nat\u016bralus produktas &#8211; be dirbtini\u0173 pried\u0173, konservant\u0173, glitimo ar laktoz\u0117s. Nat\u016bralus skan\u0117stas ma\u017eina dant\u0173 apna\u0161\u0173 susidarymo tikimyb\u0119 bei u\u017etikrina optimali\u0105 burnos higien\u0105. Atkreipkite d\u0117mes\u012f, jog&#8230;<\/p>","protected":false},"featured_media":19193,"comment_status":"closed","ping_status":"closed","template":"","meta":{"_acf_changed":false,"slim_seo":{"title":"Kimo Buffalo Pizzle skan\u0117stai \u0161unims 150 g - Zooprekes24","description":"Kimo Buffalo Pizzle - nat\u016bral\u016bs, d\u017eiovinti buivol\u0173 peniai tinkami vis\u0173 am\u017eiaus grupi\u0173 ir veisli\u0173 \u0161unims . Sukurti kaip tobulas atlygis arba tiesiog kaip kasdien"},"iawp_total_views":20},"product_brand":[],"product_cat":[9010,8999,30],"product_tag":[5827,1586,1593,6201,6196,792,386],"class_list":{"0":"post-22254","1":"product","2":"type-product","3":"status-publish","4":"has-post-thumbnail","6":"product_cat-naturalus-skanestai","7":"product_cat-sunims","8":"product_cat-sunu-skanestai","9":"product_tag-dziovinti-skanestai-sunims","10":"product_tag-jaucio-peniai-sunims","11":"product_tag-jautienos-skanestai-sunims","12":"product_tag-kimo-dziovintas-skanestas-buivolu-peniai","13":"product_tag-kimo-naturalus-skanestai","14":"product_tag-naturalus-skanestai-sunims","15":"product_tag-skanukai-sunims","16":"pa_pasaro-sudetis-jautiena","17":"pa_prekiu-zenklai-kimo","18":"pa_suns-amzius-jauniems","19":"pa_suns-amzius-senjorams","20":"pa_suns-amzius-suaugusiems","21":"pa_suns-amzius-visiems-amziams","22":"pa_veisles-dydis-didelems-veislems","23":"pa_veisles-dydis-mazoms-veislems","24":"pa_veisles-dydis-vidutinems-veislems","25":"pa_veisles-dydis-visu-dydziu-veislems","27":"first","28":"instock","29":"featured","30":"taxable","31":"shipping-taxable","32":"purchasable","33":"product-type-simple"},"acf":[],"_links":{"self":[{"href":"https:\/\/zooprekes24.lt\/lv\/wp-json\/wp\/v2\/product\/22254","targetHints":{"allow":["GET"]}}],"collection":[{"href":"https:\/\/zooprekes24.lt\/lv\/wp-json\/wp\/v2\/product"}],"about":[{"href":"https:\/\/zooprekes24.lt\/lv\/wp-json\/wp\/v2\/types\/product"}],"replies":[{"embeddable":true,"href":"https:\/\/zooprekes24.lt\/lv\/wp-json\/wp\/v2\/comments?post=22254"}],"wp:featuredmedia":[{"embeddable":true,"href":"https:\/\/zooprekes24.lt\/lv\/wp-json\/wp\/v2\/media\/19193"}],"wp:attachment":[{"href":"https:\/\/zooprekes24.lt\/lv\/wp-json\/wp\/v2\/media?parent=22254"}],"wp:term":[{"taxonomy":"product_brand","embeddable":true,"href":"https:\/\/zooprekes24.lt\/lv\/wp-json\/wp\/v2\/product_brand?post=22254"},{"taxonomy":"product_cat","embeddable":true,"href":"https:\/\/zooprekes24.lt\/lv\/wp-json\/wp\/v2\/product_cat?post=22254"},{"taxonomy":"product_tag","embeddable":true,"href":"https:\/\/zooprekes24.lt\/lv\/wp-json\/wp\/v2\/product_tag?post=22254"}],"curies":[{"name":"wp","href":"https:\/\/api.w.org\/{rel}","templated":true}]}}