{"id":22253,"date":"2024-04-18T21:20:51","date_gmt":"2024-04-18T18:20:51","guid":{"rendered":"https:\/\/zooprekes24.lt\/produktas\/kimo-buffalo-meat-sticks-skanestai-sunims\/"},"modified":"2024-08-23T13:45:15","modified_gmt":"2024-08-23T10:45:15","slug":"kimo-buffalo-meat-sticks-skanestai-sunims","status":"publish","type":"product","link":"https:\/\/zooprekes24.lt\/lv\/produktas\/kimo-buffalo-meat-sticks-skanestai-sunims\/","title":{"rendered":"Kimo Buffalo Meat Sticks na\u0161\u0137i su\u0146iem 150 g"},"content":{"rendered":"<h3>Kimo Buffalo Meat Sticks &#8211; nat\u016bralios, d\u017eiovintos <a href=\"https:\/\/www.vle.lt\/straipsnis\/buivolai\/\" target=\"_blank\" rel=\"noopener\">buivolo<\/a> ga\u013cas n\u016bji\u0146as ir piem\u0113rotas visu vecumu un \u0161\u0137ir\u0146u dz\u012bvniekiem. <a href=\"https:\/\/zooprekes24.lt\/lv\/kategorija\/prekes-sunims\/\" target=\"_blank\" rel=\"noopener\">Su\u0146iem<\/a>. Izstr\u0101d\u0101ts k\u0101 ide\u0101la balva vai vienk\u0101r\u0161i k\u0101 gar\u0161\u012bga ikdienas uzkoda.<\/h3>\n<ul>\n<li>Lielisks olbaltumvielu avots.<\/li>\n<li>Piln\u012bgi dab\u012bgs - bez m\u0101ksl\u012bg\u0101m piedev\u0101m, konservantiem, glut\u0113na vai laktozes.<\/li>\n<li>Dabiskais l\u012bdzeklis samazina aplikuma veido\u0161an\u0101s iesp\u0113jam\u012bbu un nodro\u0161ina optim\u0101lu mutes dobuma higi\u0113nu.<\/li>\n<li>L\u016bdzu, \u0146emiet v\u0113r\u0101, ka Kimo Buffalo ga\u013cas n\u016bji\u0146as ir dab\u012bgs produkts, t\u0101p\u0113c to izm\u0113rs, forma un kr\u0101sa var at\u0161\u0137irties no att\u0113l\u0101 redzam\u0101.<\/li>\n<\/ul>","protected":false},"excerpt":{"rendered":"<p>Kimo Buffalo Meat Sticks &#8211; nat\u016bralios, d\u017eiovintos buivolo m\u0117sos lazdel\u0117s tinkamos vis\u0173 am\u017eiaus grupi\u0173 ir veisli\u0173 \u0161unims. Sukurtos kaip tobulas atlygis arba tiesiog kaip kasdienis gardus u\u017ekandis. Puikus vieno baltymo \u0161altinis. Visi\u0161kai nat\u016bralus produktas &#8211; be dirbtini\u0173 pried\u0173, konservant\u0173, glitimo ar laktoz\u0117s. Nat\u016bralus skan\u0117stas ma\u017eina dant\u0173 apna\u0161\u0173 susidarymo tikimyb\u0119 bei u\u017etikrina optimali\u0105 burnos higien\u0105. Atkreipkite&#8230;<\/p>","protected":false},"featured_media":28480,"comment_status":"closed","ping_status":"closed","template":"","meta":{"_acf_changed":false,"slim_seo":{"title":"Kimo Buffalo Meat Sticks skan\u0117stai \u0161unims 150 g - Zooprekes24","description":"Kimo Buffalo Meat Sticks - nat\u016bralios, d\u017eiovintos buivolo m\u0117sos lazdel\u0117s tinkamos vis\u0173 am\u017eiaus grupi\u0173 ir veisli\u0173 \u0161unims . Sukurtos kaip tobulas atlygis arba tie"},"iawp_total_views":48},"product_brand":[],"product_cat":[9010,8999,30],"product_tag":[5827,1593,6206,6196,792,386],"class_list":{"0":"post-22253","1":"product","2":"type-product","3":"status-publish","4":"has-post-thumbnail","6":"product_cat-naturalus-skanestai","7":"product_cat-sunims","8":"product_cat-sunu-skanestai","9":"product_tag-dziovinti-skanestai-sunims","10":"product_tag-jautienos-skanestai-sunims","11":"product_tag-kimo-dziovintas-skanestas-buivolu-mesos-lazdeles","12":"product_tag-kimo-naturalus-skanestai","13":"product_tag-naturalus-skanestai-sunims","14":"product_tag-skanukai-sunims","15":"pa_pasaro-sudetis-jautiena","16":"pa_prekiu-zenklai-kimo","17":"pa_suns-amzius-jauniems","18":"pa_suns-amzius-senjorams","19":"pa_suns-amzius-suaugusiems","20":"pa_suns-amzius-visiems-amziams","21":"pa_veisles-dydis-didelems-veislems","22":"pa_veisles-dydis-mazoms-veislems","23":"pa_veisles-dydis-vidutinems-veislems","24":"pa_veisles-dydis-visu-dydziu-veislems","26":"first","27":"instock","28":"featured","29":"taxable","30":"shipping-taxable","31":"purchasable","32":"product-type-simple"},"acf":[],"_links":{"self":[{"href":"https:\/\/zooprekes24.lt\/lv\/wp-json\/wp\/v2\/product\/22253","targetHints":{"allow":["GET"]}}],"collection":[{"href":"https:\/\/zooprekes24.lt\/lv\/wp-json\/wp\/v2\/product"}],"about":[{"href":"https:\/\/zooprekes24.lt\/lv\/wp-json\/wp\/v2\/types\/product"}],"replies":[{"embeddable":true,"href":"https:\/\/zooprekes24.lt\/lv\/wp-json\/wp\/v2\/comments?post=22253"}],"wp:featuredmedia":[{"embeddable":true,"href":"https:\/\/zooprekes24.lt\/lv\/wp-json\/wp\/v2\/media\/28480"}],"wp:attachment":[{"href":"https:\/\/zooprekes24.lt\/lv\/wp-json\/wp\/v2\/media?parent=22253"}],"wp:term":[{"taxonomy":"product_brand","embeddable":true,"href":"https:\/\/zooprekes24.lt\/lv\/wp-json\/wp\/v2\/product_brand?post=22253"},{"taxonomy":"product_cat","embeddable":true,"href":"https:\/\/zooprekes24.lt\/lv\/wp-json\/wp\/v2\/product_cat?post=22253"},{"taxonomy":"product_tag","embeddable":true,"href":"https:\/\/zooprekes24.lt\/lv\/wp-json\/wp\/v2\/product_tag?post=22253"}],"curies":[{"name":"wp","href":"https:\/\/api.w.org\/{rel}","templated":true}]}}