{"id":22245,"date":"2024-04-18T21:20:43","date_gmt":"2024-04-18T18:20:43","guid":{"rendered":"https:\/\/zooprekes24.lt\/produktas\/brit-care-crunchy-snack-insects-rabbit\/"},"modified":"2024-06-20T17:09:31","modified_gmt":"2024-06-20T14:09:31","slug":"brit-care-kraukskigas-uzkodas-kukaini-trusis","status":"publish","type":"product","link":"https:\/\/zooprekes24.lt\/lv\/produktas\/brit-care-crunchy-snack-insects-rabbit\/","title":{"rendered":"Brit Care Crunchy Snack Insects ar tru\u0161u k\u0101rumiem su\u0146iem 200 g"},"content":{"rendered":"<h3>Brit Care Crunchy Snack Insects with Rabbit - funkcion\u0101lais uztura bag\u0101tin\u0101t\u0101js pieaugu\u0161ajiem <a href=\"https:\/\/zooprekes24.lt\/lv\/kategorija\/prekes-sunims\/\" target=\"_blank\" rel=\"noopener\">Su\u0146iem<\/a> ar kukai\u0146iem un tru\u0161iem, bag\u0101tin\u0101ts ar fenheli. Piem\u0113rots k\u0101 balva treni\u0146u laik\u0101 vai vienk\u0101r\u0161i k\u0101 ikdienas k\u0101rums.<\/h3>\n<ul>\n<li>Vesel\u012bgas un gar\u0161\u012bgas balvas.<\/li>\n<li><a href=\"https:\/\/brit-petfood.com\/en\" target=\"_blank\" rel=\"noopener\">Brit<\/a> Care Crunchy Snack pal\u012bdz uztur\u0113t im\u016bnsist\u0113mu.<\/li>\n<li>Augsts tauksk\u0101bju saturs vesel\u012bgai \u0101dai un sp\u012bd\u012bgam ka\u017eokam.<\/li>\n<li>Kukai\u0146u olbaltumvielas - lieliska sagremojam\u012bba un zems aler\u0123ijas risks.<\/li>\n<li>Videi draudz\u012bgs, p\u0101rstr\u0101d\u0101jams iepakojums un zems CO2 emisijas nospiedums.<\/li>\n<\/ul>","protected":false},"excerpt":{"rendered":"<p>Brit Care Crunchy Snack Insects with Rabbit &#8211; funkcinis pa\u0161aro papildas suaugusiems \u0161unims su vabzd\u017eiais ir triu\u0161iena, praturtintas pankoliais. Tinka kaip atlygis dresavimo metu arba tiesiog kaip kasdienis skan\u0117stas. Sveikas ir skanus atlygis. Brit Care Crunchy Snack padeda palaikyti imunin\u0119 sistem\u0105. Didelis riebal\u0173 r\u016bg\u0161\u010di\u0173 kiekis sveikai odai ir blizgan\u010diam kailiui. Vabzd\u017ei\u0173 baltymai &#8211; puikus vir\u0161kinamumas&#8230;<\/p>","protected":false},"featured_media":27583,"comment_status":"closed","ping_status":"closed","template":"","meta":{"_acf_changed":false,"slim_seo":{"title":"Brit Care Crunchy Snack Insects with Rabbit skan\u0117stai \u0161unims 200 g - Zooprekes24","description":"Brit Care Crunchy Snack Insects with Rabbit ir funkcion\u0101ls uztura bag\u0101tin\u0101t\u0101js pieaugu\u0161iem su\u0146iem, bag\u0101tin\u0101ts ar fenheli, kukai\u0146iem un tru\u0161iem. Piem\u0113rots k\u0101 balva"},"iawp_total_views":65},"product_brand":[],"product_cat":[9029,9032,8999,31,30],"product_tag":[871,4591,385,386,391],"class_list":{"0":"post-22245","1":"product","2":"type-product","3":"status-publish","4":"has-post-thumbnail","6":"product_cat-brit-care","7":"product_cat-sausainiai-ir-kepinukai","8":"product_cat-sunims","9":"product_cat-sunu-prekiu-gamintojai","10":"product_cat-sunu-skanestai","11":"product_tag-brit-skanestai-suniui","12":"product_tag-funkciniai-skanestai-sunims","13":"product_tag-skanestas-suns-dresiravimui","14":"product_tag-skanukai-sunims","15":"product_tag-traskus-skanestai-sunims","16":"pa_pasaro-sudetis-darzoves","17":"pa_pasaro-sudetis-kepeneles","18":"pa_pasaro-sudetis-triusiena","19":"pa_pasaro-sudetis-vabzdziai","20":"pa_pasaro-sudetis-vaisiai","21":"pa_prekiu-zenklai-brit-care","22":"pa_suns-amzius-suaugusiems","23":"pa_veisles-dydis-didelems-veislems","24":"pa_veisles-dydis-mazoms-veislems","25":"pa_veisles-dydis-vidutinems-veislems","26":"pa_veisles-dydis-visu-dydziu-veislems","28":"first","29":"instock","30":"featured","31":"taxable","32":"shipping-taxable","33":"purchasable","34":"product-type-simple"},"acf":[],"_links":{"self":[{"href":"https:\/\/zooprekes24.lt\/lv\/wp-json\/wp\/v2\/product\/22245","targetHints":{"allow":["GET"]}}],"collection":[{"href":"https:\/\/zooprekes24.lt\/lv\/wp-json\/wp\/v2\/product"}],"about":[{"href":"https:\/\/zooprekes24.lt\/lv\/wp-json\/wp\/v2\/types\/product"}],"replies":[{"embeddable":true,"href":"https:\/\/zooprekes24.lt\/lv\/wp-json\/wp\/v2\/comments?post=22245"}],"wp:featuredmedia":[{"embeddable":true,"href":"https:\/\/zooprekes24.lt\/lv\/wp-json\/wp\/v2\/media\/27583"}],"wp:attachment":[{"href":"https:\/\/zooprekes24.lt\/lv\/wp-json\/wp\/v2\/media?parent=22245"}],"wp:term":[{"taxonomy":"product_brand","embeddable":true,"href":"https:\/\/zooprekes24.lt\/lv\/wp-json\/wp\/v2\/product_brand?post=22245"},{"taxonomy":"product_cat","embeddable":true,"href":"https:\/\/zooprekes24.lt\/lv\/wp-json\/wp\/v2\/product_cat?post=22245"},{"taxonomy":"product_tag","embeddable":true,"href":"https:\/\/zooprekes24.lt\/lv\/wp-json\/wp\/v2\/product_tag?post=22245"}],"curies":[{"name":"wp","href":"https:\/\/api.w.org\/{rel}","templated":true}]}}