{"id":22244,"date":"2024-04-18T21:20:43","date_gmt":"2024-04-18T18:20:43","guid":{"rendered":"https:\/\/zooprekes24.lt\/produktas\/brit-premium-sterilised-multipack\/"},"modified":"2026-04-01T18:43:55","modified_gmt":"2026-04-01T16:43:55","slug":"brit-premium-sterilizeta-multipakete","status":"publish","type":"product","link":"https:\/\/zooprekes24.lt\/lv\/produktas\/brit-premium-sterilised-multipack\/","title":{"rendered":"Brit Premium Sterilised Multipack ka\u0137u bar\u012bbas konservi m\u0113rc\u0113"},"content":{"rendered":"<h3>Brit Premium Sterilised Multipack Konservas m\u0113rc\u0113 ir sabalans\u0113ta mitr\u0101 ka\u0137u bar\u012bba maisi\u0146\u0101 pieaugu\u0161iem steriliz\u0113tiem ka\u0137iem no 1 gada vecuma. T\u0101 ir pieejama ar 4 da\u017e\u0101d\u0101m gar\u0161\u0101m: vistas, j\u0113ra, aknu un la\u0161a.<\/h3>\n<ul>\n<li><span style=\"vertical-align: inherit\"><span style=\"vertical-align: inherit\"><span style=\"vertical-align: inherit\"><span style=\"vertical-align: inherit\">Nesatur m\u0101ksl\u012bg\u0101s kr\u0101svielas un konservantus<\/span><\/span><\/span><\/span>.<\/li>\n<li>4 da\u017e\u0101du gar\u0161u konservi kast\u012bt\u0113 pa 3 gabali\u0146iem, kop\u0101 12 gabali\u0146i.<\/li>\n<li><span style=\"vertical-align: inherit\"><span style=\"vertical-align: inherit\"><span style=\"vertical-align: inherit\"><span style=\"vertical-align: inherit\"><a href=\"https:\/\/brit-petfood.com\/en\/company-profile\" target=\"_blank\" rel=\"noopener\">Brit<\/a> Premium Steriliz\u0113to konservu komplekts pieaugu\u0161iem, steriliz\u0113tiem su\u0146iem <\/span><\/span><\/span><\/span><a href=\"https:\/\/zooprekes24.lt\/lv\/kategorija\/prekes-katems\/\" target=\"_blank\" rel=\"noopener\"><span style=\"vertical-align: inherit\"><span style=\"vertical-align: inherit\"><span style=\"vertical-align: inherit\"><span style=\"vertical-align: inherit\">ka\u0137iem<\/span><\/span><\/span><\/span><\/a><span style=\"vertical-align: inherit\"><span style=\"vertical-align: inherit\"><span style=\"vertical-align: inherit\"><span style=\"vertical-align: inherit\">.<\/span><\/span><\/span><\/span><\/li>\n<li>Taur\u012bns, kas ir neaizst\u0101jama aminosk\u0101be ur\u012bna bar\u012bb\u0101, pal\u012bdz uztur\u0113t ka\u0137a sirdi un redzi veselu.<\/li>\n<li>Komplekt\u0101 ietilpst popul\u0101r\u0101k\u0101s vistas steriliz\u0113tas, j\u0113ra steriliz\u0113tas, aknu steriliz\u0113tas un la\u0161a steriliz\u0113tas \u0161\u0137irnes.<\/li>\n<\/ul>","protected":false},"excerpt":{"rendered":"<p>Brit Premium Sterilised Multipack konserv\u0173 rinkinys pada\u017ee &#8211; tai subalansuotas \u0161lapias ka\u010di\u0173 pa\u0161aras mai\u0161elyje, skirtas suaugusioms, sterilizuotoms kat\u0117ms nuo 1 met\u0173 am\u017eiaus. D\u0117\u017eut\u0117je net 4 skirtingi konserv\u0173 skoniai: vi\u0161tienos, \u0117rienos, kepen\u0117li\u0173 ir la\u0161i\u0161os. Sud\u0117tyje n\u0117ra dirbtini\u0173 da\u017eikli\u0173 ir konservant\u0173. D\u0117\u017eut\u0117je 4 skirting\u012f konserv\u0173 skoniai po 3 vnt, bendras konserv\u0173 kiekis &#8211; 12 vnt. Brit Premium&#8230;<\/p>","protected":false},"featured_media":28262,"comment_status":"closed","ping_status":"closed","template":"","meta":{"_acf_changed":false,"slim_seo":{"title":"Brit Premium Sterilised Multipack konserv\u0173 rinkinys kat\u0117ms pada\u017ee - Zooprekes24","description":"Brit Premium Sterilised Multipack Konservas m\u0113rc\u0113 ir sabalans\u0113ta mitr\u0101 ka\u0137u bar\u012bba maisi\u0146\u0101 pieaugu\u0161iem, steriliz\u0113tiem ka\u0137iem no 1 gada."},"iawp_total_views":219},"product_brand":[],"product_cat":[9048,72,83,25,9020],"product_tag":[5945,5947,5954,4511,2173],"class_list":{"0":"post-22244","1":"product","2":"type-product","3":"status-publish","4":"has-post-thumbnail","6":"product_cat-brit-premium-kaciu-prekiu-gamintojai","7":"product_cat-kaciu-maistas","8":"product_cat-kaciu-prekiu-gamintojai","9":"product_cat-katems","10":"product_cat-slapias-maistas-kaciu-maistas","11":"product_tag-brit-konservu-rinkinys","12":"product_tag-brit-premium-family-plate","13":"product_tag-brit-slapias-maistas-katems","14":"product_tag-konservu-rinkiniai-katems","15":"product_tag-konservuotas-maistas-katems","16":"pa_pasaro-sudetis-eriena","17":"pa_pasaro-sudetis-kepeneles","18":"pa_pasaro-sudetis-lasisa","19":"pa_pasaro-sudetis-vistiena","20":"pa_pasaro-sudetis-zuvis","21":"pa_prekiu-zenklai-brit-premium","23":"first","24":"instock","25":"featured","26":"taxable","27":"shipping-taxable","28":"purchasable","29":"product-type-simple"},"acf":[],"_links":{"self":[{"href":"https:\/\/zooprekes24.lt\/lv\/wp-json\/wp\/v2\/product\/22244","targetHints":{"allow":["GET"]}}],"collection":[{"href":"https:\/\/zooprekes24.lt\/lv\/wp-json\/wp\/v2\/product"}],"about":[{"href":"https:\/\/zooprekes24.lt\/lv\/wp-json\/wp\/v2\/types\/product"}],"replies":[{"embeddable":true,"href":"https:\/\/zooprekes24.lt\/lv\/wp-json\/wp\/v2\/comments?post=22244"}],"wp:featuredmedia":[{"embeddable":true,"href":"https:\/\/zooprekes24.lt\/lv\/wp-json\/wp\/v2\/media\/28262"}],"wp:attachment":[{"href":"https:\/\/zooprekes24.lt\/lv\/wp-json\/wp\/v2\/media?parent=22244"}],"wp:term":[{"taxonomy":"product_brand","embeddable":true,"href":"https:\/\/zooprekes24.lt\/lv\/wp-json\/wp\/v2\/product_brand?post=22244"},{"taxonomy":"product_cat","embeddable":true,"href":"https:\/\/zooprekes24.lt\/lv\/wp-json\/wp\/v2\/product_cat?post=22244"},{"taxonomy":"product_tag","embeddable":true,"href":"https:\/\/zooprekes24.lt\/lv\/wp-json\/wp\/v2\/product_tag?post=22244"}],"curies":[{"name":"wp","href":"https:\/\/api.w.org\/{rel}","templated":true}]}}