{"id":22243,"date":"2024-04-18T21:20:43","date_gmt":"2024-04-18T18:20:43","guid":{"rendered":"https:\/\/zooprekes24.lt\/produktas\/canvit-mobility-skanestai-sunims\/"},"modified":"2024-07-22T15:13:32","modified_gmt":"2024-07-22T12:13:32","slug":"canvit-mobilitates-skenesana-suniem","status":"publish","type":"product","link":"https:\/\/zooprekes24.lt\/lv\/produktas\/canvit-mobility-skanestai-sunims\/","title":{"rendered":"Canvit Mobility na\u0161\u0137i su\u0146iem 200 g"},"content":{"rendered":"<h3>Canvit Mobility - da\u013c\u0113ji mitra funkcion\u0101la uzkoda pieaugu\u0161ajiem un vec\u0101ka gadag\u0101juma cilv\u0113kiem <a href=\"https:\/\/zooprekes24.lt\/lv\/kategorija\/prekes-sunims\/\" target=\"_blank\" rel=\"noopener\">Su\u0146iem<\/a>mobilit\u0101tes probl\u0113mu atvieglo\u0161anai un profilaksei. Hondroprote\u012bnu un akt\u012bvo sast\u0101vda\u013cu kombin\u0101cija pal\u012bdz dz\u012bvniekiem viegl\u0101k p\u0101rvietoties.\u00a0<a href=\"https:\/\/www.canvit.cz\/en\/about-us\/\" target=\"_blank\" rel=\"noopener\">Canvit<\/a> ir atjaunin\u0101ts gardumu sast\u0101vs:<\/h3>\n<ul>\n<li>C vitam\u012bns.<\/li>\n<li>Hondroit\u012bns.<\/li>\n<li>Glikozam\u012bns.<\/li>\n<li>Olu \u010daumalas membr\u0101na.<\/li>\n<li>Metilsulfonilmet\u0101ns (MSM).<\/li>\n<li>Gaury's Lilija (Augs, Gredzenveida Lianas -\u00a0<a href=\"https:\/\/lt.wikipedia.org\/wiki\/Gauruotoji_unkarija\" target=\"_blank\" rel=\"noopener\"><em>Uncaria tomentosa<\/em><\/a>).<\/li>\n<\/ul>","protected":false},"excerpt":{"rendered":"<p>Canvit Mobility ir da\u013c\u0113ji mitra funkcion\u0101la uzkoda pieaugu\u0161iem un vec\u0101kiem su\u0146iem, kas pal\u012bdz mazin\u0101t un nov\u0113rst kust\u012bbu probl\u0113mas. Hondroprote\u012bnu un akt\u012bvo sast\u0101vda\u013cu kombin\u0101cija pal\u012bdz veicin\u0101t kust\u012bgumu. Canvit na\u0161\u0137i ir papildin\u0101ti ar C vitam\u012bnu un hondroit\u012bnu. Glikozam\u012bns. Olu \u010daumalu membr\u0101na. Metilsulfonilmet\u0101ns (MSM). Uncaria tomentosa (augs ar gredzenveida li\u0101nu).<\/p>","protected":false},"featured_media":19179,"comment_status":"closed","ping_status":"closed","template":"","meta":{"_acf_changed":false,"slim_seo":{"title":"Canvit Mobility skan\u0117stai \u0161unims 200 g - Zooprekes24","description":"Canvit Mobility ir da\u013c\u0113ji mitra funkcion\u0101la uzkoda pieaugu\u0161iem un vec\u0101kiem su\u0146iem, kas atvieglo un nov\u0113r\u0161 kust\u012bbu probl\u0113mas. Chondrop"},"iawp_total_views":67},"product_brand":[],"product_cat":[9021,9030,8999,31,30],"product_tag":[4591,385,386],"class_list":{"0":"post-22243","1":"product","2":"type-product","3":"status-publish","4":"has-post-thumbnail","6":"product_cat-canvit-sunims","7":"product_cat-minksti-kramtalai","8":"product_cat-sunims","9":"product_cat-sunu-prekiu-gamintojai","10":"product_cat-sunu-skanestai","11":"product_tag-funkciniai-skanestai-sunims","12":"product_tag-skanestas-suns-dresiravimui","13":"product_tag-skanukai-sunims","14":"pa_pasaro-sudetis-bulves","15":"pa_pasaro-sudetis-kepeneles","16":"pa_pasaro-sudetis-vistiena","17":"pa_prekiu-zenklai-canvit","18":"pa_suns-amzius-senjorams","19":"pa_suns-amzius-suaugusiems","20":"pa_veisles-dydis-didelems-veislems","21":"pa_veisles-dydis-mazoms-veislems","22":"pa_veisles-dydis-vidutinems-veislems","23":"pa_veisles-dydis-visu-dydziu-veislems","25":"first","26":"instock","27":"featured","28":"taxable","29":"shipping-taxable","30":"purchasable","31":"product-type-simple"},"acf":[],"_links":{"self":[{"href":"https:\/\/zooprekes24.lt\/lv\/wp-json\/wp\/v2\/product\/22243","targetHints":{"allow":["GET"]}}],"collection":[{"href":"https:\/\/zooprekes24.lt\/lv\/wp-json\/wp\/v2\/product"}],"about":[{"href":"https:\/\/zooprekes24.lt\/lv\/wp-json\/wp\/v2\/types\/product"}],"replies":[{"embeddable":true,"href":"https:\/\/zooprekes24.lt\/lv\/wp-json\/wp\/v2\/comments?post=22243"}],"wp:featuredmedia":[{"embeddable":true,"href":"https:\/\/zooprekes24.lt\/lv\/wp-json\/wp\/v2\/media\/19179"}],"wp:attachment":[{"href":"https:\/\/zooprekes24.lt\/lv\/wp-json\/wp\/v2\/media?parent=22243"}],"wp:term":[{"taxonomy":"product_brand","embeddable":true,"href":"https:\/\/zooprekes24.lt\/lv\/wp-json\/wp\/v2\/product_brand?post=22243"},{"taxonomy":"product_cat","embeddable":true,"href":"https:\/\/zooprekes24.lt\/lv\/wp-json\/wp\/v2\/product_cat?post=22243"},{"taxonomy":"product_tag","embeddable":true,"href":"https:\/\/zooprekes24.lt\/lv\/wp-json\/wp\/v2\/product_tag?post=22243"}],"curies":[{"name":"wp","href":"https:\/\/api.w.org\/{rel}","templated":true}]}}