{"id":22242,"date":"2024-04-18T21:20:43","date_gmt":"2024-04-18T18:20:43","guid":{"rendered":"https:\/\/zooprekes24.lt\/produktas\/canvit-dental-skanestai-sunims\/"},"modified":"2024-07-19T16:53:55","modified_gmt":"2024-07-19T13:53:55","slug":"canvit-zobu-testi-suniem","status":"publish","type":"product","link":"https:\/\/zooprekes24.lt\/lv\/produktas\/canvit-dental-skanestai-sunims\/","title":{"rendered":"Canvit Zobu k\u0101rumi su\u0146iem 200 g"},"content":{"rendered":"<h3>Canvit Dental - da\u013c\u0113ji mitra funkcion\u0101la uzkoda pieaugu\u0161ajiem un vec\u0101kiem cilv\u0113kiem <a href=\"https:\/\/zooprekes24.lt\/lv\/kategorija\/prekes-sunims\/\" target=\"_blank\" rel=\"noopener\">Su\u0146iem<\/a>ikdienas zobu kop\u0161anai. Akt\u012bv\u0101s sast\u0101vda\u013cas un pretiekaisuma l\u012bdzek\u013ci pal\u012bdz nodro\u0161in\u0101t pareizu mutes dobuma vesel\u012bbu. <a href=\"https:\/\/www.canvit.cz\/en\/about-us\/\" target=\"_blank\" rel=\"noopener\">Canvit<\/a> ir atjaunin\u0101ts gardumu sast\u0101vs:<\/h3>\n<ul>\n<li>C vitam\u012bns.<\/li>\n<li>N\u0101trija heksametafosf\u0101ts.<\/li>\n<li>Hlorella ar za\u013caj\u0101m a\u013c\u0123\u0113m <em>(Chlorella a\u013c\u0123es).<\/em><\/li>\n<\/ul>","protected":false},"excerpt":{"rendered":"<p>Canvit Dental ir da\u013c\u0113ji mitra funkcion\u0101la uzkoda pieaugu\u0161iem un vec\u0101kiem su\u0146iem ikdienas zobu kop\u0161anai. Akt\u012bv\u0101s sast\u0101vda\u013cas un pretiekaisuma z\u0101les pal\u012bdz nodro\u0161in\u0101t pareizu mutes dobuma vesel\u012bbu. Canvit na\u0161\u0137i ir papildin\u0101ti ar C vitam\u012bnu un n\u0101trija heksametafosf\u0101tu. Hlorellas a\u013c\u0123es.<\/p>","protected":false},"featured_media":19178,"comment_status":"closed","ping_status":"closed","template":"","meta":{"_acf_changed":false,"slim_seo":{"title":"Canvit Dental skan\u0117stai \u0161unims 200 g - Zooprekes24","description":"Canvit Dental ir da\u013c\u0113ji mitra funkcion\u0101la uzkoda pieaugu\u0161iem un vec\u0101kiem su\u0146iem ikdienas zobu kop\u0161anai. Akt\u012bv\u0101s sast\u0101vda\u013cas un pret"},"iawp_total_views":83},"product_brand":[],"product_cat":[9021,9030,8999,31,30],"product_tag":[4591,385,386],"class_list":{"0":"post-22242","1":"product","2":"type-product","3":"status-publish","4":"has-post-thumbnail","6":"product_cat-canvit-sunims","7":"product_cat-minksti-kramtalai","8":"product_cat-sunims","9":"product_cat-sunu-prekiu-gamintojai","10":"product_cat-sunu-skanestai","11":"product_tag-funkciniai-skanestai-sunims","12":"product_tag-skanestas-suns-dresiravimui","13":"product_tag-skanukai-sunims","14":"pa_pasaro-sudetis-bulves","15":"pa_pasaro-sudetis-kepeneles","16":"pa_pasaro-sudetis-vistiena","17":"pa_prekiu-zenklai-canvit","18":"pa_suns-amzius-senjorams","19":"pa_suns-amzius-suaugusiems","20":"pa_veisles-dydis-didelems-veislems","21":"pa_veisles-dydis-mazoms-veislems","22":"pa_veisles-dydis-vidutinems-veislems","23":"pa_veisles-dydis-visu-dydziu-veislems","25":"first","26":"instock","27":"featured","28":"taxable","29":"shipping-taxable","30":"purchasable","31":"product-type-simple"},"acf":[],"_links":{"self":[{"href":"https:\/\/zooprekes24.lt\/lv\/wp-json\/wp\/v2\/product\/22242","targetHints":{"allow":["GET"]}}],"collection":[{"href":"https:\/\/zooprekes24.lt\/lv\/wp-json\/wp\/v2\/product"}],"about":[{"href":"https:\/\/zooprekes24.lt\/lv\/wp-json\/wp\/v2\/types\/product"}],"replies":[{"embeddable":true,"href":"https:\/\/zooprekes24.lt\/lv\/wp-json\/wp\/v2\/comments?post=22242"}],"wp:featuredmedia":[{"embeddable":true,"href":"https:\/\/zooprekes24.lt\/lv\/wp-json\/wp\/v2\/media\/19178"}],"wp:attachment":[{"href":"https:\/\/zooprekes24.lt\/lv\/wp-json\/wp\/v2\/media?parent=22242"}],"wp:term":[{"taxonomy":"product_brand","embeddable":true,"href":"https:\/\/zooprekes24.lt\/lv\/wp-json\/wp\/v2\/product_brand?post=22242"},{"taxonomy":"product_cat","embeddable":true,"href":"https:\/\/zooprekes24.lt\/lv\/wp-json\/wp\/v2\/product_cat?post=22242"},{"taxonomy":"product_tag","embeddable":true,"href":"https:\/\/zooprekes24.lt\/lv\/wp-json\/wp\/v2\/product_tag?post=22242"}],"curies":[{"name":"wp","href":"https:\/\/api.w.org\/{rel}","templated":true}]}}