{"id":22241,"date":"2024-04-18T21:20:43","date_gmt":"2024-04-18T18:20:43","guid":{"rendered":"https:\/\/zooprekes24.lt\/produktas\/canvit-immunity-skanestai-sunims\/"},"modified":"2024-12-10T14:17:10","modified_gmt":"2024-12-10T12:17:10","slug":"canvit-imunitates-skenesana-suniem","status":"publish","type":"product","link":"https:\/\/zooprekes24.lt\/lv\/produktas\/canvit-immunity-skanestai-sunims\/","title":{"rendered":"Canvit Imunit\u0101tes k\u0101rumi su\u0146iem 200 g"},"content":{"rendered":"<h3>Canvit Immunity - da\u013c\u0113ji mitra funkcion\u0101la uzkoda pieaugu\u0161ajiem <a href=\"https:\/\/zooprekes24.lt\/lv\/kategorija\/prekes-sunims\/\" target=\"_blank\" rel=\"noopener\">Su\u0146iem<\/a>optim\u0101lam imunit\u0101tes atbalstam. Dabisk\u0101s vielas un vitam\u012bni pal\u012bdz stiprin\u0101t organisma aizsargsp\u0113jas. <a href=\"https:\/\/www.canvit.cz\/en\/about-us\/\" target=\"_blank\" rel=\"noopener\">Canvit<\/a> ir atjaunin\u0101ts gardumu sast\u0101vs:<\/h3>\n<ul>\n<li>Spirul\u012bna.<\/li>\n<li>C vitam\u012bns.<\/li>\n<li>Probiotikas<\/li>\n<li>me\u017eroz\u012btes.<\/li>\n<li>alus raugs (beta-glik\u0101nu avots).<\/li>\n<\/ul>","protected":false},"excerpt":{"rendered":"<p>Canvit Immunity ir da\u013c\u0113ji mitra funkcion\u0101la uzkoda pieaugu\u0161iem su\u0146iem, kas paredz\u0113ta optim\u0101lai imunit\u0101tes uztur\u0113\u0161anai. Dabiskas vielas un vitam\u012bni pal\u012bdz stiprin\u0101t organisma aizsargsp\u0113jas. Canvit na\u0161\u0137i ir papildin\u0101ti ar spirul\u012bnu. C vitam\u012bns. Probiotikas. alus raugs (beta-glik\u0101nu avots).<\/p>","protected":false},"featured_media":19177,"comment_status":"closed","ping_status":"closed","template":"","meta":{"_acf_changed":false,"slim_seo":{"title":"Canvit Immunity skan\u0117stai \u0161unims 200 g - Zooprekes24","description":"Canvit Immunity - pusiau dr\u0117gnas funkcionalus u\u017ekandis suaugusiems \u0161unims , skirtas optimaliam imuniteto palaikymui. Nat\u016bralios med\u017eiagos ir vitaminai padeda su"},"iawp_total_views":57},"product_brand":[],"product_cat":[9021,9030,8999,31,30],"product_tag":[4591,385,386],"class_list":{"0":"post-22241","1":"product","2":"type-product","3":"status-publish","4":"has-post-thumbnail","6":"product_cat-canvit-sunims","7":"product_cat-minksti-kramtalai","8":"product_cat-sunims","9":"product_cat-sunu-prekiu-gamintojai","10":"product_cat-sunu-skanestai","11":"product_tag-funkciniai-skanestai-sunims","12":"product_tag-skanestas-suns-dresiravimui","13":"product_tag-skanukai-sunims","14":"pa_pasaro-sudetis-bulves","15":"pa_pasaro-sudetis-eriena","16":"pa_pasaro-sudetis-kepeneles","17":"pa_prekiu-zenklai-canvit","18":"pa_suns-amzius-suaugusiems","19":"pa_veisles-dydis-didelems-veislems","20":"pa_veisles-dydis-mazoms-veislems","21":"pa_veisles-dydis-vidutinems-veislems","22":"pa_veisles-dydis-visu-dydziu-veislems","24":"first","25":"instock","26":"featured","27":"taxable","28":"shipping-taxable","29":"purchasable","30":"product-type-simple"},"acf":[],"_links":{"self":[{"href":"https:\/\/zooprekes24.lt\/lv\/wp-json\/wp\/v2\/product\/22241","targetHints":{"allow":["GET"]}}],"collection":[{"href":"https:\/\/zooprekes24.lt\/lv\/wp-json\/wp\/v2\/product"}],"about":[{"href":"https:\/\/zooprekes24.lt\/lv\/wp-json\/wp\/v2\/types\/product"}],"replies":[{"embeddable":true,"href":"https:\/\/zooprekes24.lt\/lv\/wp-json\/wp\/v2\/comments?post=22241"}],"wp:featuredmedia":[{"embeddable":true,"href":"https:\/\/zooprekes24.lt\/lv\/wp-json\/wp\/v2\/media\/19177"}],"wp:attachment":[{"href":"https:\/\/zooprekes24.lt\/lv\/wp-json\/wp\/v2\/media?parent=22241"}],"wp:term":[{"taxonomy":"product_brand","embeddable":true,"href":"https:\/\/zooprekes24.lt\/lv\/wp-json\/wp\/v2\/product_brand?post=22241"},{"taxonomy":"product_cat","embeddable":true,"href":"https:\/\/zooprekes24.lt\/lv\/wp-json\/wp\/v2\/product_cat?post=22241"},{"taxonomy":"product_tag","embeddable":true,"href":"https:\/\/zooprekes24.lt\/lv\/wp-json\/wp\/v2\/product_tag?post=22241"}],"curies":[{"name":"wp","href":"https:\/\/api.w.org\/{rel}","templated":true}]}}